{"id":840,"date":"2024-08-07T14:28:16","date_gmt":"2024-08-07T12:28:16","guid":{"rendered":"https:\/\/mp4mentors.eu\/?page_id=840"},"modified":"2025-05-20T22:02:12","modified_gmt":"2025-05-20T20:02:12","slug":"samarbetspartners","status":"publish","type":"page","link":"https:\/\/mp4mentors.eu\/sv\/samarbetspartners\/","title":{"rendered":"Samarbetspartners"},"content":{"rendered":"<div data-elementor-type=\"wp-page\" data-elementor-id=\"840\" class=\"elementor elementor-840\">\n\t\t\t\t\t\t<section class=\"elementor-section elementor-top-section elementor-element elementor-element-26d39f6c elementor-section-full_width elementor-section-height-default elementor-section-height-default\" data-id=\"26d39f6c\" data-element_type=\"section\" data-settings=\"{&quot;background_background&quot;:&quot;classic&quot;}\">\n\t\t\t\t\t\t<div class=\"elementor-container elementor-column-gap-default\">\n\t\t\t\t\t<div class=\"elementor-column elementor-col-100 elementor-top-column elementor-element elementor-element-56a00d4b\" data-id=\"56a00d4b\" data-element_type=\"column\">\n\t\t\t<div class=\"elementor-widget-wrap elementor-element-populated\">\n\t\t\t\t\t\t<div class=\"elementor-element elementor-element-7cd423b elementor-widget__width-initial elementor-hidden-tablet elementor-hidden-mobile elementor-widget elementor-widget-spacer\" data-id=\"7cd423b\" data-element_type=\"widget\" data-widget_type=\"spacer.default\">\n\t\t\t\t<div class=\"elementor-widget-container\">\n\t\t\t\t\t\t\t<div class=\"elementor-spacer\">\n\t\t\t<div class=\"elementor-spacer-inner\"><\/div>\n\t\t<\/div>\n\t\t\t\t\t\t<\/div>\n\t\t\t\t<\/div>\n\t\t\t\t<div class=\"elementor-element elementor-element-22c1358 elementor-widget__width-initial elementor-hidden-tablet elementor-hidden-mobile elementor-widget elementor-widget-spacer\" data-id=\"22c1358\" data-element_type=\"widget\" data-widget_type=\"spacer.default\">\n\t\t\t\t<div class=\"elementor-widget-container\">\n\t\t\t\t\t\t\t<div class=\"elementor-spacer\">\n\t\t\t<div class=\"elementor-spacer-inner\"><\/div>\n\t\t<\/div>\n\t\t\t\t\t\t<\/div>\n\t\t\t\t<\/div>\n\t\t\t\t<div class=\"elementor-element elementor-element-4e96464 elementor-widget elementor-widget-heading\" data-id=\"4e96464\" data-element_type=\"widget\" data-widget_type=\"heading.default\">\n\t\t\t\t<div class=\"elementor-widget-container\">\n\t\t\t\t\t<h2 class=\"elementor-heading-title elementor-size-default\">Samarbetspartners<\/h2>\t\t\t\t<\/div>\n\t\t\t\t<\/div>\n\t\t\t\t\t<\/div>\n\t\t<\/div>\n\t\t\t\t\t<\/div>\n\t\t<\/section>\n\t\t\t\t<section class=\"elementor-section elementor-top-section elementor-element elementor-element-98b17e5 elementor-section-boxed elementor-section-height-default elementor-section-height-default\" data-id=\"98b17e5\" data-element_type=\"section\">\n\t\t\t\t\t\t\t<div class=\"elementor-background-overlay\"><\/div>\n\t\t\t\t\t\t\t<div class=\"elementor-container elementor-column-gap-default\">\n\t\t\t\t\t<div class=\"elementor-column elementor-col-50 elementor-top-column elementor-element elementor-element-d6e2ccd\" data-id=\"d6e2ccd\" data-element_type=\"column\">\n\t\t\t<div class=\"elementor-widget-wrap elementor-element-populated\">\n\t\t\t\t\t\t<div class=\"elementor-element elementor-element-8fe3833 elementor-widget-mobile__width-initial elementor-widget elementor-widget-image\" data-id=\"8fe3833\" data-element_type=\"widget\" data-widget_type=\"image.default\">\n\t\t\t\t<div class=\"elementor-widget-container\">\n\t\t\t\t\t\t\t\t\t\t\t\t\t\t\t\t<a href=\"https:\/\/mirakademien.com\/\">\n\t\t\t\t\t\t\t<img fetchpriority=\"high\" decoding=\"async\" width=\"300\" height=\"300\" src=\"https:\/\/mp4mentors.eu\/wp-content\/uploads\/2025\/04\/Logotypes-Mir-black_D_D\u00beD\u00bdN_D\u00b0D\u00b6D\u00bdD\u00b0-D\u00beD\u00b1DD\u00b0N_N_N_-1-300x300.png\" class=\"attachment-medium size-medium wp-image-4282\" alt=\"\" srcset=\"https:\/\/mp4mentors.eu\/wp-content\/uploads\/2025\/04\/Logotypes-Mir-black_D_D\u00beD\u00bdN_D\u00b0D\u00b6D\u00bdD\u00b0-D\u00beD\u00b1DD\u00b0N_N_N_-1-300x300.png 300w, https:\/\/mp4mentors.eu\/wp-content\/uploads\/2025\/04\/Logotypes-Mir-black_D_D\u00beD\u00bdN_D\u00b0D\u00b6D\u00bdD\u00b0-D\u00beD\u00b1DD\u00b0N_N_N_-1-1024x1024.png 1024w, https:\/\/mp4mentors.eu\/wp-content\/uploads\/2025\/04\/Logotypes-Mir-black_D_D\u00beD\u00bdN_D\u00b0D\u00b6D\u00bdD\u00b0-D\u00beD\u00b1DD\u00b0N_N_N_-1-150x150.png 150w, https:\/\/mp4mentors.eu\/wp-content\/uploads\/2025\/04\/Logotypes-Mir-black_D_D\u00beD\u00bdN_D\u00b0D\u00b6D\u00bdD\u00b0-D\u00beD\u00b1DD\u00b0N_N_N_-1-768x768.png 768w, https:\/\/mp4mentors.eu\/wp-content\/uploads\/2025\/04\/Logotypes-Mir-black_D_D\u00beD\u00bdN_D\u00b0D\u00b6D\u00bdD\u00b0-D\u00beD\u00b1DD\u00b0N_N_N_-1-1536x1536.png 1536w, https:\/\/mp4mentors.eu\/wp-content\/uploads\/2025\/04\/Logotypes-Mir-black_D_D\u00beD\u00bdN_D\u00b0D\u00b6D\u00bdD\u00b0-D\u00beD\u00b1DD\u00b0N_N_N_-1-2048x2048.png 2048w, https:\/\/mp4mentors.eu\/wp-content\/uploads\/2025\/04\/Logotypes-Mir-black_D_D\u00beD\u00bdN_D\u00b0D\u00b6D\u00bdD\u00b0-D\u00beD\u00b1DD\u00b0N_N_N_-1-12x12.png 12w\" sizes=\"(max-width: 300px) 100vw, 300px\" \/>\t\t\t\t\t\t\t\t<\/a>\n\t\t\t\t\t\t\t\t\t\t\t\t\t\t\t<\/div>\n\t\t\t\t<\/div>\n\t\t\t\t\t<\/div>\n\t\t<\/div>\n\t\t\t\t<div class=\"elementor-column elementor-col-50 elementor-top-column elementor-element elementor-element-ea5c405\" data-id=\"ea5c405\" data-element_type=\"column\">\n\t\t\t<div class=\"elementor-widget-wrap elementor-element-populated\">\n\t\t\t\t\t\t<div class=\"elementor-element elementor-element-01f8eed elementor-widget elementor-widget-text-editor\" data-id=\"01f8eed\" data-element_type=\"widget\" data-widget_type=\"text-editor.default\">\n\t\t\t\t<div class=\"elementor-widget-container\">\n\t\t\t\t\t\t\t\t\t<p>MIR Akademien \u00e4r en utbildnings- och konsultorganisation som arbetar med social utveckling med fokus p\u00e5 m\u00e5ngfald, m\u00e4nskliga r\u00e4ttigheter och h\u00e5llbar utveckling. Vi arbetar med social innovation genom en rad olika tj\u00e4nster s\u00e5som forskning, utveckling av utbildningsl\u00f6sningar, genomf\u00f6rande av utbildning och individuell r\u00e5dgivning till organisationer och individer baserat p\u00e5 verkliga behov.<\/p>\t\t\t\t\t\t\t\t<\/div>\n\t\t\t\t<\/div>\n\t\t\t\t\t<\/div>\n\t\t<\/div>\n\t\t\t\t\t<\/div>\n\t\t<\/section>\n\t\t\t\t<section class=\"elementor-section elementor-top-section elementor-element elementor-element-3afdce3 elementor-section-boxed elementor-section-height-default elementor-section-height-default\" data-id=\"3afdce3\" data-element_type=\"section\">\n\t\t\t\t\t\t\t<div class=\"elementor-background-overlay\"><\/div>\n\t\t\t\t\t\t\t<div class=\"elementor-container elementor-column-gap-default\">\n\t\t\t\t\t<div class=\"elementor-column elementor-col-50 elementor-top-column elementor-element elementor-element-5465c13\" data-id=\"5465c13\" data-element_type=\"column\">\n\t\t\t<div class=\"elementor-widget-wrap elementor-element-populated\">\n\t\t\t\t\t\t<div class=\"elementor-element elementor-element-d5dcc01 elementor-widget elementor-widget-text-editor\" data-id=\"d5dcc01\" data-element_type=\"widget\" data-widget_type=\"text-editor.default\">\n\t\t\t\t<div class=\"elementor-widget-container\">\n\t\t\t\t\t\t\t\t\t<p>VAEV Research and Development Agency GmbH, med s\u00e4te i Wien, \u00d6sterrike, \u00e4r en fram\u00e5tblickande organisation som \u00e4gnar sig \u00e5t banbrytande forskning och utveckling. Med ett prim\u00e4rt fokus p\u00e5 innovation engagerar de sig i projekt som sp\u00e4nner \u00f6ver olika branscher och bidrar till framsteg inom kunskap och teknik.<\/p>\t\t\t\t\t\t\t\t<\/div>\n\t\t\t\t<\/div>\n\t\t\t\t\t<\/div>\n\t\t<\/div>\n\t\t\t\t<div class=\"elementor-column elementor-col-50 elementor-top-column elementor-element elementor-element-4179715\" data-id=\"4179715\" data-element_type=\"column\">\n\t\t\t<div class=\"elementor-widget-wrap elementor-element-populated\">\n\t\t\t\t\t\t<div class=\"elementor-element elementor-element-8f918de elementor-widget elementor-widget-image\" data-id=\"8f918de\" data-element_type=\"widget\" data-widget_type=\"image.default\">\n\t\t\t\t<div class=\"elementor-widget-container\">\n\t\t\t\t\t\t\t\t\t\t\t\t\t\t\t\t<a href=\"https:\/\/vaev.at\">\n\t\t\t\t\t\t\t<img decoding=\"async\" width=\"266\" height=\"300\" src=\"https:\/\/mp4mentors.eu\/wp-content\/uploads\/2024\/05\/adadw-266x300.png\" class=\"attachment-medium size-medium wp-image-525\" alt=\"\" srcset=\"https:\/\/mp4mentors.eu\/wp-content\/uploads\/2024\/05\/adadw-266x300.png 266w, https:\/\/mp4mentors.eu\/wp-content\/uploads\/2024\/05\/adadw.png 474w\" sizes=\"(max-width: 266px) 100vw, 266px\" \/>\t\t\t\t\t\t\t\t<\/a>\n\t\t\t\t\t\t\t\t\t\t\t\t\t\t\t<\/div>\n\t\t\t\t<\/div>\n\t\t\t\t\t<\/div>\n\t\t<\/div>\n\t\t\t\t\t<\/div>\n\t\t<\/section>\n\t\t\t\t<section class=\"elementor-section elementor-top-section elementor-element elementor-element-133db3c elementor-section-boxed elementor-section-height-default elementor-section-height-default\" data-id=\"133db3c\" data-element_type=\"section\">\n\t\t\t\t\t\t\t<div class=\"elementor-background-overlay\"><\/div>\n\t\t\t\t\t\t\t<div class=\"elementor-container elementor-column-gap-default\">\n\t\t\t\t\t<div class=\"elementor-column elementor-col-50 elementor-top-column elementor-element elementor-element-47f6ba0\" data-id=\"47f6ba0\" data-element_type=\"column\">\n\t\t\t<div class=\"elementor-widget-wrap elementor-element-populated\">\n\t\t\t\t\t\t<div class=\"elementor-element elementor-element-91657d8 elementor-widget elementor-widget-image\" data-id=\"91657d8\" data-element_type=\"widget\" data-widget_type=\"image.default\">\n\t\t\t\t<div class=\"elementor-widget-container\">\n\t\t\t\t\t\t\t\t\t\t\t\t\t\t\t\t<a href=\"https:\/\/jovesolides.org\/\">\n\t\t\t\t\t\t\t<img decoding=\"async\" width=\"300\" height=\"300\" src=\"https:\/\/mp4mentors.eu\/wp-content\/uploads\/2024\/01\/Logo-Jovesolides-Vertical-300x300.png\" class=\"attachment-medium size-medium wp-image-249\" alt=\"\" srcset=\"https:\/\/mp4mentors.eu\/wp-content\/uploads\/2024\/01\/Logo-Jovesolides-Vertical-300x300.png 300w, https:\/\/mp4mentors.eu\/wp-content\/uploads\/2024\/01\/Logo-Jovesolides-Vertical-1024x1024.png 1024w, https:\/\/mp4mentors.eu\/wp-content\/uploads\/2024\/01\/Logo-Jovesolides-Vertical-150x150.png 150w, https:\/\/mp4mentors.eu\/wp-content\/uploads\/2024\/01\/Logo-Jovesolides-Vertical-768x768.png 768w, https:\/\/mp4mentors.eu\/wp-content\/uploads\/2024\/01\/Logo-Jovesolides-Vertical.png 1198w\" sizes=\"(max-width: 300px) 100vw, 300px\" \/>\t\t\t\t\t\t\t\t<\/a>\n\t\t\t\t\t\t\t\t\t\t\t\t\t\t\t<\/div>\n\t\t\t\t<\/div>\n\t\t\t\t\t<\/div>\n\t\t<\/div>\n\t\t\t\t<div class=\"elementor-column elementor-col-50 elementor-top-column elementor-element elementor-element-f8dd7c5\" data-id=\"f8dd7c5\" data-element_type=\"column\">\n\t\t\t<div class=\"elementor-widget-wrap elementor-element-populated\">\n\t\t\t\t\t\t<div class=\"elementor-element elementor-element-c9bc194 elementor-widget elementor-widget-text-editor\" data-id=\"c9bc194\" data-element_type=\"widget\" data-widget_type=\"text-editor.default\">\n\t\t\t\t<div class=\"elementor-widget-container\">\n\t\t\t\t\t\t\t\t\t<p>Joves\u00f3lides \u00e4r en icke-statlig organisation som \u00e4r baserad i n\u00e4rheten av staden Valencia. Dess program \u00e4r inriktade p\u00e5 social integration och social innovation, vilket ger f\u00f6rb\u00e4ttringar i livet f\u00f6r olika utsatta samh\u00e4llen och samh\u00e4llet som helhet. Organisationen fr\u00e4mjar socialt engagemang genom innovativa initiativ, som involverar m\u00e4nniskor och grupper i att ta itu med olika sociala utmaningar som social utslagning, oj\u00e4mlik tillg\u00e5ng till tj\u00e4nster och m\u00f6jligheter, digital klyfta osv.<\/p>\t\t\t\t\t\t\t\t<\/div>\n\t\t\t\t<\/div>\n\t\t\t\t\t<\/div>\n\t\t<\/div>\n\t\t\t\t\t<\/div>\n\t\t<\/section>\n\t\t\t\t<section class=\"elementor-section elementor-top-section elementor-element elementor-element-fa9543e elementor-section-boxed elementor-section-height-default elementor-section-height-default\" data-id=\"fa9543e\" data-element_type=\"section\">\n\t\t\t\t\t\t\t<div class=\"elementor-background-overlay\"><\/div>\n\t\t\t\t\t\t\t<div class=\"elementor-container elementor-column-gap-default\">\n\t\t\t\t\t<div class=\"elementor-column elementor-col-50 elementor-top-column elementor-element elementor-element-5aa88cc\" data-id=\"5aa88cc\" data-element_type=\"column\">\n\t\t\t<div class=\"elementor-widget-wrap elementor-element-populated\">\n\t\t\t\t\t\t<div class=\"elementor-element elementor-element-3eb3893 elementor-widget elementor-widget-text-editor\" data-id=\"3eb3893\" data-element_type=\"widget\" data-widget_type=\"text-editor.default\">\n\t\t\t\t<div class=\"elementor-widget-container\">\n\t\t\t\t\t\t\t\t\t<p>Hub Nicosia, en icke-statlig utbildningsorganisation, har som m\u00e5l att bli landets f\u00f6rsta inkubator f\u00f6r sociala f\u00f6retag. Hub Nicosia mobiliserar ungdomar f\u00f6r medborgerligt, politiskt och ekonomiskt engagemang och erbjuder utbildningsm\u00f6jligheter i mjuka \u00e4mnen, syssels\u00e4ttning och f\u00f6retagande. Dessutom fr\u00e4mjar man interkulturell dialog genom konst och \u00f6kar medvetenheten om globala fr\u00e5gor.<\/p>\t\t\t\t\t\t\t\t<\/div>\n\t\t\t\t<\/div>\n\t\t\t\t\t<\/div>\n\t\t<\/div>\n\t\t\t\t<div class=\"elementor-column elementor-col-50 elementor-top-column elementor-element elementor-element-33a898a\" data-id=\"33a898a\" data-element_type=\"column\">\n\t\t\t<div class=\"elementor-widget-wrap elementor-element-populated\">\n\t\t\t\t\t\t<div class=\"elementor-element elementor-element-07b78e0 elementor-widget elementor-widget-image\" data-id=\"07b78e0\" data-element_type=\"widget\" data-widget_type=\"image.default\">\n\t\t\t\t<div class=\"elementor-widget-container\">\n\t\t\t\t\t\t\t\t\t\t\t\t\t\t\t\t<a href=\"https:\/\/www.hubnicosia.org\/\">\n\t\t\t\t\t\t\t<img loading=\"lazy\" decoding=\"async\" width=\"300\" height=\"300\" src=\"https:\/\/mp4mentors.eu\/wp-content\/uploads\/2024\/01\/hub-nicosia-logo-1-300x300.png\" class=\"attachment-medium size-medium wp-image-250\" alt=\"\" srcset=\"https:\/\/mp4mentors.eu\/wp-content\/uploads\/2024\/01\/hub-nicosia-logo-1-300x300.png 300w, https:\/\/mp4mentors.eu\/wp-content\/uploads\/2024\/01\/hub-nicosia-logo-1-150x150.png 150w, https:\/\/mp4mentors.eu\/wp-content\/uploads\/2024\/01\/hub-nicosia-logo-1-768x770.png 768w, https:\/\/mp4mentors.eu\/wp-content\/uploads\/2024\/01\/hub-nicosia-logo-1.png 836w\" sizes=\"(max-width: 300px) 100vw, 300px\" \/>\t\t\t\t\t\t\t\t<\/a>\n\t\t\t\t\t\t\t\t\t\t\t\t\t\t\t<\/div>\n\t\t\t\t<\/div>\n\t\t\t\t\t<\/div>\n\t\t<\/div>\n\t\t\t\t\t<\/div>\n\t\t<\/section>\n\t\t\t\t<section class=\"elementor-section elementor-top-section elementor-element elementor-element-b68f51f elementor-section-boxed elementor-section-height-default elementor-section-height-default\" data-id=\"b68f51f\" data-element_type=\"section\">\n\t\t\t\t\t\t\t<div class=\"elementor-background-overlay\"><\/div>\n\t\t\t\t\t\t\t<div class=\"elementor-container elementor-column-gap-default\">\n\t\t\t\t\t<div class=\"elementor-column elementor-col-50 elementor-top-column elementor-element elementor-element-aa1f359\" data-id=\"aa1f359\" data-element_type=\"column\">\n\t\t\t<div class=\"elementor-widget-wrap elementor-element-populated\">\n\t\t\t\t\t\t<div class=\"elementor-element elementor-element-d77de59 elementor-widget elementor-widget-image\" data-id=\"d77de59\" data-element_type=\"widget\" data-widget_type=\"image.default\">\n\t\t\t\t<div class=\"elementor-widget-container\">\n\t\t\t\t\t\t\t\t\t\t\t\t\t\t\t\t<a href=\"https:\/\/scoutsociety.ro\/\">\n\t\t\t\t\t\t\t<img loading=\"lazy\" decoding=\"async\" width=\"300\" height=\"141\" src=\"https:\/\/mp4mentors.eu\/wp-content\/uploads\/2024\/01\/ScoutSocietyLogo-1-300x141.png\" class=\"attachment-medium size-medium wp-image-251\" alt=\"\" srcset=\"https:\/\/mp4mentors.eu\/wp-content\/uploads\/2024\/01\/ScoutSocietyLogo-1-300x141.png 300w, https:\/\/mp4mentors.eu\/wp-content\/uploads\/2024\/01\/ScoutSocietyLogo-1-768x360.png 768w, https:\/\/mp4mentors.eu\/wp-content\/uploads\/2024\/01\/ScoutSocietyLogo-1.png 810w\" sizes=\"(max-width: 300px) 100vw, 300px\" \/>\t\t\t\t\t\t\t\t<\/a>\n\t\t\t\t\t\t\t\t\t\t\t\t\t\t\t<\/div>\n\t\t\t\t<\/div>\n\t\t\t\t\t<\/div>\n\t\t<\/div>\n\t\t\t\t<div class=\"elementor-column elementor-col-50 elementor-top-column elementor-element elementor-element-73b02c1\" data-id=\"73b02c1\" data-element_type=\"column\">\n\t\t\t<div class=\"elementor-widget-wrap elementor-element-populated\">\n\t\t\t\t\t\t<div class=\"elementor-element elementor-element-15012f6 elementor-widget elementor-widget-text-editor\" data-id=\"15012f6\" data-element_type=\"widget\" data-widget_type=\"text-editor.default\">\n\t\t\t\t<div class=\"elementor-widget-container\">\n\t\t\t\t\t\t\t\t\t<p>Scout Society Association, som grundades 2011 i Rum\u00e4nien, \u00e4r en dynamisk icke-statlig organisation som specialiserar sig p\u00e5 icke-formell utbildning. V\u00e5rt fokus ligger p\u00e5 att st\u00f6dja utvecklingen av unga individer och fr\u00e4mja deras sociala integration. Vi str\u00e4var efter att bek\u00e4mpa arbetsl\u00f6shet, fr\u00e4mja entrepren\u00f6rskap och uppmuntra aktivt medborgarskap genom en rad olika aktiviteter, bland annat internationell utbildning, ungdomsutbyten, kulturevenemang och workshops. Dessutom f\u00f6respr\u00e5kar vi volont\u00e4rarbete och h\u00e4lsosamma livsstilar samtidigt som vi bedriver forskning och publicerar f\u00f6r att fr\u00e4mja v\u00e5ra m\u00e5l.<\/p>\t\t\t\t\t\t\t\t<\/div>\n\t\t\t\t<\/div>\n\t\t\t\t\t<\/div>\n\t\t<\/div>\n\t\t\t\t\t<\/div>\n\t\t<\/section>\n\t\t\t\t<\/div>","protected":false},"excerpt":{"rendered":"<p>Samarbetspartners MIR Akademien \u00e4r en utbildnings- och konsultorganisation som arbetar med social utveckling med fokus p\u00e5 m\u00e5ngfald, m\u00e4nskliga r\u00e4ttigheter och h\u00e5llbar utveckling. Vi arbetar med social innovation genom en rad olika tj\u00e4nster s\u00e5som forskning, utveckling av utbildningsl\u00f6sningar, genomf\u00f6rande av utbildning och individuell r\u00e5dgivning till organisationer och individer baserat p\u00e5 verkliga behov. VAEV Research and Development [&hellip;]<\/p>","protected":false},"author":1,"featured_media":0,"parent":0,"menu_order":0,"comment_status":"closed","ping_status":"closed","template":"elementor_header_footer","meta":{"ngg_post_thumbnail":0,"footnotes":""},"class_list":["post-840","page","type-page","status-publish","hentry"],"_links":{"self":[{"href":"https:\/\/mp4mentors.eu\/sv\/wp-json\/wp\/v2\/pages\/840","targetHints":{"allow":["GET"]}}],"collection":[{"href":"https:\/\/mp4mentors.eu\/sv\/wp-json\/wp\/v2\/pages"}],"about":[{"href":"https:\/\/mp4mentors.eu\/sv\/wp-json\/wp\/v2\/types\/page"}],"author":[{"embeddable":true,"href":"https:\/\/mp4mentors.eu\/sv\/wp-json\/wp\/v2\/users\/1"}],"replies":[{"embeddable":true,"href":"https:\/\/mp4mentors.eu\/sv\/wp-json\/wp\/v2\/comments?post=840"}],"version-history":[{"count":7,"href":"https:\/\/mp4mentors.eu\/sv\/wp-json\/wp\/v2\/pages\/840\/revisions"}],"predecessor-version":[{"id":4633,"href":"https:\/\/mp4mentors.eu\/sv\/wp-json\/wp\/v2\/pages\/840\/revisions\/4633"}],"wp:attachment":[{"href":"https:\/\/mp4mentors.eu\/sv\/wp-json\/wp\/v2\/media?parent=840"}],"curies":[{"name":"wp","href":"https:\/\/api.w.org\/{rel}","templated":true}]}}