{"id":815,"date":"2024-08-07T14:00:35","date_gmt":"2024-08-07T12:00:35","guid":{"rendered":"https:\/\/mp4mentors.eu\/?page_id=815"},"modified":"2025-07-31T00:01:00","modified_gmt":"2025-07-30T22:01:00","slug":"projektresultat","status":"publish","type":"page","link":"https:\/\/mp4mentors.eu\/sv\/projektresultat\/","title":{"rendered":"Projektresultat"},"content":{"rendered":"<div data-elementor-type=\"wp-page\" data-elementor-id=\"815\" class=\"elementor elementor-815\">\n\t\t\t\t\t\t<section class=\"elementor-section elementor-top-section elementor-element elementor-element-3dafd1a elementor-section-boxed elementor-section-height-default elementor-section-height-default\" data-id=\"3dafd1a\" data-element_type=\"section\" data-e-type=\"section\">\n\t\t\t\t\t\t<div class=\"elementor-container elementor-column-gap-default\">\n\t\t\t\t\t<div class=\"elementor-column elementor-col-100 elementor-top-column elementor-element elementor-element-6e997cc\" data-id=\"6e997cc\" data-element_type=\"column\" data-e-type=\"column\">\n\t\t\t<div class=\"elementor-widget-wrap elementor-element-populated\">\n\t\t\t\t\t\t<div class=\"elementor-element elementor-element-03e17d3 elementor-widget elementor-widget-heading\" data-id=\"03e17d3\" data-element_type=\"widget\" data-e-type=\"widget\" data-widget_type=\"heading.default\">\n\t\t\t\t<div class=\"elementor-widget-container\">\n\t\t\t\t\t<h1 class=\"elementor-heading-title elementor-size-default\">Projektresultat<\/h1>\t\t\t\t<\/div>\n\t\t\t\t<\/div>\n\t\t\t\t<div class=\"elementor-element elementor-element-f8c1e60 elementor-widget elementor-widget-text-editor\" data-id=\"f8c1e60\" data-element_type=\"widget\" data-e-type=\"widget\" data-widget_type=\"text-editor.default\">\n\t\t\t\t<div class=\"elementor-widget-container\">\n\t\t\t\t\t\t\t\t\t<p>MP4Mentors-projektet syftar till att uppn\u00e5 konkreta och effektfulla resultat som bidrar till utvecklingen av mentorer och samordnare inom den frivilliga sektorn, vilket i slut\u00e4ndan f\u00f6rb\u00e4ttrar ungdomars upplevelse med volont\u00e4rarbete. Projektets resultat kategoriseras utifr\u00e5n respektive arbetspaket, vilket visar p\u00e5 ett tydligt approach f\u00f6r att tillgodose de identifierade behoven.<\/p>\t\t\t\t\t\t\t\t<\/div>\n\t\t\t\t<\/div>\n\t\t\t\t\t<\/div>\n\t\t<\/div>\n\t\t\t\t\t<\/div>\n\t\t<\/section>\n\t\t\t\t<section class=\"elementor-section elementor-top-section elementor-element elementor-element-2ec6953 elementor-section-boxed elementor-section-height-default elementor-section-height-default\" data-id=\"2ec6953\" data-element_type=\"section\" data-e-type=\"section\">\n\t\t\t\t\t\t<div class=\"elementor-container elementor-column-gap-default\">\n\t\t\t\t\t<div class=\"elementor-column elementor-col-100 elementor-top-column elementor-element elementor-element-500e724\" data-id=\"500e724\" data-element_type=\"column\" data-e-type=\"column\">\n\t\t\t<div class=\"elementor-widget-wrap elementor-element-populated\">\n\t\t\t\t\t\t<div class=\"elementor-element elementor-element-379a62c elementor-widget elementor-widget-image\" data-id=\"379a62c\" data-element_type=\"widget\" data-e-type=\"widget\" data-widget_type=\"image.default\">\n\t\t\t\t<div class=\"elementor-widget-container\">\n\t\t\t\t\t\t\t\t\t\t\t\t\t\t\t<img fetchpriority=\"high\" decoding=\"async\" width=\"1557\" height=\"798\" src=\"https:\/\/mp4mentors.eu\/wp-content\/uploads\/2024\/05\/22.jpg\" class=\"attachment-full size-full wp-image-444\" alt=\"\" srcset=\"https:\/\/mp4mentors.eu\/wp-content\/uploads\/2024\/05\/22.jpg 1557w, https:\/\/mp4mentors.eu\/wp-content\/uploads\/2024\/05\/22-300x154.jpg 300w, https:\/\/mp4mentors.eu\/wp-content\/uploads\/2024\/05\/22-1024x525.jpg 1024w, https:\/\/mp4mentors.eu\/wp-content\/uploads\/2024\/05\/22-768x394.jpg 768w, https:\/\/mp4mentors.eu\/wp-content\/uploads\/2024\/05\/22-1536x787.jpg 1536w\" sizes=\"(max-width: 1557px) 100vw, 1557px\" \/>\t\t\t\t\t\t\t\t\t\t\t\t\t\t\t<\/div>\n\t\t\t\t<\/div>\n\t\t\t\t\t<\/div>\n\t\t<\/div>\n\t\t\t\t\t<\/div>\n\t\t<\/section>\n\t\t\t\t<section class=\"elementor-section elementor-top-section elementor-element elementor-element-0e3594e elementor-section-boxed elementor-section-height-default elementor-section-height-default\" data-id=\"0e3594e\" data-element_type=\"section\" data-e-type=\"section\">\n\t\t\t\t\t\t<div class=\"elementor-container elementor-column-gap-default\">\n\t\t\t\t\t<div class=\"elementor-column elementor-col-50 elementor-top-column elementor-element elementor-element-d9a4c25\" data-id=\"d9a4c25\" data-element_type=\"column\" data-e-type=\"column\" data-settings=\"{&quot;background_background&quot;:&quot;classic&quot;}\">\n\t\t\t<div class=\"elementor-widget-wrap elementor-element-populated\">\n\t\t\t\t\t\t<div class=\"elementor-element elementor-element-16be6e9 elementor-widget__width-initial elementor-widget elementor-widget-heading\" data-id=\"16be6e9\" data-element_type=\"widget\" data-e-type=\"widget\" data-widget_type=\"heading.default\">\n\t\t\t\t<div class=\"elementor-widget-container\">\n\t\t\t\t\t<h3 class=\"elementor-heading-title elementor-size-default\">Arbetspaket 2 (WP2): V\u00e4gledande principer och b\u00e4sta praxis,<\/h3>\t\t\t\t<\/div>\n\t\t\t\t<\/div>\n\t\t\t\t<div class=\"elementor-element elementor-element-3406429 elementor-widget__width-initial elementor-widget elementor-widget-text-editor\" data-id=\"3406429\" data-element_type=\"widget\" data-e-type=\"widget\" data-widget_type=\"text-editor.default\">\n\t\t\t\t<div class=\"elementor-widget-container\">\n\t\t\t\t\t\t\t\t\t<p><a href=\"https:\/\/mp4mentors.eu\/wp-content\/uploads\/2025\/06\/MP4Mentors_Guiding-Principles_Swedish.pdf\">V\u00e4gledande principer: Ramverk f\u00f6r effektivt mentorskap och samordning.<\/a><\/p><p>Rapport om behovsanalys: Detaljerar utmaningar och v\u00e4gleder till skr\u00e4ddarsydda l\u00f6sningar.<\/p><p>B\u00e4sta praxis: Sammanst\u00e4llning av bepr\u00f6vade strategier inom volont\u00e4rarbete.<\/p><p>E-broschyr: Sammanfattar viktiga resultat, principer och b\u00e4sta praxis.<\/p>\t\t\t\t\t\t\t\t<\/div>\n\t\t\t\t<\/div>\n\t\t\t\t<div class=\"elementor-element elementor-element-d2ebf24 elementor-widget elementor-widget-jkit_button\" data-id=\"d2ebf24\" data-element_type=\"widget\" data-e-type=\"widget\" data-widget_type=\"jkit_button.default\">\n\t\t\t\t<div class=\"elementor-widget-container\">\n\t\t\t\t\t<div  class=\"jeg-elementor-kit jkit-button  icon-position-before jeg_module___69f2247799419\" ><a href=\"https:\/\/mp4mentors.eu\/wp-content\/uploads\/2025\/06\/MP4Mentors_Guiding-Principles_Swedish.pdf\" class=\"jkit-button-wrapper\" target=\"_blank\"><i aria-hidden=\"true\" class=\"jki jki-diploma-light\"><\/i><\/a><\/div>\t\t\t\t<\/div>\n\t\t\t\t<\/div>\n\t\t\t\t<div class=\"elementor-element elementor-element-faba558 elementor-widget elementor-widget-jkit_button\" data-id=\"faba558\" data-element_type=\"widget\" data-e-type=\"widget\" data-widget_type=\"jkit_button.default\">\n\t\t\t\t<div class=\"elementor-widget-container\">\n\t\t\t\t\t<div  class=\"jeg-elementor-kit jkit-button  icon-position-before jeg_module__1_69f2247799d1b\" ><a href=\"https:\/\/mp4mentors.eu\/wp-content\/uploads\/2025\/07\/MP4Mentors-Needs-Analysis-Report.docx-1.pdf\" class=\"jkit-button-wrapper\" target=\"_blank\"><i aria-hidden=\"true\" class=\"jki jki-diploma-light\"><\/i>Needs Analysis Report<\/a><\/div>\t\t\t\t<\/div>\n\t\t\t\t<\/div>\n\t\t\t\t<div class=\"elementor-element elementor-element-11e90c2 elementor-widget elementor-widget-jkit_button\" data-id=\"11e90c2\" data-element_type=\"widget\" data-e-type=\"widget\" data-widget_type=\"jkit_button.default\">\n\t\t\t\t<div class=\"elementor-widget-container\">\n\t\t\t\t\t<div  class=\"jeg-elementor-kit jkit-button  icon-position-before jeg_module__2_69f224779a493\" ><a href=\"https:\/\/mp4mentors.eu\/wp-content\/uploads\/2025\/07\/MP4Mentors-Report-with-Best-Practices-Fin.pdf\" class=\"jkit-button-wrapper\" target=\"_blank\"><i aria-hidden=\"true\" class=\"jki jki-diploma-light\"><\/i>Report on best practices in volunteering programs<\/a><\/div>\t\t\t\t<\/div>\n\t\t\t\t<\/div>\n\t\t\t\t\t<\/div>\n\t\t<\/div>\n\t\t\t\t<div class=\"elementor-column elementor-col-50 elementor-top-column elementor-element elementor-element-c022d4f\" data-id=\"c022d4f\" data-element_type=\"column\" data-e-type=\"column\">\n\t\t\t<div class=\"elementor-widget-wrap elementor-element-populated\">\n\t\t\t\t\t\t<div class=\"elementor-element elementor-element-89bdc39 elementor-hidden-tablet elementor-hidden-mobile elementor-widget elementor-widget-image\" data-id=\"89bdc39\" data-element_type=\"widget\" data-e-type=\"widget\" data-widget_type=\"image.default\">\n\t\t\t\t<div class=\"elementor-widget-container\">\n\t\t\t\t\t\t\t\t\t\t\t\t\t\t\t<img decoding=\"async\" width=\"444\" height=\"400\" src=\"https:\/\/mp4mentors.eu\/wp-content\/uploads\/2024\/05\/12.png\" class=\"attachment-large size-large wp-image-450\" alt=\"\" srcset=\"https:\/\/mp4mentors.eu\/wp-content\/uploads\/2024\/05\/12.png 444w, https:\/\/mp4mentors.eu\/wp-content\/uploads\/2024\/05\/12-300x270.png 300w\" sizes=\"(max-width: 444px) 100vw, 444px\" \/>\t\t\t\t\t\t\t\t\t\t\t\t\t\t\t<\/div>\n\t\t\t\t<\/div>\n\t\t\t\t\t<\/div>\n\t\t<\/div>\n\t\t\t\t\t<\/div>\n\t\t<\/section>\n\t\t\t\t<section class=\"elementor-section elementor-top-section elementor-element elementor-element-34709d7 elementor-section-boxed elementor-section-height-default elementor-section-height-default\" data-id=\"34709d7\" data-element_type=\"section\" data-e-type=\"section\">\n\t\t\t\t\t\t<div class=\"elementor-container elementor-column-gap-default\">\n\t\t\t\t\t<div class=\"elementor-column elementor-col-50 elementor-top-column elementor-element elementor-element-4f617c4\" data-id=\"4f617c4\" data-element_type=\"column\" data-e-type=\"column\">\n\t\t\t<div class=\"elementor-widget-wrap elementor-element-populated\">\n\t\t\t\t\t\t<div class=\"elementor-element elementor-element-c14b734 elementor-hidden-tablet elementor-hidden-mobile elementor-widget elementor-widget-image\" data-id=\"c14b734\" data-element_type=\"widget\" data-e-type=\"widget\" data-widget_type=\"image.default\">\n\t\t\t\t<div class=\"elementor-widget-container\">\n\t\t\t\t\t\t\t\t\t\t\t\t\t\t\t<img decoding=\"async\" width=\"469\" height=\"501\" src=\"https:\/\/mp4mentors.eu\/wp-content\/uploads\/2024\/05\/3.png\" class=\"attachment-large size-large wp-image-449\" alt=\"\" srcset=\"https:\/\/mp4mentors.eu\/wp-content\/uploads\/2024\/05\/3.png 469w, https:\/\/mp4mentors.eu\/wp-content\/uploads\/2024\/05\/3-281x300.png 281w\" sizes=\"(max-width: 469px) 100vw, 469px\" \/>\t\t\t\t\t\t\t\t\t\t\t\t\t\t\t<\/div>\n\t\t\t\t<\/div>\n\t\t\t\t\t<\/div>\n\t\t<\/div>\n\t\t\t\t<div class=\"elementor-column elementor-col-50 elementor-top-column elementor-element elementor-element-eb9583f\" data-id=\"eb9583f\" data-element_type=\"column\" data-e-type=\"column\" data-settings=\"{&quot;background_background&quot;:&quot;classic&quot;}\">\n\t\t\t<div class=\"elementor-widget-wrap elementor-element-populated\">\n\t\t\t\t\t\t<div class=\"elementor-element elementor-element-4537213 elementor-widget__width-initial elementor-widget elementor-widget-heading\" data-id=\"4537213\" data-element_type=\"widget\" data-e-type=\"widget\" data-widget_type=\"heading.default\">\n\t\t\t\t<div class=\"elementor-widget-container\">\n\t\t\t\t\t<h3 class=\"elementor-heading-title elementor-size-default\">Arbetspaket 3 (WP3): Riktlinjer och informationsmaterial<\/h3>\t\t\t\t<\/div>\n\t\t\t\t<\/div>\n\t\t\t\t<div class=\"elementor-element elementor-element-2817350 elementor-widget__width-initial elementor-widget elementor-widget-text-editor\" data-id=\"2817350\" data-element_type=\"widget\" data-e-type=\"widget\" data-widget_type=\"text-editor.default\">\n\t\t\t\t<div class=\"elementor-widget-container\">\n\t\t\t\t\t\t\t\t\t<p>Riktlinjer: Steg-f\u00f6r-steg-instruktioner f\u00f6r effektiv programhantering. E-broschyr: Betonar riktlinjer f\u00f6r bredare tillg\u00e4nglighet.<\/p>\t\t\t\t\t\t\t\t<\/div>\n\t\t\t\t<\/div>\n\t\t\t\t\t<\/div>\n\t\t<\/div>\n\t\t\t\t\t<\/div>\n\t\t<\/section>\n\t\t\t\t<section class=\"elementor-section elementor-top-section elementor-element elementor-element-491ea06 elementor-section-boxed elementor-section-height-default elementor-section-height-default\" data-id=\"491ea06\" data-element_type=\"section\" data-e-type=\"section\">\n\t\t\t\t\t\t<div class=\"elementor-container elementor-column-gap-default\">\n\t\t\t\t\t<div class=\"elementor-column elementor-col-50 elementor-top-column elementor-element elementor-element-399ddfd\" data-id=\"399ddfd\" data-element_type=\"column\" data-e-type=\"column\">\n\t\t\t<div class=\"elementor-widget-wrap elementor-element-populated\">\n\t\t\t\t\t\t<div class=\"elementor-element elementor-element-62c38c2 elementor-hidden-tablet elementor-hidden-mobile elementor-widget elementor-widget-image\" data-id=\"62c38c2\" data-element_type=\"widget\" data-e-type=\"widget\" data-widget_type=\"image.default\">\n\t\t\t\t<div class=\"elementor-widget-container\">\n\t\t\t\t\t\t\t\t\t\t\t\t\t\t\t<img loading=\"lazy\" decoding=\"async\" width=\"1239\" height=\"1754\" src=\"https:\/\/mp4mentors.eu\/wp-content\/uploads\/2024\/12\/Sweden-MP4Mentors-Guide-001.jpg\" class=\"attachment-full size-full wp-image-1023\" alt=\"\" srcset=\"https:\/\/mp4mentors.eu\/wp-content\/uploads\/2024\/12\/Sweden-MP4Mentors-Guide-001.jpg 1239w, https:\/\/mp4mentors.eu\/wp-content\/uploads\/2024\/12\/Sweden-MP4Mentors-Guide-001-212x300.jpg 212w, https:\/\/mp4mentors.eu\/wp-content\/uploads\/2024\/12\/Sweden-MP4Mentors-Guide-001-723x1024.jpg 723w, https:\/\/mp4mentors.eu\/wp-content\/uploads\/2024\/12\/Sweden-MP4Mentors-Guide-001-768x1087.jpg 768w, https:\/\/mp4mentors.eu\/wp-content\/uploads\/2024\/12\/Sweden-MP4Mentors-Guide-001-1085x1536.jpg 1085w, https:\/\/mp4mentors.eu\/wp-content\/uploads\/2024\/12\/Sweden-MP4Mentors-Guide-001-8x12.jpg 8w\" sizes=\"(max-width: 1239px) 100vw, 1239px\" \/>\t\t\t\t\t\t\t\t\t\t\t\t\t\t\t<\/div>\n\t\t\t\t<\/div>\n\t\t\t\t\t<\/div>\n\t\t<\/div>\n\t\t\t\t<div class=\"elementor-column elementor-col-50 elementor-top-column elementor-element elementor-element-b559f1d\" data-id=\"b559f1d\" data-element_type=\"column\" data-e-type=\"column\" data-settings=\"{&quot;background_background&quot;:&quot;classic&quot;}\">\n\t\t\t<div class=\"elementor-widget-wrap elementor-element-populated\">\n\t\t\t\t\t\t<div class=\"elementor-element elementor-element-975f1a5 elementor-widget elementor-widget-heading\" data-id=\"975f1a5\" data-element_type=\"widget\" data-e-type=\"widget\" data-widget_type=\"heading.default\">\n\t\t\t\t<div class=\"elementor-widget-container\">\n\t\t\t\t\t<h2 class=\"elementor-heading-title elementor-size-default\">GUIDELINE<\/h2>\t\t\t\t<\/div>\n\t\t\t\t<\/div>\n\t\t\t\t<div class=\"elementor-element elementor-element-bdfcc71 elementor-widget elementor-widget-heading\" data-id=\"bdfcc71\" data-element_type=\"widget\" data-e-type=\"widget\" data-widget_type=\"heading.default\">\n\t\t\t\t<div class=\"elementor-widget-container\">\n\t\t\t\t\t<h5 class=\"elementor-heading-title elementor-size-default\">F\u00d6R\nVOLONT\u00c4RERNAS\nMENTORER OCH\nSAMORDNARE<\/h5>\t\t\t\t<\/div>\n\t\t\t\t<\/div>\n\t\t\t\t<div class=\"elementor-element elementor-element-b170acc elementor-widget elementor-widget-jkit_button\" data-id=\"b170acc\" data-element_type=\"widget\" data-e-type=\"widget\" data-widget_type=\"jkit_button.default\">\n\t\t\t\t<div class=\"elementor-widget-container\">\n\t\t\t\t\t<div  class=\"jeg-elementor-kit jkit-button  icon-position-before jeg_module__3_69f224779b043\" ><a href=\"https:\/\/mp4mentors.eu\/wp-content\/uploads\/2024\/12\/Sweden-MP4Mentors-Guide.pdf\" class=\"jkit-button-wrapper\" target=\"_blank\"><i aria-hidden=\"true\" class=\"jki jki-Download-light\"><\/i>Sweden<\/a><\/div>\t\t\t\t<\/div>\n\t\t\t\t<\/div>\n\t\t\t\t\t<\/div>\n\t\t<\/div>\n\t\t\t\t\t<\/div>\n\t\t<\/section>\n\t\t\t\t<section class=\"elementor-section elementor-top-section elementor-element elementor-element-548e7b6 elementor-section-boxed elementor-section-height-default elementor-section-height-default\" data-id=\"548e7b6\" data-element_type=\"section\" data-e-type=\"section\">\n\t\t\t\t\t\t<div class=\"elementor-container elementor-column-gap-default\">\n\t\t\t\t\t<div class=\"elementor-column elementor-col-50 elementor-top-column elementor-element elementor-element-2bc882b\" data-id=\"2bc882b\" data-element_type=\"column\" data-e-type=\"column\" data-settings=\"{&quot;background_background&quot;:&quot;classic&quot;}\">\n\t\t\t<div class=\"elementor-widget-wrap elementor-element-populated\">\n\t\t\t\t\t\t<div class=\"elementor-element elementor-element-4caf7e6 elementor-widget__width-initial elementor-widget elementor-widget-heading\" data-id=\"4caf7e6\" data-element_type=\"widget\" data-e-type=\"widget\" data-widget_type=\"heading.default\">\n\t\t\t\t<div class=\"elementor-widget-container\">\n\t\t\t\t\t<h3 class=\"elementor-heading-title elementor-size-default\">Arbetspaket 4 (WP4): Plattform f\u00f6r e-l\u00e4rande och utv\u00e4rderingsverktyg<\/h3>\t\t\t\t<\/div>\n\t\t\t\t<\/div>\n\t\t\t\t<div class=\"elementor-element elementor-element-08c7b6d elementor-widget__width-initial elementor-widget elementor-widget-text-editor\" data-id=\"08c7b6d\" data-element_type=\"widget\" data-e-type=\"widget\" data-widget_type=\"text-editor.default\">\n\t\t\t\t<div class=\"elementor-widget-container\">\n\t\t\t\t\t\t\t\t\t<p>Plattform f\u00f6r e-l\u00e4rande: Interaktiva moduler f\u00f6r kompetensh\u00f6jning. Sj\u00e4lvutv\u00e4rdering online: Verktyg f\u00f6r kontinuerlig f\u00f6rb\u00e4ttring. E-broschyr: Lyfter fram plattform och verktyg f\u00f6r bredare anv\u00e4ndning.<\/p>\t\t\t\t\t\t\t\t<\/div>\n\t\t\t\t<\/div>\n\t\t\t\t<div class=\"elementor-element elementor-element-69dfb8e elementor-widget elementor-widget-jkit_button\" data-id=\"69dfb8e\" data-element_type=\"widget\" data-e-type=\"widget\" data-widget_type=\"jkit_button.default\">\n\t\t\t\t<div class=\"elementor-widget-container\">\n\t\t\t\t\t<div  class=\"jeg-elementor-kit jkit-button  icon-position-before jeg_module__4_69f224779bbf4\" ><a href=\"https:\/\/mp4mentors.eu\/sv\/courses\/course\/\" class=\"jkit-button-wrapper\" target=\"_blank\"><i aria-hidden=\"true\" class=\"jki jki-diploma-light\"><\/i><\/a><\/div>\t\t\t\t<\/div>\n\t\t\t\t<\/div>\n\t\t\t\t\t<\/div>\n\t\t<\/div>\n\t\t\t\t<div class=\"elementor-column elementor-col-50 elementor-top-column elementor-element elementor-element-6ae43e5\" data-id=\"6ae43e5\" data-element_type=\"column\" data-e-type=\"column\">\n\t\t\t<div class=\"elementor-widget-wrap elementor-element-populated\">\n\t\t\t\t\t\t<div class=\"elementor-element elementor-element-de5eb17 elementor-hidden-tablet elementor-hidden-mobile elementor-widget elementor-widget-image\" data-id=\"de5eb17\" data-element_type=\"widget\" data-e-type=\"widget\" data-widget_type=\"image.default\">\n\t\t\t\t<div class=\"elementor-widget-container\">\n\t\t\t\t\t\t\t\t\t\t\t\t\t\t\t<img loading=\"lazy\" decoding=\"async\" width=\"454\" height=\"501\" src=\"https:\/\/mp4mentors.eu\/wp-content\/uploads\/2024\/05\/32.png\" class=\"attachment-large size-large wp-image-454\" alt=\"\" srcset=\"https:\/\/mp4mentors.eu\/wp-content\/uploads\/2024\/05\/32.png 454w, https:\/\/mp4mentors.eu\/wp-content\/uploads\/2024\/05\/32-272x300.png 272w\" sizes=\"(max-width: 454px) 100vw, 454px\" \/>\t\t\t\t\t\t\t\t\t\t\t\t\t\t\t<\/div>\n\t\t\t\t<\/div>\n\t\t\t\t\t<\/div>\n\t\t<\/div>\n\t\t\t\t\t<\/div>\n\t\t<\/section>\n\t\t\t\t<section class=\"elementor-section elementor-top-section elementor-element elementor-element-fbda86b elementor-section-boxed elementor-section-height-default elementor-section-height-default\" data-id=\"fbda86b\" data-element_type=\"section\" data-e-type=\"section\">\n\t\t\t\t\t\t<div class=\"elementor-container elementor-column-gap-default\">\n\t\t\t\t\t<div class=\"elementor-column elementor-col-100 elementor-top-column elementor-element elementor-element-38d426c\" data-id=\"38d426c\" data-element_type=\"column\" data-e-type=\"column\" data-settings=\"{&quot;background_background&quot;:&quot;classic&quot;}\">\n\t\t\t<div class=\"elementor-widget-wrap elementor-element-populated\">\n\t\t\t\t\t\t<div class=\"elementor-element elementor-element-3d73d3f elementor-widget elementor-widget-heading\" data-id=\"3d73d3f\" data-element_type=\"widget\" data-e-type=\"widget\" data-widget_type=\"heading.default\">\n\t\t\t\t<div class=\"elementor-widget-container\">\n\t\t\t\t\t<h2 class=\"elementor-heading-title elementor-size-default\">E-Brochures<\/h2>\t\t\t\t<\/div>\n\t\t\t\t<\/div>\n\t\t<div class=\"elementor-element elementor-element-49bc9c9 e-grid e-con-boxed e-con e-parent\" data-id=\"49bc9c9\" data-element_type=\"container\" data-e-type=\"container\">\n\t\t\t\t\t<div class=\"e-con-inner\">\n\t\t\t\t<div class=\"elementor-element elementor-element-adcc1bb elementor-widget elementor-widget-jkit_button\" data-id=\"adcc1bb\" data-element_type=\"widget\" data-e-type=\"widget\" data-widget_type=\"jkit_button.default\">\n\t\t\t\t<div class=\"elementor-widget-container\">\n\t\t\t\t\t<div  class=\"jeg-elementor-kit jkit-button  icon-position-before jeg_module__5_69f224779c33c\" ><a href=\"https:\/\/mp4mentors.eu\/wp-content\/uploads\/2025\/07\/MP4Mentors-e-brochure_01.pdf\" class=\"jkit-button-wrapper\" target=\"_blank\"><i aria-hidden=\"true\" class=\"jki jki-Download-light\"><\/i>WP1<\/a><\/div>\t\t\t\t<\/div>\n\t\t\t\t<\/div>\n\t\t\t\t<div class=\"elementor-element elementor-element-0b7ebdd elementor-widget elementor-widget-jkit_button\" data-id=\"0b7ebdd\" data-element_type=\"widget\" data-e-type=\"widget\" data-widget_type=\"jkit_button.default\">\n\t\t\t\t<div class=\"elementor-widget-container\">\n\t\t\t\t\t<div  class=\"jeg-elementor-kit jkit-button  icon-position-before jeg_module__6_69f224779ca67\" ><a href=\"https:\/\/mp4mentors.eu\/wp-content\/uploads\/2025\/07\/MP4Mentors-E-brochure-WP2-for-social-media.pdf\" class=\"jkit-button-wrapper\" target=\"_blank\"><i aria-hidden=\"true\" class=\"jki jki-Download-light\"><\/i>WP2<\/a><\/div>\t\t\t\t<\/div>\n\t\t\t\t<\/div>\n\t\t\t\t<div class=\"elementor-element elementor-element-357ec92 elementor-widget elementor-widget-jkit_button\" data-id=\"357ec92\" data-element_type=\"widget\" data-e-type=\"widget\" data-widget_type=\"jkit_button.default\">\n\t\t\t\t<div class=\"elementor-widget-container\">\n\t\t\t\t\t<div  class=\"jeg-elementor-kit jkit-button  icon-position-before jeg_module__7_69f224779d195\" ><a href=\"https:\/\/mp4mentors.eu\/wp-content\/uploads\/2025\/07\/MP4Mentors_WP3_Guidelines_E-brochure-1.pdf\" class=\"jkit-button-wrapper\" target=\"_blank\"><i aria-hidden=\"true\" class=\"jki jki-Download-light\"><\/i>WP3<\/a><\/div>\t\t\t\t<\/div>\n\t\t\t\t<\/div>\n\t\t\t\t<div class=\"elementor-element elementor-element-b05bbb1 elementor-widget elementor-widget-jkit_button\" data-id=\"b05bbb1\" data-element_type=\"widget\" data-e-type=\"widget\" data-widget_type=\"jkit_button.default\">\n\t\t\t\t<div class=\"elementor-widget-container\">\n\t\t\t\t\t<div  class=\"jeg-elementor-kit jkit-button  icon-position-before jeg_module__8_69f224779d8b2\" ><a href=\"https:\/\/mp4mentors.eu\/wp-content\/uploads\/2025\/07\/MP4Mentors_WP4_e-brochure-1.pdf\" class=\"jkit-button-wrapper\" target=\"_blank\"><i aria-hidden=\"true\" class=\"jki jki-Download-light\"><\/i>WP4<\/a><\/div>\t\t\t\t<\/div>\n\t\t\t\t<\/div>\n\t\t\t\t\t<\/div>\n\t\t\t\t<\/div>\n\t\t\t\t\t<\/div>\n\t\t<\/div>\n\t\t\t\t\t<\/div>\n\t\t<\/section>\n\t\t\t\t<section class=\"elementor-section elementor-top-section elementor-element elementor-element-5b076af elementor-section-boxed elementor-section-height-default elementor-section-height-default\" data-id=\"5b076af\" data-element_type=\"section\" data-e-type=\"section\">\n\t\t\t\t\t\t<div class=\"elementor-container elementor-column-gap-default\">\n\t\t\t\t\t<div class=\"elementor-column elementor-col-100 elementor-top-column elementor-element elementor-element-c06659c\" data-id=\"c06659c\" data-element_type=\"column\" data-e-type=\"column\">\n\t\t\t<div class=\"elementor-widget-wrap elementor-element-populated\">\n\t\t\t\t\t\t<div class=\"elementor-element elementor-element-d02d11e elementor-widget elementor-widget-text-editor\" data-id=\"d02d11e\" data-element_type=\"widget\" data-e-type=\"widget\" data-widget_type=\"text-editor.default\">\n\t\t\t\t<div class=\"elementor-widget-container\">\n\t\t\t\t\t\t\t\t\t<p>Vi inbjuder dig att utforska alla resurser och verktyg som tillhandah\u00e5lls genom v\u00e5ra arbetspaket. Tillsammans kan vi forts\u00e4tta att f\u00f6rb\u00e4ttra kompetensen, st\u00f6dsystemen och de upps\u00f6kande insatserna f\u00f6r volont\u00e4rer och samordnare i hela Europa. Hj\u00e4lp oss i v\u00e5rt uppdrag att st\u00e4rka samh\u00e4llen, fr\u00e4mja positiv f\u00f6r\u00e4ndring och bygga en ljusare framtid med hj\u00e4lp av volont\u00e4rarbete.<\/p>\t\t\t\t\t\t\t\t<\/div>\n\t\t\t\t<\/div>\n\t\t\t\t\t<\/div>\n\t\t<\/div>\n\t\t\t\t\t<\/div>\n\t\t<\/section>\n\t\t\t\t<\/div>","protected":false},"excerpt":{"rendered":"<p>Projektresultat MP4Mentors-projektet syftar till att uppn\u00e5 konkreta och effektfulla resultat som bidrar till utvecklingen av mentorer och samordnare inom den frivilliga sektorn, vilket i slut\u00e4ndan f\u00f6rb\u00e4ttrar ungdomars upplevelse med volont\u00e4rarbete. Projektets resultat kategoriseras utifr\u00e5n respektive arbetspaket, vilket visar p\u00e5 ett tydligt approach f\u00f6r att tillgodose de identifierade behoven. Arbetspaket 2 (WP2): V\u00e4gledande principer och b\u00e4sta [&hellip;]<\/p>\n","protected":false},"author":1,"featured_media":0,"parent":0,"menu_order":0,"comment_status":"closed","ping_status":"closed","template":"elementor_header_footer","meta":{"ngg_post_thumbnail":0,"footnotes":""},"class_list":["post-815","page","type-page","status-publish","hentry"],"_links":{"self":[{"href":"https:\/\/mp4mentors.eu\/sv\/wp-json\/wp\/v2\/pages\/815","targetHints":{"allow":["GET"]}}],"collection":[{"href":"https:\/\/mp4mentors.eu\/sv\/wp-json\/wp\/v2\/pages"}],"about":[{"href":"https:\/\/mp4mentors.eu\/sv\/wp-json\/wp\/v2\/types\/page"}],"author":[{"embeddable":true,"href":"https:\/\/mp4mentors.eu\/sv\/wp-json\/wp\/v2\/users\/1"}],"replies":[{"embeddable":true,"href":"https:\/\/mp4mentors.eu\/sv\/wp-json\/wp\/v2\/comments?post=815"}],"version-history":[{"count":0,"href":"https:\/\/mp4mentors.eu\/sv\/wp-json\/wp\/v2\/pages\/815\/revisions"}],"wp:attachment":[{"href":"https:\/\/mp4mentors.eu\/sv\/wp-json\/wp\/v2\/media?parent=815"}],"curies":[{"name":"wp","href":"https:\/\/api.w.org\/{rel}","templated":true}]}}