{"id":850,"date":"2024-08-07T14:37:18","date_gmt":"2024-08-07T12:37:18","guid":{"rendered":"https:\/\/mp4mentors.eu\/?page_id=850"},"modified":"2025-05-20T22:03:26","modified_gmt":"2025-05-20T20:03:26","slug":"parteneri-de-proiect","status":"publish","type":"page","link":"https:\/\/mp4mentors.eu\/ro\/parteneri-de-proiect\/","title":{"rendered":"PARTENERI DE PROIECT"},"content":{"rendered":"<div data-elementor-type=\"wp-page\" data-elementor-id=\"850\" class=\"elementor elementor-850\">\n\t\t\t\t\t\t<section class=\"elementor-section elementor-top-section elementor-element elementor-element-26d39f6c elementor-section-full_width elementor-section-height-default elementor-section-height-default\" data-id=\"26d39f6c\" data-element_type=\"section\" data-settings=\"{&quot;background_background&quot;:&quot;classic&quot;}\">\n\t\t\t\t\t\t<div class=\"elementor-container elementor-column-gap-default\">\n\t\t\t\t\t<div class=\"elementor-column elementor-col-100 elementor-top-column elementor-element elementor-element-56a00d4b\" data-id=\"56a00d4b\" data-element_type=\"column\">\n\t\t\t<div class=\"elementor-widget-wrap elementor-element-populated\">\n\t\t\t\t\t\t<div class=\"elementor-element elementor-element-7cd423b elementor-widget__width-initial elementor-hidden-tablet elementor-hidden-mobile elementor-widget elementor-widget-spacer\" data-id=\"7cd423b\" data-element_type=\"widget\" data-widget_type=\"spacer.default\">\n\t\t\t\t<div class=\"elementor-widget-container\">\n\t\t\t\t\t\t\t<div class=\"elementor-spacer\">\n\t\t\t<div class=\"elementor-spacer-inner\"><\/div>\n\t\t<\/div>\n\t\t\t\t\t\t<\/div>\n\t\t\t\t<\/div>\n\t\t\t\t<div class=\"elementor-element elementor-element-22c1358 elementor-widget__width-initial elementor-hidden-tablet elementor-hidden-mobile elementor-widget elementor-widget-spacer\" data-id=\"22c1358\" data-element_type=\"widget\" data-widget_type=\"spacer.default\">\n\t\t\t\t<div class=\"elementor-widget-container\">\n\t\t\t\t\t\t\t<div class=\"elementor-spacer\">\n\t\t\t<div class=\"elementor-spacer-inner\"><\/div>\n\t\t<\/div>\n\t\t\t\t\t\t<\/div>\n\t\t\t\t<\/div>\n\t\t\t\t<div class=\"elementor-element elementor-element-4e96464 elementor-widget elementor-widget-heading\" data-id=\"4e96464\" data-element_type=\"widget\" data-widget_type=\"heading.default\">\n\t\t\t\t<div class=\"elementor-widget-container\">\n\t\t\t\t\t<h2 class=\"elementor-heading-title elementor-size-default\">PARTENERI DE PROIECT<\/h2>\t\t\t\t<\/div>\n\t\t\t\t<\/div>\n\t\t\t\t\t<\/div>\n\t\t<\/div>\n\t\t\t\t\t<\/div>\n\t\t<\/section>\n\t\t\t\t<section class=\"elementor-section elementor-top-section elementor-element elementor-element-98b17e5 elementor-section-boxed elementor-section-height-default elementor-section-height-default\" data-id=\"98b17e5\" data-element_type=\"section\">\n\t\t\t\t\t\t\t<div class=\"elementor-background-overlay\"><\/div>\n\t\t\t\t\t\t\t<div class=\"elementor-container elementor-column-gap-default\">\n\t\t\t\t\t<div class=\"elementor-column elementor-col-50 elementor-top-column elementor-element elementor-element-d6e2ccd\" data-id=\"d6e2ccd\" data-element_type=\"column\">\n\t\t\t<div class=\"elementor-widget-wrap elementor-element-populated\">\n\t\t\t\t\t\t<div class=\"elementor-element elementor-element-8fe3833 elementor-widget-mobile__width-initial elementor-widget elementor-widget-image\" data-id=\"8fe3833\" data-element_type=\"widget\" data-widget_type=\"image.default\">\n\t\t\t\t<div class=\"elementor-widget-container\">\n\t\t\t\t\t\t\t\t\t\t\t\t\t\t\t\t<a href=\"https:\/\/mirakademien.com\/\">\n\t\t\t\t\t\t\t<img fetchpriority=\"high\" decoding=\"async\" width=\"300\" height=\"300\" src=\"https:\/\/mp4mentors.eu\/wp-content\/uploads\/2025\/04\/Logotypes-Mir-black_D_D\u00beD\u00bdN_D\u00b0D\u00b6D\u00bdD\u00b0-D\u00beD\u00b1DD\u00b0N_N_N_-1-300x300.png\" class=\"attachment-medium size-medium wp-image-4282\" alt=\"\" srcset=\"https:\/\/mp4mentors.eu\/wp-content\/uploads\/2025\/04\/Logotypes-Mir-black_D_D\u00beD\u00bdN_D\u00b0D\u00b6D\u00bdD\u00b0-D\u00beD\u00b1DD\u00b0N_N_N_-1-300x300.png 300w, https:\/\/mp4mentors.eu\/wp-content\/uploads\/2025\/04\/Logotypes-Mir-black_D_D\u00beD\u00bdN_D\u00b0D\u00b6D\u00bdD\u00b0-D\u00beD\u00b1DD\u00b0N_N_N_-1-1024x1024.png 1024w, https:\/\/mp4mentors.eu\/wp-content\/uploads\/2025\/04\/Logotypes-Mir-black_D_D\u00beD\u00bdN_D\u00b0D\u00b6D\u00bdD\u00b0-D\u00beD\u00b1DD\u00b0N_N_N_-1-150x150.png 150w, https:\/\/mp4mentors.eu\/wp-content\/uploads\/2025\/04\/Logotypes-Mir-black_D_D\u00beD\u00bdN_D\u00b0D\u00b6D\u00bdD\u00b0-D\u00beD\u00b1DD\u00b0N_N_N_-1-768x768.png 768w, https:\/\/mp4mentors.eu\/wp-content\/uploads\/2025\/04\/Logotypes-Mir-black_D_D\u00beD\u00bdN_D\u00b0D\u00b6D\u00bdD\u00b0-D\u00beD\u00b1DD\u00b0N_N_N_-1-1536x1536.png 1536w, https:\/\/mp4mentors.eu\/wp-content\/uploads\/2025\/04\/Logotypes-Mir-black_D_D\u00beD\u00bdN_D\u00b0D\u00b6D\u00bdD\u00b0-D\u00beD\u00b1DD\u00b0N_N_N_-1-2048x2048.png 2048w, https:\/\/mp4mentors.eu\/wp-content\/uploads\/2025\/04\/Logotypes-Mir-black_D_D\u00beD\u00bdN_D\u00b0D\u00b6D\u00bdD\u00b0-D\u00beD\u00b1DD\u00b0N_N_N_-1-12x12.png 12w\" sizes=\"(max-width: 300px) 100vw, 300px\" \/>\t\t\t\t\t\t\t\t<\/a>\n\t\t\t\t\t\t\t\t\t\t\t\t\t\t\t<\/div>\n\t\t\t\t<\/div>\n\t\t\t\t\t<\/div>\n\t\t<\/div>\n\t\t\t\t<div class=\"elementor-column elementor-col-50 elementor-top-column elementor-element elementor-element-ea5c405\" data-id=\"ea5c405\" data-element_type=\"column\">\n\t\t\t<div class=\"elementor-widget-wrap elementor-element-populated\">\n\t\t\t\t\t\t<div class=\"elementor-element elementor-element-01f8eed elementor-widget elementor-widget-text-editor\" data-id=\"01f8eed\" data-element_type=\"widget\" data-widget_type=\"text-editor.default\">\n\t\t\t\t<div class=\"elementor-widget-container\">\n\t\t\t\t\t\t\t\t\t<p>MIR Akademien este o organiza\u021bie educa\u021bional\u0103 \u0219i de consultan\u021b\u0103 care lucreaz\u0103 \u00een domeniul dezvolt\u0103rii sociale, cu accent pe integrarea diversit\u0103\u021bii, drepturile omului \u0219i dezvoltarea durabil\u0103. Abord\u0103m inovarea social\u0103 printr-o serie de servicii, cum ar fi cercetarea participativ\u0103, dezvoltarea de solu\u021bii de formare, desf\u0103\u0219urarea de activit\u0103\u021bi de formare \u0219i consultan\u021b\u0103 individual\u0103 pentru organiza\u021bii \u0219i persoane, pe baza nevoilor reale.<\/p>\t\t\t\t\t\t\t\t<\/div>\n\t\t\t\t<\/div>\n\t\t\t\t\t<\/div>\n\t\t<\/div>\n\t\t\t\t\t<\/div>\n\t\t<\/section>\n\t\t\t\t<section class=\"elementor-section elementor-top-section elementor-element elementor-element-3afdce3 elementor-section-boxed elementor-section-height-default elementor-section-height-default\" data-id=\"3afdce3\" data-element_type=\"section\">\n\t\t\t\t\t\t\t<div class=\"elementor-background-overlay\"><\/div>\n\t\t\t\t\t\t\t<div class=\"elementor-container elementor-column-gap-default\">\n\t\t\t\t\t<div class=\"elementor-column elementor-col-50 elementor-top-column elementor-element elementor-element-5465c13\" data-id=\"5465c13\" data-element_type=\"column\">\n\t\t\t<div class=\"elementor-widget-wrap elementor-element-populated\">\n\t\t\t\t\t\t<div class=\"elementor-element elementor-element-d5dcc01 elementor-widget elementor-widget-text-editor\" data-id=\"d5dcc01\" data-element_type=\"widget\" data-widget_type=\"text-editor.default\">\n\t\t\t\t<div class=\"elementor-widget-container\">\n\t\t\t\t\t\t\t\t\t<p>Cu sediul \u00een Viena, Austria, VAEV Research and Development Agency GmbH este o organiza\u021bie orientat\u0103 spre viitor, dedicat\u0103 cercet\u0103rii \u0219i dezvolt\u0103rii de pionierat. Pun\u00e2nd accentul \u00een primul r\u00e2nd pe inovare, aceasta se angajeaz\u0103 \u00een proiecte care acoper\u0103 diverse industrii, contribuind la progresul cunoa\u0219terii \u0219i al tehnologiei.<\/p>\t\t\t\t\t\t\t\t<\/div>\n\t\t\t\t<\/div>\n\t\t\t\t\t<\/div>\n\t\t<\/div>\n\t\t\t\t<div class=\"elementor-column elementor-col-50 elementor-top-column elementor-element elementor-element-4179715\" data-id=\"4179715\" data-element_type=\"column\">\n\t\t\t<div class=\"elementor-widget-wrap elementor-element-populated\">\n\t\t\t\t\t\t<div class=\"elementor-element elementor-element-8f918de elementor-widget elementor-widget-image\" data-id=\"8f918de\" data-element_type=\"widget\" data-widget_type=\"image.default\">\n\t\t\t\t<div class=\"elementor-widget-container\">\n\t\t\t\t\t\t\t\t\t\t\t\t\t\t\t\t<a href=\"https:\/\/vaev.at\">\n\t\t\t\t\t\t\t<img decoding=\"async\" width=\"266\" height=\"300\" src=\"https:\/\/mp4mentors.eu\/wp-content\/uploads\/2024\/05\/adadw-266x300.png\" class=\"attachment-medium size-medium wp-image-525\" alt=\"\" srcset=\"https:\/\/mp4mentors.eu\/wp-content\/uploads\/2024\/05\/adadw-266x300.png 266w, https:\/\/mp4mentors.eu\/wp-content\/uploads\/2024\/05\/adadw.png 474w\" sizes=\"(max-width: 266px) 100vw, 266px\" \/>\t\t\t\t\t\t\t\t<\/a>\n\t\t\t\t\t\t\t\t\t\t\t\t\t\t\t<\/div>\n\t\t\t\t<\/div>\n\t\t\t\t\t<\/div>\n\t\t<\/div>\n\t\t\t\t\t<\/div>\n\t\t<\/section>\n\t\t\t\t<section class=\"elementor-section elementor-top-section elementor-element elementor-element-133db3c elementor-section-boxed elementor-section-height-default elementor-section-height-default\" data-id=\"133db3c\" data-element_type=\"section\">\n\t\t\t\t\t\t\t<div class=\"elementor-background-overlay\"><\/div>\n\t\t\t\t\t\t\t<div class=\"elementor-container elementor-column-gap-default\">\n\t\t\t\t\t<div class=\"elementor-column elementor-col-50 elementor-top-column elementor-element elementor-element-47f6ba0\" data-id=\"47f6ba0\" data-element_type=\"column\">\n\t\t\t<div class=\"elementor-widget-wrap elementor-element-populated\">\n\t\t\t\t\t\t<div class=\"elementor-element elementor-element-91657d8 elementor-widget elementor-widget-image\" data-id=\"91657d8\" data-element_type=\"widget\" data-widget_type=\"image.default\">\n\t\t\t\t<div class=\"elementor-widget-container\">\n\t\t\t\t\t\t\t\t\t\t\t\t\t\t\t\t<a href=\"https:\/\/jovesolides.org\/\">\n\t\t\t\t\t\t\t<img decoding=\"async\" width=\"300\" height=\"300\" src=\"https:\/\/mp4mentors.eu\/wp-content\/uploads\/2024\/01\/Logo-Jovesolides-Vertical-300x300.png\" class=\"attachment-medium size-medium wp-image-249\" alt=\"\" srcset=\"https:\/\/mp4mentors.eu\/wp-content\/uploads\/2024\/01\/Logo-Jovesolides-Vertical-300x300.png 300w, https:\/\/mp4mentors.eu\/wp-content\/uploads\/2024\/01\/Logo-Jovesolides-Vertical-1024x1024.png 1024w, https:\/\/mp4mentors.eu\/wp-content\/uploads\/2024\/01\/Logo-Jovesolides-Vertical-150x150.png 150w, https:\/\/mp4mentors.eu\/wp-content\/uploads\/2024\/01\/Logo-Jovesolides-Vertical-768x768.png 768w, https:\/\/mp4mentors.eu\/wp-content\/uploads\/2024\/01\/Logo-Jovesolides-Vertical.png 1198w\" sizes=\"(max-width: 300px) 100vw, 300px\" \/>\t\t\t\t\t\t\t\t<\/a>\n\t\t\t\t\t\t\t\t\t\t\t\t\t\t\t<\/div>\n\t\t\t\t<\/div>\n\t\t\t\t\t<\/div>\n\t\t<\/div>\n\t\t\t\t<div class=\"elementor-column elementor-col-50 elementor-top-column elementor-element elementor-element-f8dd7c5\" data-id=\"f8dd7c5\" data-element_type=\"column\">\n\t\t\t<div class=\"elementor-widget-wrap elementor-element-populated\">\n\t\t\t\t\t\t<div class=\"elementor-element elementor-element-c9bc194 elementor-widget elementor-widget-text-editor\" data-id=\"c9bc194\" data-element_type=\"widget\" data-widget_type=\"text-editor.default\">\n\t\t\t\t<div class=\"elementor-widget-container\">\n\t\t\t\t\t\t\t\t\t<p>Joves\u00f3lides este o organiza\u021bie neguvernamental\u0103, cu sediul \u00een \u00eemprejurimile ora\u0219ului Valencia. Programele sale sunt axate pe incluziunea social\u0103 \u0219i inovarea social\u0103, aduc\u00e2nd \u00eembun\u0103t\u0103\u021biri \u00een via\u021ba diverselor comunit\u0103\u021bi vulnerabile \u0219i a societ\u0103\u021bii \u00een ansamblu. Organiza\u021bia promoveaz\u0103 angajamentul social prin ini\u021biative inovatoare, implic\u00e2nd persoane \u0219i grupuri \u00een abordarea diferitelor provoc\u0103ri sociale, cum ar fi excluziunea social\u0103, accesul inegal la servicii \u0219i oportunit\u0103\u021bi, decalajul digital etc.<\/p>\t\t\t\t\t\t\t\t<\/div>\n\t\t\t\t<\/div>\n\t\t\t\t\t<\/div>\n\t\t<\/div>\n\t\t\t\t\t<\/div>\n\t\t<\/section>\n\t\t\t\t<section class=\"elementor-section elementor-top-section elementor-element elementor-element-fa9543e elementor-section-boxed elementor-section-height-default elementor-section-height-default\" data-id=\"fa9543e\" data-element_type=\"section\">\n\t\t\t\t\t\t\t<div class=\"elementor-background-overlay\"><\/div>\n\t\t\t\t\t\t\t<div class=\"elementor-container elementor-column-gap-default\">\n\t\t\t\t\t<div class=\"elementor-column elementor-col-50 elementor-top-column elementor-element elementor-element-5aa88cc\" data-id=\"5aa88cc\" data-element_type=\"column\">\n\t\t\t<div class=\"elementor-widget-wrap elementor-element-populated\">\n\t\t\t\t\t\t<div class=\"elementor-element elementor-element-3eb3893 elementor-widget elementor-widget-text-editor\" data-id=\"3eb3893\" data-element_type=\"widget\" data-widget_type=\"text-editor.default\">\n\t\t\t\t<div class=\"elementor-widget-container\">\n\t\t\t\t\t\t\t\t\t<p>Hub Nicosia, un ONG educa\u021bional, \u00ee\u0219i propune s\u0103 devin\u0103 primul incubator pentru \u00eentreprinderi sociale din \u021bar\u0103. Acesta mobilizeaz\u0103 tinerii pentru un angajament civic, politic \u0219i economic, oferind oportunit\u0103\u021bi de \u00eenv\u0103\u021bare \u00een materie de competen\u021be transversale, profesionale \u0219i antreprenoriale. \u00cen plus, promoveaz\u0103 dialogul intercultural prin art\u0103 \u0219i sensibilizeaz\u0103 cu privire la problemele globale.<\/p>\t\t\t\t\t\t\t\t<\/div>\n\t\t\t\t<\/div>\n\t\t\t\t\t<\/div>\n\t\t<\/div>\n\t\t\t\t<div class=\"elementor-column elementor-col-50 elementor-top-column elementor-element elementor-element-33a898a\" data-id=\"33a898a\" data-element_type=\"column\">\n\t\t\t<div class=\"elementor-widget-wrap elementor-element-populated\">\n\t\t\t\t\t\t<div class=\"elementor-element elementor-element-07b78e0 elementor-widget elementor-widget-image\" data-id=\"07b78e0\" data-element_type=\"widget\" data-widget_type=\"image.default\">\n\t\t\t\t<div class=\"elementor-widget-container\">\n\t\t\t\t\t\t\t\t\t\t\t\t\t\t\t\t<a href=\"https:\/\/www.hubnicosia.org\/\">\n\t\t\t\t\t\t\t<img loading=\"lazy\" decoding=\"async\" width=\"300\" height=\"300\" src=\"https:\/\/mp4mentors.eu\/wp-content\/uploads\/2024\/01\/hub-nicosia-logo-1-300x300.png\" class=\"attachment-medium size-medium wp-image-250\" alt=\"\" srcset=\"https:\/\/mp4mentors.eu\/wp-content\/uploads\/2024\/01\/hub-nicosia-logo-1-300x300.png 300w, https:\/\/mp4mentors.eu\/wp-content\/uploads\/2024\/01\/hub-nicosia-logo-1-150x150.png 150w, https:\/\/mp4mentors.eu\/wp-content\/uploads\/2024\/01\/hub-nicosia-logo-1-768x770.png 768w, https:\/\/mp4mentors.eu\/wp-content\/uploads\/2024\/01\/hub-nicosia-logo-1.png 836w\" sizes=\"(max-width: 300px) 100vw, 300px\" \/>\t\t\t\t\t\t\t\t<\/a>\n\t\t\t\t\t\t\t\t\t\t\t\t\t\t\t<\/div>\n\t\t\t\t<\/div>\n\t\t\t\t\t<\/div>\n\t\t<\/div>\n\t\t\t\t\t<\/div>\n\t\t<\/section>\n\t\t\t\t<section class=\"elementor-section elementor-top-section elementor-element elementor-element-b68f51f elementor-section-boxed elementor-section-height-default elementor-section-height-default\" data-id=\"b68f51f\" data-element_type=\"section\">\n\t\t\t\t\t\t\t<div class=\"elementor-background-overlay\"><\/div>\n\t\t\t\t\t\t\t<div class=\"elementor-container elementor-column-gap-default\">\n\t\t\t\t\t<div class=\"elementor-column elementor-col-50 elementor-top-column elementor-element elementor-element-aa1f359\" data-id=\"aa1f359\" data-element_type=\"column\">\n\t\t\t<div class=\"elementor-widget-wrap elementor-element-populated\">\n\t\t\t\t\t\t<div class=\"elementor-element elementor-element-d77de59 elementor-widget elementor-widget-image\" data-id=\"d77de59\" data-element_type=\"widget\" data-widget_type=\"image.default\">\n\t\t\t\t<div class=\"elementor-widget-container\">\n\t\t\t\t\t\t\t\t\t\t\t\t\t\t\t\t<a href=\"https:\/\/scoutsociety.ro\/\">\n\t\t\t\t\t\t\t<img loading=\"lazy\" decoding=\"async\" width=\"300\" height=\"141\" src=\"https:\/\/mp4mentors.eu\/wp-content\/uploads\/2024\/01\/ScoutSocietyLogo-1-300x141.png\" class=\"attachment-medium size-medium wp-image-251\" alt=\"\" srcset=\"https:\/\/mp4mentors.eu\/wp-content\/uploads\/2024\/01\/ScoutSocietyLogo-1-300x141.png 300w, https:\/\/mp4mentors.eu\/wp-content\/uploads\/2024\/01\/ScoutSocietyLogo-1-768x360.png 768w, https:\/\/mp4mentors.eu\/wp-content\/uploads\/2024\/01\/ScoutSocietyLogo-1.png 810w\" sizes=\"(max-width: 300px) 100vw, 300px\" \/>\t\t\t\t\t\t\t\t<\/a>\n\t\t\t\t\t\t\t\t\t\t\t\t\t\t\t<\/div>\n\t\t\t\t<\/div>\n\t\t\t\t\t<\/div>\n\t\t<\/div>\n\t\t\t\t<div class=\"elementor-column elementor-col-50 elementor-top-column elementor-element elementor-element-73b02c1\" data-id=\"73b02c1\" data-element_type=\"column\">\n\t\t\t<div class=\"elementor-widget-wrap elementor-element-populated\">\n\t\t\t\t\t\t<div class=\"elementor-element elementor-element-15012f6 elementor-widget elementor-widget-text-editor\" data-id=\"15012f6\" data-element_type=\"widget\" data-widget_type=\"text-editor.default\">\n\t\t\t\t<div class=\"elementor-widget-container\">\n\t\t\t\t\t\t\t\t\t<p>Asocia\u021bia Scout Society, \u00eenfiin\u021bat\u0103 \u00een 2011 \u00een Rom\u00e2nia, este un ONG dinamic specializat \u00een educa\u021bie non-formal\u0103. Ne concentr\u0103m pe sprijinirea dezvolt\u0103rii tinerilor \u0219i pe promovarea integr\u0103rii lor sociale. Ne propunem s\u0103 combatem \u0219omajul, s\u0103 promov\u0103m antreprenoriatul \u0219i s\u0103 \u00eencuraj\u0103m cet\u0103\u021benia activ\u0103 printr-o varietate de activit\u0103\u021bi, inclusiv formare interna\u021bional\u0103, schimburi de tineri, evenimente culturale \u0219i ateliere. \u00cen plus, sus\u021binem voluntariatul \u0219i stilul de via\u021b\u0103 s\u0103n\u0103tos, implic\u00e2ndu-ne \u00een cercetare \u0219i publica\u021bii pentru a ne promova obiectivele.<\/p>\t\t\t\t\t\t\t\t<\/div>\n\t\t\t\t<\/div>\n\t\t\t\t\t<\/div>\n\t\t<\/div>\n\t\t\t\t\t<\/div>\n\t\t<\/section>\n\t\t\t\t<\/div>","protected":false},"excerpt":{"rendered":"<p>PARTENERI DE PROIECT MIR Akademien este o organiza\u021bie educa\u021bional\u0103 \u0219i de consultan\u021b\u0103 care lucreaz\u0103 \u00een domeniul dezvolt\u0103rii sociale, cu accent pe integrarea diversit\u0103\u021bii, drepturile omului \u0219i dezvoltarea durabil\u0103. Abord\u0103m inovarea social\u0103 printr-o serie de servicii, cum ar fi cercetarea participativ\u0103, dezvoltarea de solu\u021bii de formare, desf\u0103\u0219urarea de activit\u0103\u021bi de formare \u0219i consultan\u021b\u0103 individual\u0103 pentru organiza\u021bii [&hellip;]<\/p>","protected":false},"author":1,"featured_media":0,"parent":0,"menu_order":0,"comment_status":"closed","ping_status":"closed","template":"elementor_header_footer","meta":{"ngg_post_thumbnail":0,"footnotes":""},"class_list":["post-850","page","type-page","status-publish","hentry"],"_links":{"self":[{"href":"https:\/\/mp4mentors.eu\/ro\/wp-json\/wp\/v2\/pages\/850","targetHints":{"allow":["GET"]}}],"collection":[{"href":"https:\/\/mp4mentors.eu\/ro\/wp-json\/wp\/v2\/pages"}],"about":[{"href":"https:\/\/mp4mentors.eu\/ro\/wp-json\/wp\/v2\/types\/page"}],"author":[{"embeddable":true,"href":"https:\/\/mp4mentors.eu\/ro\/wp-json\/wp\/v2\/users\/1"}],"replies":[{"embeddable":true,"href":"https:\/\/mp4mentors.eu\/ro\/wp-json\/wp\/v2\/comments?post=850"}],"version-history":[{"count":7,"href":"https:\/\/mp4mentors.eu\/ro\/wp-json\/wp\/v2\/pages\/850\/revisions"}],"predecessor-version":[{"id":4639,"href":"https:\/\/mp4mentors.eu\/ro\/wp-json\/wp\/v2\/pages\/850\/revisions\/4639"}],"wp:attachment":[{"href":"https:\/\/mp4mentors.eu\/ro\/wp-json\/wp\/v2\/media?parent=850"}],"curies":[{"name":"wp","href":"https:\/\/api.w.org\/{rel}","templated":true}]}}