{"id":822,"date":"2024-08-07T14:12:38","date_gmt":"2024-08-07T12:12:38","guid":{"rendered":"https:\/\/mp4mentors.eu\/?page_id=822"},"modified":"2025-07-31T00:01:05","modified_gmt":"2025-07-30T22:01:05","slug":"rezultatele-proiectului","status":"publish","type":"page","link":"https:\/\/mp4mentors.eu\/ro\/rezultatele-proiectului\/","title":{"rendered":"Rezultatele proiectului"},"content":{"rendered":"<div data-elementor-type=\"wp-page\" data-elementor-id=\"822\" class=\"elementor elementor-822\">\n\t\t\t\t\t\t<section class=\"elementor-section elementor-top-section elementor-element elementor-element-3dafd1a elementor-section-boxed elementor-section-height-default elementor-section-height-default\" data-id=\"3dafd1a\" data-element_type=\"section\">\n\t\t\t\t\t\t<div class=\"elementor-container elementor-column-gap-default\">\n\t\t\t\t\t<div class=\"elementor-column elementor-col-100 elementor-top-column elementor-element elementor-element-6e997cc\" data-id=\"6e997cc\" data-element_type=\"column\">\n\t\t\t<div class=\"elementor-widget-wrap elementor-element-populated\">\n\t\t\t\t\t\t<div class=\"elementor-element elementor-element-03e17d3 elementor-widget elementor-widget-heading\" data-id=\"03e17d3\" data-element_type=\"widget\" data-widget_type=\"heading.default\">\n\t\t\t\t<div class=\"elementor-widget-container\">\n\t\t\t\t\t<h1 class=\"elementor-heading-title elementor-size-default\">Rezultatele proiectului<\/h1>\t\t\t\t<\/div>\n\t\t\t\t<\/div>\n\t\t\t\t<div class=\"elementor-element elementor-element-f8c1e60 elementor-widget elementor-widget-text-editor\" data-id=\"f8c1e60\" data-element_type=\"widget\" data-widget_type=\"text-editor.default\">\n\t\t\t\t<div class=\"elementor-widget-container\">\n\t\t\t\t\t\t\t\t\t<p>Proiectul MP4Mentors \u00ee\u0219i propune s\u0103 ob\u021bin\u0103 rezultate tangibile \u0219i cu impact care s\u0103 contribuie la dezvoltarea mentorilor \u0219i coordonatorilor de voluntari, \u00eembun\u0103t\u0103\u021bind \u00een cele din urm\u0103 experien\u021ba de voluntariat a tinerilor. Rezultatele proiectului sunt clasificate pe baza pachetelor de lucru respective, prezent\u00e2nd o abordare cuprinz\u0103toare a abord\u0103rii nevoilor identificate.<\/p>\t\t\t\t\t\t\t\t<\/div>\n\t\t\t\t<\/div>\n\t\t\t\t\t<\/div>\n\t\t<\/div>\n\t\t\t\t\t<\/div>\n\t\t<\/section>\n\t\t\t\t<section class=\"elementor-section elementor-top-section elementor-element elementor-element-2ec6953 elementor-section-boxed elementor-section-height-default elementor-section-height-default\" data-id=\"2ec6953\" data-element_type=\"section\">\n\t\t\t\t\t\t<div class=\"elementor-container elementor-column-gap-default\">\n\t\t\t\t\t<div class=\"elementor-column elementor-col-100 elementor-top-column elementor-element elementor-element-500e724\" data-id=\"500e724\" data-element_type=\"column\">\n\t\t\t<div class=\"elementor-widget-wrap elementor-element-populated\">\n\t\t\t\t\t\t<div class=\"elementor-element elementor-element-379a62c elementor-widget elementor-widget-image\" data-id=\"379a62c\" data-element_type=\"widget\" data-widget_type=\"image.default\">\n\t\t\t\t<div class=\"elementor-widget-container\">\n\t\t\t\t\t\t\t\t\t\t\t\t\t\t\t<img fetchpriority=\"high\" decoding=\"async\" width=\"1557\" height=\"798\" src=\"https:\/\/mp4mentors.eu\/wp-content\/uploads\/2024\/05\/22.jpg\" class=\"attachment-full size-full wp-image-444\" alt=\"\" srcset=\"https:\/\/mp4mentors.eu\/wp-content\/uploads\/2024\/05\/22.jpg 1557w, https:\/\/mp4mentors.eu\/wp-content\/uploads\/2024\/05\/22-300x154.jpg 300w, https:\/\/mp4mentors.eu\/wp-content\/uploads\/2024\/05\/22-1024x525.jpg 1024w, https:\/\/mp4mentors.eu\/wp-content\/uploads\/2024\/05\/22-768x394.jpg 768w, https:\/\/mp4mentors.eu\/wp-content\/uploads\/2024\/05\/22-1536x787.jpg 1536w\" sizes=\"(max-width: 1557px) 100vw, 1557px\" \/>\t\t\t\t\t\t\t\t\t\t\t\t\t\t\t<\/div>\n\t\t\t\t<\/div>\n\t\t\t\t\t<\/div>\n\t\t<\/div>\n\t\t\t\t\t<\/div>\n\t\t<\/section>\n\t\t\t\t<section class=\"elementor-section elementor-top-section elementor-element elementor-element-0e3594e elementor-section-boxed elementor-section-height-default elementor-section-height-default\" data-id=\"0e3594e\" data-element_type=\"section\">\n\t\t\t\t\t\t<div class=\"elementor-container elementor-column-gap-default\">\n\t\t\t\t\t<div class=\"elementor-column elementor-col-50 elementor-top-column elementor-element elementor-element-d9a4c25\" data-id=\"d9a4c25\" data-element_type=\"column\" data-settings=\"{&quot;background_background&quot;:&quot;classic&quot;}\">\n\t\t\t<div class=\"elementor-widget-wrap elementor-element-populated\">\n\t\t\t\t\t\t<div class=\"elementor-element elementor-element-16be6e9 elementor-widget__width-initial elementor-widget elementor-widget-heading\" data-id=\"16be6e9\" data-element_type=\"widget\" data-widget_type=\"heading.default\">\n\t\t\t\t<div class=\"elementor-widget-container\">\n\t\t\t\t\t<h3 class=\"elementor-heading-title elementor-size-default\">Pachetul de lucru 2 (WP2): Principii orientative \u0219i bune practici,<\/h3>\t\t\t\t<\/div>\n\t\t\t\t<\/div>\n\t\t\t\t<div class=\"elementor-element elementor-element-3406429 elementor-widget__width-initial elementor-widget elementor-widget-text-editor\" data-id=\"3406429\" data-element_type=\"widget\" data-widget_type=\"text-editor.default\">\n\t\t\t\t<div class=\"elementor-widget-container\">\n\t\t\t\t\t\t\t\t\t<p><a href=\"https:\/\/mp4mentors.eu\/wp-content\/uploads\/2025\/06\/MP4Mentors_Guiding-Principles_Romanian.pdf\">Principii orientative: Cadru pentru mentorat \u0219i coordonare eficiente.<\/a><\/p><p>Raport de analiz\u0103 a nevoilor: detaliaz\u0103 provoc\u0103rile, orient\u00e2nd solu\u021biile adaptate.<\/p><p>Cele mai bune practici: Compila\u021bie de strategii dovedite \u00een gestionarea voluntarilor.<\/p><p>Bro\u0219ur\u0103 electronic\u0103: Rezum\u0103 principalele constat\u0103ri, principii \u0219i bune practici.<\/p>\t\t\t\t\t\t\t\t<\/div>\n\t\t\t\t<\/div>\n\t\t\t\t<div class=\"elementor-element elementor-element-5dee10d elementor-widget elementor-widget-jkit_button\" data-id=\"5dee10d\" data-element_type=\"widget\" data-widget_type=\"jkit_button.default\">\n\t\t\t\t<div class=\"elementor-widget-container\">\n\t\t\t\t\t<div  class=\"jeg-elementor-kit jkit-button  icon-position-before jeg_module___69e4aaef7ebff\" ><a href=\"https:\/\/mp4mentors.eu\/wp-content\/uploads\/2025\/06\/MP4Mentors_Guiding-Principles_Romanian.pdf\" class=\"jkit-button-wrapper\" target=\"_blank\"><i aria-hidden=\"true\" class=\"jki jki-diploma-light\"><\/i><\/a><\/div>\t\t\t\t<\/div>\n\t\t\t\t<\/div>\n\t\t\t\t<div class=\"elementor-element elementor-element-05700d8 elementor-widget elementor-widget-jkit_button\" data-id=\"05700d8\" data-element_type=\"widget\" data-widget_type=\"jkit_button.default\">\n\t\t\t\t<div class=\"elementor-widget-container\">\n\t\t\t\t\t<div  class=\"jeg-elementor-kit jkit-button  icon-position-before jeg_module__1_69e4aaef7f1ca\" ><a href=\"https:\/\/mp4mentors.eu\/wp-content\/uploads\/2025\/07\/MP4Mentors-Needs-Analysis-Report.docx-1.pdf\" class=\"jkit-button-wrapper\" target=\"_blank\"><i aria-hidden=\"true\" class=\"jki jki-diploma-light\"><\/i>Needs Analysis Report<\/a><\/div>\t\t\t\t<\/div>\n\t\t\t\t<\/div>\n\t\t\t\t<div class=\"elementor-element elementor-element-091409f elementor-widget elementor-widget-jkit_button\" data-id=\"091409f\" data-element_type=\"widget\" data-widget_type=\"jkit_button.default\">\n\t\t\t\t<div class=\"elementor-widget-container\">\n\t\t\t\t\t<div  class=\"jeg-elementor-kit jkit-button  icon-position-before jeg_module__2_69e4aaef7f6b1\" ><a href=\"https:\/\/mp4mentors.eu\/wp-content\/uploads\/2025\/07\/MP4Mentors-Report-with-Best-Practices-Fin.pdf\" class=\"jkit-button-wrapper\" target=\"_blank\"><i aria-hidden=\"true\" class=\"jki jki-diploma-light\"><\/i>Report on best practices in volunteering programs<\/a><\/div>\t\t\t\t<\/div>\n\t\t\t\t<\/div>\n\t\t\t\t\t<\/div>\n\t\t<\/div>\n\t\t\t\t<div class=\"elementor-column elementor-col-50 elementor-top-column elementor-element elementor-element-c022d4f\" data-id=\"c022d4f\" data-element_type=\"column\">\n\t\t\t<div class=\"elementor-widget-wrap elementor-element-populated\">\n\t\t\t\t\t\t<div class=\"elementor-element elementor-element-89bdc39 elementor-hidden-tablet elementor-hidden-mobile elementor-widget elementor-widget-image\" data-id=\"89bdc39\" data-element_type=\"widget\" data-widget_type=\"image.default\">\n\t\t\t\t<div class=\"elementor-widget-container\">\n\t\t\t\t\t\t\t\t\t\t\t\t\t\t\t<img decoding=\"async\" width=\"444\" height=\"400\" src=\"https:\/\/mp4mentors.eu\/wp-content\/uploads\/2024\/05\/12.png\" class=\"attachment-large size-large wp-image-450\" alt=\"\" srcset=\"https:\/\/mp4mentors.eu\/wp-content\/uploads\/2024\/05\/12.png 444w, https:\/\/mp4mentors.eu\/wp-content\/uploads\/2024\/05\/12-300x270.png 300w\" sizes=\"(max-width: 444px) 100vw, 444px\" \/>\t\t\t\t\t\t\t\t\t\t\t\t\t\t\t<\/div>\n\t\t\t\t<\/div>\n\t\t\t\t\t<\/div>\n\t\t<\/div>\n\t\t\t\t\t<\/div>\n\t\t<\/section>\n\t\t\t\t<section class=\"elementor-section elementor-top-section elementor-element elementor-element-34709d7 elementor-section-boxed elementor-section-height-default elementor-section-height-default\" data-id=\"34709d7\" data-element_type=\"section\">\n\t\t\t\t\t\t<div class=\"elementor-container elementor-column-gap-default\">\n\t\t\t\t\t<div class=\"elementor-column elementor-col-50 elementor-top-column elementor-element elementor-element-4f617c4\" data-id=\"4f617c4\" data-element_type=\"column\">\n\t\t\t<div class=\"elementor-widget-wrap elementor-element-populated\">\n\t\t\t\t\t\t<div class=\"elementor-element elementor-element-c14b734 elementor-hidden-tablet elementor-hidden-mobile elementor-widget elementor-widget-image\" data-id=\"c14b734\" data-element_type=\"widget\" data-widget_type=\"image.default\">\n\t\t\t\t<div class=\"elementor-widget-container\">\n\t\t\t\t\t\t\t\t\t\t\t\t\t\t\t<img decoding=\"async\" width=\"469\" height=\"501\" src=\"https:\/\/mp4mentors.eu\/wp-content\/uploads\/2024\/05\/3.png\" class=\"attachment-large size-large wp-image-449\" alt=\"\" srcset=\"https:\/\/mp4mentors.eu\/wp-content\/uploads\/2024\/05\/3.png 469w, https:\/\/mp4mentors.eu\/wp-content\/uploads\/2024\/05\/3-281x300.png 281w\" sizes=\"(max-width: 469px) 100vw, 469px\" \/>\t\t\t\t\t\t\t\t\t\t\t\t\t\t\t<\/div>\n\t\t\t\t<\/div>\n\t\t\t\t\t<\/div>\n\t\t<\/div>\n\t\t\t\t<div class=\"elementor-column elementor-col-50 elementor-top-column elementor-element elementor-element-eb9583f\" data-id=\"eb9583f\" data-element_type=\"column\" data-settings=\"{&quot;background_background&quot;:&quot;classic&quot;}\">\n\t\t\t<div class=\"elementor-widget-wrap elementor-element-populated\">\n\t\t\t\t\t\t<div class=\"elementor-element elementor-element-4537213 elementor-widget__width-initial elementor-widget elementor-widget-heading\" data-id=\"4537213\" data-element_type=\"widget\" data-widget_type=\"heading.default\">\n\t\t\t\t<div class=\"elementor-widget-container\">\n\t\t\t\t\t<h3 class=\"elementor-heading-title elementor-size-default\">Pachetul de lucru 3 (WP3): Ghid \u0219i materiale de informare<\/h3>\t\t\t\t<\/div>\n\t\t\t\t<\/div>\n\t\t\t\t<div class=\"elementor-element elementor-element-2817350 elementor-widget__width-initial elementor-widget elementor-widget-text-editor\" data-id=\"2817350\" data-element_type=\"widget\" data-widget_type=\"text-editor.default\">\n\t\t\t\t<div class=\"elementor-widget-container\">\n\t\t\t\t\t\t\t\t\t<p>Ghid: Instruc\u021biuni pas cu pas pentru gestionarea eficient\u0103 a programului. Bro\u0219ur\u0103 electronic\u0103 suplimentar\u0103: subliniaz\u0103 orient\u0103rile pentru o accesibilitate mai larg\u0103.<\/p>\t\t\t\t\t\t\t\t<\/div>\n\t\t\t\t<\/div>\n\t\t\t\t\t<\/div>\n\t\t<\/div>\n\t\t\t\t\t<\/div>\n\t\t<\/section>\n\t\t\t\t<section class=\"elementor-section elementor-top-section elementor-element elementor-element-491ea06 elementor-section-boxed elementor-section-height-default elementor-section-height-default\" data-id=\"491ea06\" data-element_type=\"section\">\n\t\t\t\t\t\t<div class=\"elementor-container elementor-column-gap-default\">\n\t\t\t\t\t<div class=\"elementor-column elementor-col-50 elementor-top-column elementor-element elementor-element-399ddfd\" data-id=\"399ddfd\" data-element_type=\"column\">\n\t\t\t<div class=\"elementor-widget-wrap elementor-element-populated\">\n\t\t\t\t\t\t<div class=\"elementor-element elementor-element-62c38c2 elementor-hidden-tablet elementor-hidden-mobile elementor-widget elementor-widget-image\" data-id=\"62c38c2\" data-element_type=\"widget\" data-widget_type=\"image.default\">\n\t\t\t\t<div class=\"elementor-widget-container\">\n\t\t\t\t\t\t\t\t\t\t\t\t\t\t\t<img loading=\"lazy\" decoding=\"async\" width=\"1239\" height=\"1754\" src=\"https:\/\/mp4mentors.eu\/wp-content\/uploads\/2024\/12\/Romania-MP4-Mentors-Guide-001.jpg\" class=\"attachment-full size-full wp-image-1038\" alt=\"\" srcset=\"https:\/\/mp4mentors.eu\/wp-content\/uploads\/2024\/12\/Romania-MP4-Mentors-Guide-001.jpg 1239w, https:\/\/mp4mentors.eu\/wp-content\/uploads\/2024\/12\/Romania-MP4-Mentors-Guide-001-212x300.jpg 212w, https:\/\/mp4mentors.eu\/wp-content\/uploads\/2024\/12\/Romania-MP4-Mentors-Guide-001-723x1024.jpg 723w, https:\/\/mp4mentors.eu\/wp-content\/uploads\/2024\/12\/Romania-MP4-Mentors-Guide-001-768x1087.jpg 768w, https:\/\/mp4mentors.eu\/wp-content\/uploads\/2024\/12\/Romania-MP4-Mentors-Guide-001-1085x1536.jpg 1085w, https:\/\/mp4mentors.eu\/wp-content\/uploads\/2024\/12\/Romania-MP4-Mentors-Guide-001-8x12.jpg 8w\" sizes=\"(max-width: 1239px) 100vw, 1239px\" \/>\t\t\t\t\t\t\t\t\t\t\t\t\t\t\t<\/div>\n\t\t\t\t<\/div>\n\t\t\t\t\t<\/div>\n\t\t<\/div>\n\t\t\t\t<div class=\"elementor-column elementor-col-50 elementor-top-column elementor-element elementor-element-b559f1d\" data-id=\"b559f1d\" data-element_type=\"column\" data-settings=\"{&quot;background_background&quot;:&quot;classic&quot;}\">\n\t\t\t<div class=\"elementor-widget-wrap elementor-element-populated\">\n\t\t\t\t\t\t<div class=\"elementor-element elementor-element-975f1a5 elementor-widget elementor-widget-heading\" data-id=\"975f1a5\" data-element_type=\"widget\" data-widget_type=\"heading.default\">\n\t\t\t\t<div class=\"elementor-widget-container\">\n\t\t\t\t\t<h2 class=\"elementor-heading-title elementor-size-default\">GHID<\/h2>\t\t\t\t<\/div>\n\t\t\t\t<\/div>\n\t\t\t\t<div class=\"elementor-element elementor-element-bdfcc71 elementor-widget elementor-widget-heading\" data-id=\"bdfcc71\" data-element_type=\"widget\" data-widget_type=\"heading.default\">\n\t\t\t\t<div class=\"elementor-widget-container\">\n\t\t\t\t\t<h5 class=\"elementor-heading-title elementor-size-default\">PENTRU MENTORII \u0218I\nCOORDONATORII\nVOLUNTARILOR<\/h5>\t\t\t\t<\/div>\n\t\t\t\t<\/div>\n\t\t\t\t<div class=\"elementor-element elementor-element-b170acc elementor-widget elementor-widget-jkit_button\" data-id=\"b170acc\" data-element_type=\"widget\" data-widget_type=\"jkit_button.default\">\n\t\t\t\t<div class=\"elementor-widget-container\">\n\t\t\t\t\t<div  class=\"jeg-elementor-kit jkit-button  icon-position-before jeg_module__3_69e4aaef82100\" ><a href=\"https:\/\/mp4mentors.eu\/wp-content\/uploads\/2024\/12\/Romania-MP4-Mentors-Guide.pdf\" class=\"jkit-button-wrapper\" target=\"_blank\"><i aria-hidden=\"true\" class=\"jki jki-Download-light\"><\/i>Romania<\/a><\/div>\t\t\t\t<\/div>\n\t\t\t\t<\/div>\n\t\t\t\t\t<\/div>\n\t\t<\/div>\n\t\t\t\t\t<\/div>\n\t\t<\/section>\n\t\t\t\t<section class=\"elementor-section elementor-top-section elementor-element elementor-element-548e7b6 elementor-section-boxed elementor-section-height-default elementor-section-height-default\" data-id=\"548e7b6\" data-element_type=\"section\">\n\t\t\t\t\t\t<div class=\"elementor-container elementor-column-gap-default\">\n\t\t\t\t\t<div class=\"elementor-column elementor-col-50 elementor-top-column elementor-element elementor-element-2bc882b\" data-id=\"2bc882b\" data-element_type=\"column\" data-settings=\"{&quot;background_background&quot;:&quot;classic&quot;}\">\n\t\t\t<div class=\"elementor-widget-wrap elementor-element-populated\">\n\t\t\t\t\t\t<div class=\"elementor-element elementor-element-4caf7e6 elementor-widget__width-initial elementor-widget elementor-widget-heading\" data-id=\"4caf7e6\" data-element_type=\"widget\" data-widget_type=\"heading.default\">\n\t\t\t\t<div class=\"elementor-widget-container\">\n\t\t\t\t\t<h3 class=\"elementor-heading-title elementor-size-default\">Pachetul de lucru 4 (WP4): Platforma de e-learning \u0219i instrumentele de evaluare<\/h3>\t\t\t\t<\/div>\n\t\t\t\t<\/div>\n\t\t\t\t<div class=\"elementor-element elementor-element-08c7b6d elementor-widget__width-initial elementor-widget elementor-widget-text-editor\" data-id=\"08c7b6d\" data-element_type=\"widget\" data-widget_type=\"text-editor.default\">\n\t\t\t\t<div class=\"elementor-widget-container\">\n\t\t\t\t\t\t\t\t\t<p>Platform\u0103 E-Learning: module interactive pentru \u00eembun\u0103t\u0103\u021birea competen\u021belor. Autoevaluare online: instrument pentru \u00eembun\u0103t\u0103\u021birea continu\u0103. Bro\u0219ur\u0103 electronic\u0103: eviden\u021biaz\u0103 platforma \u0219i instrumentele pentru o adoptare mai larg\u0103<\/p>\t\t\t\t\t\t\t\t<\/div>\n\t\t\t\t<\/div>\n\t\t\t\t<div class=\"elementor-element elementor-element-2c28b62 elementor-widget elementor-widget-jkit_button\" data-id=\"2c28b62\" data-element_type=\"widget\" data-widget_type=\"jkit_button.default\">\n\t\t\t\t<div class=\"elementor-widget-container\">\n\t\t\t\t\t<div  class=\"jeg-elementor-kit jkit-button  icon-position-before jeg_module__4_69e4aaef82efe\" ><a href=\"https:\/\/mp4mentors.eu\/ro\/courses\/course\/\" class=\"jkit-button-wrapper\" target=\"_blank\"><i aria-hidden=\"true\" class=\"jki jki-diploma-light\"><\/i><\/a><\/div>\t\t\t\t<\/div>\n\t\t\t\t<\/div>\n\t\t\t\t\t<\/div>\n\t\t<\/div>\n\t\t\t\t<div class=\"elementor-column elementor-col-50 elementor-top-column elementor-element elementor-element-6ae43e5\" data-id=\"6ae43e5\" data-element_type=\"column\">\n\t\t\t<div class=\"elementor-widget-wrap elementor-element-populated\">\n\t\t\t\t\t\t<div class=\"elementor-element elementor-element-de5eb17 elementor-hidden-tablet elementor-hidden-mobile elementor-widget elementor-widget-image\" data-id=\"de5eb17\" data-element_type=\"widget\" data-widget_type=\"image.default\">\n\t\t\t\t<div class=\"elementor-widget-container\">\n\t\t\t\t\t\t\t\t\t\t\t\t\t\t\t<img loading=\"lazy\" decoding=\"async\" width=\"454\" height=\"501\" src=\"https:\/\/mp4mentors.eu\/wp-content\/uploads\/2024\/05\/32.png\" class=\"attachment-large size-large wp-image-454\" alt=\"\" srcset=\"https:\/\/mp4mentors.eu\/wp-content\/uploads\/2024\/05\/32.png 454w, https:\/\/mp4mentors.eu\/wp-content\/uploads\/2024\/05\/32-272x300.png 272w\" sizes=\"(max-width: 454px) 100vw, 454px\" \/>\t\t\t\t\t\t\t\t\t\t\t\t\t\t\t<\/div>\n\t\t\t\t<\/div>\n\t\t\t\t\t<\/div>\n\t\t<\/div>\n\t\t\t\t\t<\/div>\n\t\t<\/section>\n\t\t\t\t<section class=\"elementor-section elementor-top-section elementor-element elementor-element-cb137e2 elementor-section-boxed elementor-section-height-default elementor-section-height-default\" data-id=\"cb137e2\" data-element_type=\"section\">\n\t\t\t\t\t\t<div class=\"elementor-container elementor-column-gap-default\">\n\t\t\t\t\t<div class=\"elementor-column elementor-col-100 elementor-top-column elementor-element elementor-element-24e6a86\" data-id=\"24e6a86\" data-element_type=\"column\" data-settings=\"{&quot;background_background&quot;:&quot;classic&quot;}\">\n\t\t\t<div class=\"elementor-widget-wrap elementor-element-populated\">\n\t\t\t\t\t\t<div class=\"elementor-element elementor-element-27bf259 elementor-widget elementor-widget-heading\" data-id=\"27bf259\" data-element_type=\"widget\" data-widget_type=\"heading.default\">\n\t\t\t\t<div class=\"elementor-widget-container\">\n\t\t\t\t\t<h2 class=\"elementor-heading-title elementor-size-default\">E-Brochures<\/h2>\t\t\t\t<\/div>\n\t\t\t\t<\/div>\n\t\t<div class=\"elementor-element elementor-element-091cba1 e-grid e-con-boxed e-con e-parent\" data-id=\"091cba1\" data-element_type=\"container\">\n\t\t\t\t\t<div class=\"e-con-inner\">\n\t\t\t\t<div class=\"elementor-element elementor-element-2215581 elementor-widget elementor-widget-jkit_button\" data-id=\"2215581\" data-element_type=\"widget\" data-widget_type=\"jkit_button.default\">\n\t\t\t\t<div class=\"elementor-widget-container\">\n\t\t\t\t\t<div  class=\"jeg-elementor-kit jkit-button  icon-position-before jeg_module__5_69e4aaef840c0\" ><a href=\"https:\/\/mp4mentors.eu\/wp-content\/uploads\/2025\/07\/MP4Mentors-e-brochure_01.pdf\" class=\"jkit-button-wrapper\" target=\"_blank\"><i aria-hidden=\"true\" class=\"jki jki-Download-light\"><\/i>WP1<\/a><\/div>\t\t\t\t<\/div>\n\t\t\t\t<\/div>\n\t\t\t\t<div class=\"elementor-element elementor-element-1b9f1a6 elementor-widget elementor-widget-jkit_button\" data-id=\"1b9f1a6\" data-element_type=\"widget\" data-widget_type=\"jkit_button.default\">\n\t\t\t\t<div class=\"elementor-widget-container\">\n\t\t\t\t\t<div  class=\"jeg-elementor-kit jkit-button  icon-position-before jeg_module__6_69e4aaef84576\" ><a href=\"https:\/\/mp4mentors.eu\/wp-content\/uploads\/2025\/07\/MP4Mentors-E-brochure-WP2-for-social-media.pdf\" class=\"jkit-button-wrapper\" target=\"_blank\"><i aria-hidden=\"true\" class=\"jki jki-Download-light\"><\/i>WP2<\/a><\/div>\t\t\t\t<\/div>\n\t\t\t\t<\/div>\n\t\t\t\t<div class=\"elementor-element elementor-element-24626e3 elementor-widget elementor-widget-jkit_button\" data-id=\"24626e3\" data-element_type=\"widget\" data-widget_type=\"jkit_button.default\">\n\t\t\t\t<div class=\"elementor-widget-container\">\n\t\t\t\t\t<div  class=\"jeg-elementor-kit jkit-button  icon-position-before jeg_module__7_69e4aaef849ee\" ><a href=\"https:\/\/mp4mentors.eu\/wp-content\/uploads\/2025\/07\/MP4Mentors_WP3_Guidelines_E-brochure-1.pdf\" class=\"jkit-button-wrapper\" target=\"_blank\"><i aria-hidden=\"true\" class=\"jki jki-Download-light\"><\/i>WP3<\/a><\/div>\t\t\t\t<\/div>\n\t\t\t\t<\/div>\n\t\t\t\t<div class=\"elementor-element elementor-element-1080d05 elementor-widget elementor-widget-jkit_button\" data-id=\"1080d05\" data-element_type=\"widget\" data-widget_type=\"jkit_button.default\">\n\t\t\t\t<div class=\"elementor-widget-container\">\n\t\t\t\t\t<div  class=\"jeg-elementor-kit jkit-button  icon-position-before jeg_module__8_69e4aaef84e76\" ><a href=\"https:\/\/mp4mentors.eu\/wp-content\/uploads\/2025\/07\/MP4Mentors_WP4_e-brochure-1.pdf\" class=\"jkit-button-wrapper\" target=\"_blank\"><i aria-hidden=\"true\" class=\"jki jki-Download-light\"><\/i>WP4<\/a><\/div>\t\t\t\t<\/div>\n\t\t\t\t<\/div>\n\t\t\t\t\t<\/div>\n\t\t\t\t<\/div>\n\t\t\t\t\t<\/div>\n\t\t<\/div>\n\t\t\t\t\t<\/div>\n\t\t<\/section>\n\t\t\t\t<section class=\"elementor-section elementor-top-section elementor-element elementor-element-5b076af elementor-section-boxed elementor-section-height-default elementor-section-height-default\" data-id=\"5b076af\" data-element_type=\"section\">\n\t\t\t\t\t\t<div class=\"elementor-container elementor-column-gap-default\">\n\t\t\t\t\t<div class=\"elementor-column elementor-col-100 elementor-top-column elementor-element elementor-element-c06659c\" data-id=\"c06659c\" data-element_type=\"column\">\n\t\t\t<div class=\"elementor-widget-wrap elementor-element-populated\">\n\t\t\t\t\t\t<div class=\"elementor-element elementor-element-d02d11e elementor-widget elementor-widget-text-editor\" data-id=\"d02d11e\" data-element_type=\"widget\" data-widget_type=\"text-editor.default\">\n\t\t\t\t<div class=\"elementor-widget-container\">\n\t\t\t\t\t\t\t\t\t<p>V\u0103 invit\u0103m s\u0103 explora\u021bi multitudinea de resurse \u0219i instrumente oferite prin pachetele noastre de lucru. \u00cempreun\u0103, vom continua s\u0103 \u00eembun\u0103t\u0103\u021bim competen\u021bele, sistemele de sprijin \u0219i eforturile de informare ale mentorilor \u0219i coordonatorilor voluntari din \u00eentreaga Europ\u0103. Al\u0103tura\u021bi-v\u0103 nou\u0103 \u00een misiunea noastr\u0103 de a responsabiliza comunit\u0103\u021bile, de a promova schimb\u0103ri pozitive \u0219i de a construi un viitor mai luminos prin puterea voluntariatului.<\/p>\t\t\t\t\t\t\t\t<\/div>\n\t\t\t\t<\/div>\n\t\t\t\t\t<\/div>\n\t\t<\/div>\n\t\t\t\t\t<\/div>\n\t\t<\/section>\n\t\t\t\t<\/div>","protected":false},"excerpt":{"rendered":"<p>Rezultatele proiectului Proiectul MP4Mentors \u00ee\u0219i propune s\u0103 ob\u021bin\u0103 rezultate tangibile \u0219i cu impact care s\u0103 contribuie la dezvoltarea mentorilor \u0219i coordonatorilor de voluntari, \u00eembun\u0103t\u0103\u021bind \u00een cele din urm\u0103 experien\u021ba de voluntariat a tinerilor. Rezultatele proiectului sunt clasificate pe baza pachetelor de lucru respective, prezent\u00e2nd o abordare cuprinz\u0103toare a abord\u0103rii nevoilor identificate. Pachetul de lucru 2 [&hellip;]<\/p>","protected":false},"author":1,"featured_media":0,"parent":0,"menu_order":0,"comment_status":"closed","ping_status":"closed","template":"elementor_header_footer","meta":{"ngg_post_thumbnail":0,"footnotes":""},"class_list":["post-822","page","type-page","status-publish","hentry"],"_links":{"self":[{"href":"https:\/\/mp4mentors.eu\/ro\/wp-json\/wp\/v2\/pages\/822","targetHints":{"allow":["GET"]}}],"collection":[{"href":"https:\/\/mp4mentors.eu\/ro\/wp-json\/wp\/v2\/pages"}],"about":[{"href":"https:\/\/mp4mentors.eu\/ro\/wp-json\/wp\/v2\/types\/page"}],"author":[{"embeddable":true,"href":"https:\/\/mp4mentors.eu\/ro\/wp-json\/wp\/v2\/users\/1"}],"replies":[{"embeddable":true,"href":"https:\/\/mp4mentors.eu\/ro\/wp-json\/wp\/v2\/comments?post=822"}],"version-history":[{"count":31,"href":"https:\/\/mp4mentors.eu\/ro\/wp-json\/wp\/v2\/pages\/822\/revisions"}],"predecessor-version":[{"id":5901,"href":"https:\/\/mp4mentors.eu\/ro\/wp-json\/wp\/v2\/pages\/822\/revisions\/5901"}],"wp:attachment":[{"href":"https:\/\/mp4mentors.eu\/ro\/wp-json\/wp\/v2\/media?parent=822"}],"curies":[{"name":"wp","href":"https:\/\/api.w.org\/{rel}","templated":true}]}}