{"id":800,"date":"2024-08-07T13:43:46","date_gmt":"2024-08-07T11:43:46","guid":{"rendered":"https:\/\/mp4mentors.eu\/?page_id=800"},"modified":"2024-08-07T13:46:06","modified_gmt":"2024-08-07T11:46:06","slug":"despre","status":"publish","type":"page","link":"https:\/\/mp4mentors.eu\/ro\/despre\/","title":{"rendered":"Despre"},"content":{"rendered":"<div data-elementor-type=\"wp-page\" data-elementor-id=\"800\" class=\"elementor elementor-800\">\n\t\t\t\t\t\t<section class=\"elementor-section elementor-top-section elementor-element elementor-element-207b462 elementor-section-boxed elementor-section-height-default elementor-section-height-default\" data-id=\"207b462\" data-element_type=\"section\">\n\t\t\t\t\t\t<div class=\"elementor-container elementor-column-gap-default\">\n\t\t\t\t\t<div class=\"elementor-column elementor-col-100 elementor-top-column elementor-element elementor-element-f7f55f4\" data-id=\"f7f55f4\" data-element_type=\"column\">\n\t\t\t<div class=\"elementor-widget-wrap elementor-element-populated\">\n\t\t\t\t\t\t<div class=\"elementor-element elementor-element-19645ed elementor-widget elementor-widget-spacer\" data-id=\"19645ed\" data-element_type=\"widget\" data-widget_type=\"spacer.default\">\n\t\t\t\t<div class=\"elementor-widget-container\">\n\t\t\t\t\t\t\t<div class=\"elementor-spacer\">\n\t\t\t<div class=\"elementor-spacer-inner\"><\/div>\n\t\t<\/div>\n\t\t\t\t\t\t<\/div>\n\t\t\t\t<\/div>\n\t\t\t\t\t<\/div>\n\t\t<\/div>\n\t\t\t\t\t<\/div>\n\t\t<\/section>\n\t\t\t\t<section class=\"elementor-section elementor-top-section elementor-element elementor-element-547a49f elementor-section-boxed elementor-section-height-default elementor-section-height-default\" data-id=\"547a49f\" data-element_type=\"section\">\n\t\t\t\t\t\t<div class=\"elementor-container elementor-column-gap-default\">\n\t\t\t\t\t<div class=\"elementor-column elementor-col-100 elementor-top-column elementor-element elementor-element-acf3b84\" data-id=\"acf3b84\" data-element_type=\"column\">\n\t\t\t<div class=\"elementor-widget-wrap elementor-element-populated\">\n\t\t\t\t\t\t<div class=\"elementor-element elementor-element-3aea326 elementor-widget elementor-widget-heading\" data-id=\"3aea326\" data-element_type=\"widget\" data-widget_type=\"heading.default\">\n\t\t\t\t<div class=\"elementor-widget-container\">\n\t\t\t\t\t<h1 class=\"elementor-heading-title elementor-size-default\">DESPRE PROIECT<\/h1>\t\t\t\t<\/div>\n\t\t\t\t<\/div>\n\t\t\t\t\t<\/div>\n\t\t<\/div>\n\t\t\t\t\t<\/div>\n\t\t<\/section>\n\t\t\t\t<section class=\"elementor-section elementor-top-section elementor-element elementor-element-253fcee elementor-section-boxed elementor-section-height-default elementor-section-height-default\" data-id=\"253fcee\" data-element_type=\"section\">\n\t\t\t\t\t\t<div class=\"elementor-container elementor-column-gap-default\">\n\t\t\t\t\t<div class=\"elementor-column elementor-col-100 elementor-top-column elementor-element elementor-element-6ef8e40\" data-id=\"6ef8e40\" data-element_type=\"column\">\n\t\t\t<div class=\"elementor-widget-wrap elementor-element-populated\">\n\t\t\t\t\t\t<div class=\"elementor-element elementor-element-8e7d319 elementor-widget elementor-widget-text-editor\" data-id=\"8e7d319\" data-element_type=\"widget\" data-widget_type=\"text-editor.default\">\n\t\t\t\t<div class=\"elementor-widget-container\">\n\t\t\t\t\t\t\t\t\t<p>MP4Mentors: Construirea de lideri voluntari mai puternici \u00een Europa (Suedia, Austria, Spania, Cipru, Rom\u00e2nia)<\/p>\t\t\t\t\t\t\t\t<\/div>\n\t\t\t\t<\/div>\n\t\t\t\t\t<\/div>\n\t\t<\/div>\n\t\t\t\t\t<\/div>\n\t\t<\/section>\n\t\t\t\t<section class=\"elementor-section elementor-top-section elementor-element elementor-element-d388f02 elementor-section-boxed elementor-section-height-default elementor-section-height-default\" data-id=\"d388f02\" data-element_type=\"section\">\n\t\t\t\t\t\t<div class=\"elementor-container elementor-column-gap-default\">\n\t\t\t\t\t<div class=\"elementor-column elementor-col-100 elementor-top-column elementor-element elementor-element-ad7ed68\" data-id=\"ad7ed68\" data-element_type=\"column\">\n\t\t\t<div class=\"elementor-widget-wrap elementor-element-populated\">\n\t\t\t\t\t\t<div class=\"elementor-element elementor-element-f602591 elementor-widget elementor-widget-elementskit-heading\" data-id=\"f602591\" data-element_type=\"widget\" data-widget_type=\"elementskit-heading.default\">\n\t\t\t\t<div class=\"elementor-widget-container\">\n\t\t\t\t\t<div class=\"ekit-wid-con\" ><div class=\"ekit-heading elementskit-section-title-wraper text_left   ekit_heading_tablet-   ekit_heading_mobile-\"><h3 class=\"ekit-heading--title elementskit-section-title\">Proiectul:<\/h3>\t\t\t\t<div class='ekit-heading__description'>\n\t\t\t\t\t<p>MP4Mentors este un efort de colaborare axat pe \u00eemputernicirea liderilor de voluntari din cinci \u021b\u0103ri europene. Recunoa\u0219tem poten\u021bialul incredibil al voluntariatului \u00een r\u00e2ndul tinerilor, dar \u0219i nevoia de mentori \u0219i coordonatori bine preg\u0103ti\u021bi pentru a-i ghida \u0219i sprijini pe tinerii participan\u021bi.<\/p>\n\t\t\t\t<\/div>\n\t\t\t<\/div><\/div>\t\t\t\t<\/div>\n\t\t\t\t<\/div>\n\t\t\t\t<div class=\"elementor-element elementor-element-ff31176 elementor-widget elementor-widget-elementskit-heading\" data-id=\"ff31176\" data-element_type=\"widget\" data-widget_type=\"elementskit-heading.default\">\n\t\t\t\t<div class=\"elementor-widget-container\">\n\t\t\t\t\t<div class=\"ekit-wid-con\" ><div class=\"ekit-heading elementskit-section-title-wraper text_left   ekit_heading_tablet-   ekit_heading_mobile-\"><h3 class=\"ekit-heading--title elementskit-section-title\">Obiectivul nostru:<\/h3>\t\t\t\t<div class='ekit-heading__description'>\n\t\t\t\t\t<p class=\"cvGsUA direction-ltr align-start para-style-body\">Proiectul se concentreaz\u0103 pe domeniile cheie care au un impact direct asupra succesului programului de voluntariat: Gestionarea programului de voluntariat: Oferim formare privind cele mai bune practici pentru dezvoltarea programului, evaluare \u0219i implicarea participan\u021bilor. Dezvoltarea resurselor: \u00eenv\u0103\u021ba\u021bi strategii eficiente pentru str\u00e2ngerea de fonduri, asigurarea parteneriatelor \u0219i gestionarea finan\u021belor.<\/p>\n\t\t\t\t<\/div>\n\t\t\t<\/div><\/div>\t\t\t\t<\/div>\n\t\t\t\t<\/div>\n\t\t\t\t\t<\/div>\n\t\t<\/div>\n\t\t\t\t\t<\/div>\n\t\t<\/section>\n\t\t\t\t<section class=\"elementor-section elementor-top-section elementor-element elementor-element-467704f elementor-section-boxed elementor-section-height-default elementor-section-height-default\" data-id=\"467704f\" data-element_type=\"section\">\n\t\t\t\t\t\t<div class=\"elementor-container elementor-column-gap-default\">\n\t\t\t\t\t<div class=\"elementor-column elementor-col-100 elementor-top-column elementor-element elementor-element-5c1e34f\" data-id=\"5c1e34f\" data-element_type=\"column\">\n\t\t\t<div class=\"elementor-widget-wrap elementor-element-populated\">\n\t\t\t\t\t\t<div class=\"elementor-element elementor-element-e832d78 elementor-widget__width-inherit elementor-widget elementor-widget-image\" data-id=\"e832d78\" data-element_type=\"widget\" data-widget_type=\"image.default\">\n\t\t\t\t<div class=\"elementor-widget-container\">\n\t\t\t\t\t\t\t\t\t\t\t\t\t\t\t<img fetchpriority=\"high\" decoding=\"async\" width=\"1788\" height=\"915\" src=\"https:\/\/mp4mentors.eu\/wp-content\/uploads\/2024\/05\/6.jpg\" class=\"attachment-2048x2048 size-2048x2048 wp-image-366\" alt=\"\" srcset=\"https:\/\/mp4mentors.eu\/wp-content\/uploads\/2024\/05\/6.jpg 1788w, https:\/\/mp4mentors.eu\/wp-content\/uploads\/2024\/05\/6-300x154.jpg 300w, https:\/\/mp4mentors.eu\/wp-content\/uploads\/2024\/05\/6-1024x524.jpg 1024w, https:\/\/mp4mentors.eu\/wp-content\/uploads\/2024\/05\/6-768x393.jpg 768w, https:\/\/mp4mentors.eu\/wp-content\/uploads\/2024\/05\/6-1536x786.jpg 1536w\" sizes=\"(max-width: 1788px) 100vw, 1788px\" \/>\t\t\t\t\t\t\t\t\t\t\t\t\t\t\t<\/div>\n\t\t\t\t<\/div>\n\t\t\t\t\t<\/div>\n\t\t<\/div>\n\t\t\t\t\t<\/div>\n\t\t<\/section>\n\t\t\t\t<section class=\"elementor-section elementor-top-section elementor-element elementor-element-10d9b74 elementor-section-boxed elementor-section-height-default elementor-section-height-default\" data-id=\"10d9b74\" data-element_type=\"section\">\n\t\t\t\t\t\t<div class=\"elementor-container elementor-column-gap-default\">\n\t\t\t\t\t<div class=\"elementor-column elementor-col-100 elementor-top-column elementor-element elementor-element-0dc3a0d\" data-id=\"0dc3a0d\" data-element_type=\"column\">\n\t\t\t<div class=\"elementor-widget-wrap elementor-element-populated\">\n\t\t\t\t\t\t<div class=\"elementor-element elementor-element-f8a015d elementor-widget elementor-widget-elementskit-heading\" data-id=\"f8a015d\" data-element_type=\"widget\" data-widget_type=\"elementskit-heading.default\">\n\t\t\t\t<div class=\"elementor-widget-container\">\n\t\t\t\t\t<div class=\"ekit-wid-con\" ><div class=\"ekit-heading elementskit-section-title-wraper text_left   ekit_heading_tablet-   ekit_heading_mobile-\"><h3 class=\"ekit-heading--title elementskit-section-title\">Rezultate:<\/h3>\t\t\t\t<div class='ekit-heading__description'>\n\t\t\t\t\t<p class=\"cvGsUA direction-ltr align-start para-style-body\">Prin echiparea liderilor voluntari cu abilit\u0103\u021bile \u0219i cuno\u0219tin\u021bele necesare, MP4Mentors \u00ee\u0219i propune s\u0103 creeze un impact de durat\u0103: Resurse concrete: Vom elabora orient\u0103ri clare \u0219i un ghid de formare cuprinz\u0103tor pentru mentori \u0219i coordonatori. Platform\u0103 digital\u0103 de \u00eenv\u0103\u021bare: O platform\u0103 de e-learning accesibil\u0103 va oferi materiale de formare continu\u0103 \u0219i de sprijin. Practici inovatoare: Vom prezenta cele mai bune practici \u00een gestionarea voluntarilor printr-o colec\u021bie de exemple de programe de succes.<\/p>\n\t\t\t\t<\/div>\n\t\t\t<\/div><\/div>\t\t\t\t<\/div>\n\t\t\t\t<\/div>\n\t\t\t\t<div class=\"elementor-element elementor-element-8800e8c elementor-widget elementor-widget-elementskit-heading\" data-id=\"8800e8c\" data-element_type=\"widget\" data-widget_type=\"elementskit-heading.default\">\n\t\t\t\t<div class=\"elementor-widget-container\">\n\t\t\t\t\t<div class=\"ekit-wid-con\" ><div class=\"ekit-heading elementskit-section-title-wraper text_left   ekit_heading_tablet-   ekit_heading_mobile-\"><h3 class=\"ekit-heading--title elementskit-section-title\">Beneficiile:<\/h3>\t\t\t\t<div class='ekit-heading__description'>\n\t\t\t\t\t<p class=\"cvGsUA direction-ltr align-start para-style-body\">MP4Mentors nu doar echipeaz\u0103 liderii, ci \u0219i responsabilizeaz\u0103 tinerii: Impact sporit: Mentorii vor dob\u00e2ndi cuno\u0219tin\u021bele necesare pentru a concepe experien\u021be de voluntariat care s\u0103 maximizeze dezvoltarea competen\u021belor tinerilor participan\u021bi. Management tehnologizat: Liderii vor \u00eenv\u0103\u021ba s\u0103 utilizeze instrumentele digitale pentru o mai bun\u0103 comunicare \u0219i un management simplificat al programului. Sisteme de recunoa\u0219tere: Vom dezvolta metode de recunoa\u0219tere a contribu\u021biilor valoroase at\u00e2t ale mentorilor, c\u00e2t \u0219i ale tinerilor voluntari.<\/p>\n\t\t\t\t<\/div>\n\t\t\t<\/div><\/div>\t\t\t\t<\/div>\n\t\t\t\t<\/div>\n\t\t\t\t\t<\/div>\n\t\t<\/div>\n\t\t\t\t\t<\/div>\n\t\t<\/section>\n\t\t\t\t<section class=\"elementor-section elementor-top-section elementor-element elementor-element-7361188 elementor-section-boxed elementor-section-height-default elementor-section-height-default\" data-id=\"7361188\" data-element_type=\"section\">\n\t\t\t\t\t\t<div class=\"elementor-container elementor-column-gap-default\">\n\t\t\t\t\t<div class=\"elementor-column elementor-col-100 elementor-top-column elementor-element elementor-element-e7db6f9\" data-id=\"e7db6f9\" data-element_type=\"column\">\n\t\t\t<div class=\"elementor-widget-wrap elementor-element-populated\">\n\t\t\t\t\t\t<div class=\"elementor-element elementor-element-afffe58 elementor-widget elementor-widget-video\" data-id=\"afffe58\" data-element_type=\"widget\" data-settings=\"{&quot;video_type&quot;:&quot;hosted&quot;,&quot;start&quot;:1,&quot;controls&quot;:&quot;yes&quot;}\" data-widget_type=\"video.default\">\n\t\t\t\t<div class=\"elementor-widget-container\">\n\t\t\t\t\t\t\t<div class=\"e-hosted-video elementor-wrapper elementor-open-inline\">\n\t\t\t\t\t<video class=\"elementor-video\" src=\"https:\/\/mp4mentors.eu\/wp-content\/uploads\/2024\/05\/mp4-website-video.mp4#t=1\" controls=\"\" preload=\"metadata\" controlslist=\"nodownload\"><\/video>\n\t\t\t\t<\/div>\n\t\t\t\t\t\t<\/div>\n\t\t\t\t<\/div>\n\t\t\t\t\t<\/div>\n\t\t<\/div>\n\t\t\t\t\t<\/div>\n\t\t<\/section>\n\t\t\t\t<section class=\"elementor-section elementor-top-section elementor-element elementor-element-a7ec8fe elementor-section-boxed elementor-section-height-default elementor-section-height-default\" data-id=\"a7ec8fe\" data-element_type=\"section\">\n\t\t\t\t\t\t<div class=\"elementor-container elementor-column-gap-default\">\n\t\t\t\t\t<div class=\"elementor-column elementor-col-100 elementor-top-column elementor-element elementor-element-54cdfdb\" data-id=\"54cdfdb\" data-element_type=\"column\">\n\t\t\t<div class=\"elementor-widget-wrap elementor-element-populated\">\n\t\t\t\t\t\t<div class=\"elementor-element elementor-element-4db9831 elementor-widget elementor-widget-elementskit-heading\" data-id=\"4db9831\" data-element_type=\"widget\" data-widget_type=\"elementskit-heading.default\">\n\t\t\t\t<div class=\"elementor-widget-container\">\n\t\t\t\t\t<div class=\"ekit-wid-con\" ><div class=\"ekit-heading elementskit-section-title-wraper text_left   ekit_heading_tablet-   ekit_heading_mobile-\"><h1 class=\"ekit-heading--title elementskit-section-title\">Al\u0103tura\u021bi-v\u0103 mi\u0219c\u0103rii:<\/h1>\t\t\t\t<div class='ekit-heading__description'>\n\t\t\t\t\t<p>Proiectul MP4Mentors se angajeaz\u0103 s\u0103 creeze un viitor \u00een care liderii voluntari abilita\u021bi deblocheaz\u0103 \u00eentregul poten\u021bial al tinerilor. Cu sprijinul dumneavoastr\u0103, putem promova o genera\u021bie de tineri echipa\u021bi cu competen\u021be reale, un puternic sim\u021b al comunit\u0103\u021bii \u0219i o pasiune pentru schimb\u0103ri pozitive.<\/p>\n\t\t\t\t<\/div>\n\t\t\t<\/div><\/div>\t\t\t\t<\/div>\n\t\t\t\t<\/div>\n\t\t\t\t\t<\/div>\n\t\t<\/div>\n\t\t\t\t\t<\/div>\n\t\t<\/section>\n\t\t\t\t<\/div>","protected":false},"excerpt":{"rendered":"<p>DESPRE PROIECT MP4Mentors: Construirea de lideri voluntari mai puternici \u00een Europa (Suedia, Austria, Spania, Cipru, Rom\u00e2nia) Proiectul: MP4Mentors este un efort de colaborare axat pe \u00eemputernicirea liderilor de voluntari din cinci \u021b\u0103ri europene. Recunoa\u0219tem poten\u021bialul incredibil al voluntariatului \u00een r\u00e2ndul tinerilor, dar \u0219i nevoia de mentori \u0219i coordonatori bine preg\u0103ti\u021bi pentru a-i ghida \u0219i sprijini [&hellip;]<\/p>","protected":false},"author":1,"featured_media":0,"parent":0,"menu_order":0,"comment_status":"closed","ping_status":"closed","template":"elementor_header_footer","meta":{"ngg_post_thumbnail":0,"footnotes":""},"class_list":["post-800","page","type-page","status-publish","hentry"],"_links":{"self":[{"href":"https:\/\/mp4mentors.eu\/ro\/wp-json\/wp\/v2\/pages\/800","targetHints":{"allow":["GET"]}}],"collection":[{"href":"https:\/\/mp4mentors.eu\/ro\/wp-json\/wp\/v2\/pages"}],"about":[{"href":"https:\/\/mp4mentors.eu\/ro\/wp-json\/wp\/v2\/types\/page"}],"author":[{"embeddable":true,"href":"https:\/\/mp4mentors.eu\/ro\/wp-json\/wp\/v2\/users\/1"}],"replies":[{"embeddable":true,"href":"https:\/\/mp4mentors.eu\/ro\/wp-json\/wp\/v2\/comments?post=800"}],"version-history":[{"count":4,"href":"https:\/\/mp4mentors.eu\/ro\/wp-json\/wp\/v2\/pages\/800\/revisions"}],"predecessor-version":[{"id":804,"href":"https:\/\/mp4mentors.eu\/ro\/wp-json\/wp\/v2\/pages\/800\/revisions\/804"}],"wp:attachment":[{"href":"https:\/\/mp4mentors.eu\/ro\/wp-json\/wp\/v2\/media?parent=800"}],"curies":[{"name":"wp","href":"https:\/\/api.w.org\/{rel}","templated":true}]}}