{"id":2791,"date":"2023-11-26T15:20:30","date_gmt":"2023-11-26T13:20:30","guid":{"rendered":"https:\/\/mp4mentors.eu\/partners\/"},"modified":"2025-03-24T20:49:12","modified_gmt":"2025-03-24T18:49:12","slug":"partners","status":"publish","type":"page","link":"https:\/\/mp4mentors.eu\/partners\/","title":{"rendered":"Partners"},"content":{"rendered":"<div data-elementor-type=\"wp-page\" data-elementor-id=\"2791\" class=\"elementor elementor-2791\">\n\t\t\t\t\t\t<section class=\"elementor-section elementor-top-section elementor-element elementor-element-26d39f6c elementor-section-full_width elementor-section-height-default elementor-section-height-default\" data-id=\"26d39f6c\" data-element_type=\"section\" data-settings=\"{&quot;background_background&quot;:&quot;classic&quot;}\">\n\t\t\t\t\t\t<div class=\"elementor-container elementor-column-gap-default\">\n\t\t\t\t\t<div class=\"elementor-column elementor-col-100 elementor-top-column elementor-element elementor-element-56a00d4b\" data-id=\"56a00d4b\" data-element_type=\"column\">\n\t\t\t<div class=\"elementor-widget-wrap elementor-element-populated\">\n\t\t\t\t\t\t<div class=\"elementor-element elementor-element-7cd423b elementor-widget__width-initial elementor-hidden-tablet elementor-hidden-mobile elementor-widget elementor-widget-spacer\" data-id=\"7cd423b\" data-element_type=\"widget\" data-widget_type=\"spacer.default\">\n\t\t\t\t<div class=\"elementor-widget-container\">\n\t\t\t\t\t\t\t<div class=\"elementor-spacer\">\n\t\t\t<div class=\"elementor-spacer-inner\"><\/div>\n\t\t<\/div>\n\t\t\t\t\t\t<\/div>\n\t\t\t\t<\/div>\n\t\t\t\t<div class=\"elementor-element elementor-element-22c1358 elementor-widget__width-initial elementor-hidden-tablet elementor-hidden-mobile elementor-widget elementor-widget-spacer\" data-id=\"22c1358\" data-element_type=\"widget\" data-widget_type=\"spacer.default\">\n\t\t\t\t<div class=\"elementor-widget-container\">\n\t\t\t\t\t\t\t<div class=\"elementor-spacer\">\n\t\t\t<div class=\"elementor-spacer-inner\"><\/div>\n\t\t<\/div>\n\t\t\t\t\t\t<\/div>\n\t\t\t\t<\/div>\n\t\t\t\t<div class=\"elementor-element elementor-element-4e96464 elementor-widget elementor-widget-heading\" data-id=\"4e96464\" data-element_type=\"widget\" data-widget_type=\"heading.default\">\n\t\t\t\t<div class=\"elementor-widget-container\">\n\t\t\t\t\t<h2 class=\"elementor-heading-title elementor-size-default\">Die Projektpartner\n<\/h2>\t\t\t\t<\/div>\n\t\t\t\t<\/div>\n\t\t\t\t\t<\/div>\n\t\t<\/div>\n\t\t\t\t\t<\/div>\n\t\t<\/section>\n\t\t\t\t<section class=\"elementor-section elementor-top-section elementor-element elementor-element-98b17e5 elementor-section-boxed elementor-section-height-default elementor-section-height-default\" data-id=\"98b17e5\" data-element_type=\"section\">\n\t\t\t\t\t\t\t<div class=\"elementor-background-overlay\"><\/div>\n\t\t\t\t\t\t\t<div class=\"elementor-container elementor-column-gap-default\">\n\t\t\t\t\t<div class=\"elementor-column elementor-col-50 elementor-top-column elementor-element elementor-element-d6e2ccd\" data-id=\"d6e2ccd\" data-element_type=\"column\">\n\t\t\t<div class=\"elementor-widget-wrap elementor-element-populated\">\n\t\t\t\t\t\t<div class=\"elementor-element elementor-element-8fe3833 elementor-widget-mobile__width-initial elementor-widget elementor-widget-image\" data-id=\"8fe3833\" data-element_type=\"widget\" data-widget_type=\"image.default\">\n\t\t\t\t<div class=\"elementor-widget-container\">\n\t\t\t\t\t\t\t\t\t\t\t\t\t\t\t\t<a href=\"https:\/\/mirakademien.com\/\">\n\t\t\t\t\t\t\t<img fetchpriority=\"high\" decoding=\"async\" width=\"300\" height=\"300\" src=\"https:\/\/mp4mentors.eu\/wp-content\/uploads\/2025\/03\/Logotypes-Mir-black_D\u009cD\u00beD\u00bdN\u0082D\u00b0D\u00b6D\u00bdD\u00b0-D\u00beD\u00b1DD\u00b0N\u0081N\u0082N\u008c-1-300x300.png\" class=\"attachment-medium size-medium wp-image-3719\" alt=\"\" srcset=\"https:\/\/mp4mentors.eu\/wp-content\/uploads\/2025\/03\/Logotypes-Mir-black_D\u009cD\u00beD\u00bdN\u0082D\u00b0D\u00b6D\u00bdD\u00b0-D\u00beD\u00b1DD\u00b0N\u0081N\u0082N\u008c-1-300x300.png 300w, https:\/\/mp4mentors.eu\/wp-content\/uploads\/2025\/03\/Logotypes-Mir-black_D\u009cD\u00beD\u00bdN\u0082D\u00b0D\u00b6D\u00bdD\u00b0-D\u00beD\u00b1DD\u00b0N\u0081N\u0082N\u008c-1-1024x1024.png 1024w, https:\/\/mp4mentors.eu\/wp-content\/uploads\/2025\/03\/Logotypes-Mir-black_D\u009cD\u00beD\u00bdN\u0082D\u00b0D\u00b6D\u00bdD\u00b0-D\u00beD\u00b1DD\u00b0N\u0081N\u0082N\u008c-1-150x150.png 150w, https:\/\/mp4mentors.eu\/wp-content\/uploads\/2025\/03\/Logotypes-Mir-black_D\u009cD\u00beD\u00bdN\u0082D\u00b0D\u00b6D\u00bdD\u00b0-D\u00beD\u00b1DD\u00b0N\u0081N\u0082N\u008c-1-768x768.png 768w, https:\/\/mp4mentors.eu\/wp-content\/uploads\/2025\/03\/Logotypes-Mir-black_D\u009cD\u00beD\u00bdN\u0082D\u00b0D\u00b6D\u00bdD\u00b0-D\u00beD\u00b1DD\u00b0N\u0081N\u0082N\u008c-1-1536x1536.png 1536w, https:\/\/mp4mentors.eu\/wp-content\/uploads\/2025\/03\/Logotypes-Mir-black_D\u009cD\u00beD\u00bdN\u0082D\u00b0D\u00b6D\u00bdD\u00b0-D\u00beD\u00b1DD\u00b0N\u0081N\u0082N\u008c-1-2048x2048.png 2048w, https:\/\/mp4mentors.eu\/wp-content\/uploads\/2025\/03\/Logotypes-Mir-black_D\u009cD\u00beD\u00bdN\u0082D\u00b0D\u00b6D\u00bdD\u00b0-D\u00beD\u00b1DD\u00b0N\u0081N\u0082N\u008c-1-12x12.png 12w\" sizes=\"(max-width: 300px) 100vw, 300px\" \/>\t\t\t\t\t\t\t\t<\/a>\n\t\t\t\t\t\t\t\t\t\t\t\t\t\t\t<\/div>\n\t\t\t\t<\/div>\n\t\t\t\t\t<\/div>\n\t\t<\/div>\n\t\t\t\t<div class=\"elementor-column elementor-col-50 elementor-top-column elementor-element elementor-element-ea5c405\" data-id=\"ea5c405\" data-element_type=\"column\">\n\t\t\t<div class=\"elementor-widget-wrap elementor-element-populated\">\n\t\t\t\t\t\t<div class=\"elementor-element elementor-element-01f8eed elementor-widget elementor-widget-text-editor\" data-id=\"01f8eed\" data-element_type=\"widget\" data-widget_type=\"text-editor.default\">\n\t\t\t\t<div class=\"elementor-widget-container\">\n\t\t\t\t\t\t\t\t\tMIR Akademien ist eine Bildungs- und Beratungsorganisation, die im Bereich der sozialen Entwicklung mit Schwerpunkt auf Diversity Mainstreaming, Menschenrechten und nachhaltiger Entwicklung arbeitet. Wir n\u00e4hern uns der sozialen Innovation \u00fcber eine Reihe von Dienstleistungen wie partizipative Forschung, Entwicklung von Schulungsl\u00f6sungen, Durchf\u00fchrung von Schulungen und individuelle Beratung von Organisationen und Einzelpersonen auf der Grundlage der tats\u00e4chlichen Bed\u00fcrfnisse.\n\n\t\t\t\t\t\t\t\t<\/div>\n\t\t\t\t<\/div>\n\t\t\t\t\t<\/div>\n\t\t<\/div>\n\t\t\t\t\t<\/div>\n\t\t<\/section>\n\t\t\t\t<section class=\"elementor-section elementor-top-section elementor-element elementor-element-3afdce3 elementor-section-boxed elementor-section-height-default elementor-section-height-default\" data-id=\"3afdce3\" data-element_type=\"section\">\n\t\t\t\t\t\t\t<div class=\"elementor-background-overlay\"><\/div>\n\t\t\t\t\t\t\t<div class=\"elementor-container elementor-column-gap-default\">\n\t\t\t\t\t<div class=\"elementor-column elementor-col-50 elementor-top-column elementor-element elementor-element-5465c13\" data-id=\"5465c13\" data-element_type=\"column\">\n\t\t\t<div class=\"elementor-widget-wrap elementor-element-populated\">\n\t\t\t\t\t\t<div class=\"elementor-element elementor-element-d5dcc01 elementor-widget elementor-widget-text-editor\" data-id=\"d5dcc01\" data-element_type=\"widget\" data-widget_type=\"text-editor.default\">\n\t\t\t\t<div class=\"elementor-widget-container\">\n\t\t\t\t\t\t\t\t\tDie VAEV Forschungs- und Entwicklungsagentur GmbH mit Sitz in Wien, \u00d6sterreich, ist ein zukunftsorientiertes Unternehmen, das sich der bahnbrechenden Forschung und Entwicklung verschrieben hat. Mit dem Hauptaugenmerk auf Innovation engagiert sich die VAEV in Projekten aus verschiedenen Branchen und tr\u00e4gt so zum Fortschritt in Wissen und Technologie bei.\n\n\t\t\t\t\t\t\t\t<\/div>\n\t\t\t\t<\/div>\n\t\t\t\t\t<\/div>\n\t\t<\/div>\n\t\t\t\t<div class=\"elementor-column elementor-col-50 elementor-top-column elementor-element elementor-element-4179715\" data-id=\"4179715\" data-element_type=\"column\">\n\t\t\t<div class=\"elementor-widget-wrap elementor-element-populated\">\n\t\t\t\t\t\t<div class=\"elementor-element elementor-element-8f918de elementor-widget elementor-widget-image\" data-id=\"8f918de\" data-element_type=\"widget\" data-widget_type=\"image.default\">\n\t\t\t\t<div class=\"elementor-widget-container\">\n\t\t\t\t\t\t\t\t\t\t\t\t\t\t\t\t<a href=\"https:\/\/vaev.at\">\n\t\t\t\t\t\t\t<img decoding=\"async\" width=\"266\" height=\"300\" src=\"https:\/\/mp4mentors.eu\/wp-content\/uploads\/2024\/05\/adadw-266x300.png\" class=\"attachment-medium size-medium wp-image-525\" alt=\"\" srcset=\"https:\/\/mp4mentors.eu\/wp-content\/uploads\/2024\/05\/adadw-266x300.png 266w, https:\/\/mp4mentors.eu\/wp-content\/uploads\/2024\/05\/adadw.png 474w\" sizes=\"(max-width: 266px) 100vw, 266px\" \/>\t\t\t\t\t\t\t\t<\/a>\n\t\t\t\t\t\t\t\t\t\t\t\t\t\t\t<\/div>\n\t\t\t\t<\/div>\n\t\t\t\t\t<\/div>\n\t\t<\/div>\n\t\t\t\t\t<\/div>\n\t\t<\/section>\n\t\t\t\t<section class=\"elementor-section elementor-top-section elementor-element elementor-element-133db3c elementor-section-boxed elementor-section-height-default elementor-section-height-default\" data-id=\"133db3c\" data-element_type=\"section\">\n\t\t\t\t\t\t\t<div class=\"elementor-background-overlay\"><\/div>\n\t\t\t\t\t\t\t<div class=\"elementor-container elementor-column-gap-default\">\n\t\t\t\t\t<div class=\"elementor-column elementor-col-50 elementor-top-column elementor-element elementor-element-47f6ba0\" data-id=\"47f6ba0\" data-element_type=\"column\">\n\t\t\t<div class=\"elementor-widget-wrap elementor-element-populated\">\n\t\t\t\t\t\t<div class=\"elementor-element elementor-element-91657d8 elementor-widget elementor-widget-image\" data-id=\"91657d8\" data-element_type=\"widget\" data-widget_type=\"image.default\">\n\t\t\t\t<div class=\"elementor-widget-container\">\n\t\t\t\t\t\t\t\t\t\t\t\t\t\t\t\t<a href=\"https:\/\/jovesolides.org\/\">\n\t\t\t\t\t\t\t<img decoding=\"async\" width=\"300\" height=\"300\" src=\"https:\/\/mp4mentors.eu\/wp-content\/uploads\/2024\/01\/Logo-Jovesolides-Vertical-300x300.png\" class=\"attachment-medium size-medium wp-image-249\" alt=\"\" srcset=\"https:\/\/mp4mentors.eu\/wp-content\/uploads\/2024\/01\/Logo-Jovesolides-Vertical-300x300.png 300w, https:\/\/mp4mentors.eu\/wp-content\/uploads\/2024\/01\/Logo-Jovesolides-Vertical-1024x1024.png 1024w, https:\/\/mp4mentors.eu\/wp-content\/uploads\/2024\/01\/Logo-Jovesolides-Vertical-150x150.png 150w, https:\/\/mp4mentors.eu\/wp-content\/uploads\/2024\/01\/Logo-Jovesolides-Vertical-768x768.png 768w, https:\/\/mp4mentors.eu\/wp-content\/uploads\/2024\/01\/Logo-Jovesolides-Vertical.png 1198w\" sizes=\"(max-width: 300px) 100vw, 300px\" \/>\t\t\t\t\t\t\t\t<\/a>\n\t\t\t\t\t\t\t\t\t\t\t\t\t\t\t<\/div>\n\t\t\t\t<\/div>\n\t\t\t\t\t<\/div>\n\t\t<\/div>\n\t\t\t\t<div class=\"elementor-column elementor-col-50 elementor-top-column elementor-element elementor-element-f8dd7c5\" data-id=\"f8dd7c5\" data-element_type=\"column\">\n\t\t\t<div class=\"elementor-widget-wrap elementor-element-populated\">\n\t\t\t\t\t\t<div class=\"elementor-element elementor-element-c9bc194 elementor-widget elementor-widget-text-editor\" data-id=\"c9bc194\" data-element_type=\"widget\" data-widget_type=\"text-editor.default\">\n\t\t\t\t<div class=\"elementor-widget-container\">\n\t\t\t\t\t\t\t\t\tJoves\u00f3lides ist eine Nichtregierungsorganisation mit Sitz in der Umgebung der Stadt Valencia. Ihre Programme konzentrieren sich auf soziale Eingliederung und soziale Innovation, um das Leben verschiedener gef\u00e4hrdeter Gemeinschaften und der Gesellschaft als Ganzes zu verbessern. Die Organisation f\u00f6rdert soziales Engagement durch innovative Initiativen, die Menschen und Gruppen in die Bew\u00e4ltigung verschiedener sozialer Herausforderungen wie soziale Ausgrenzung, ungleicher Zugang zu Dienstleistungen und Chancen, digitale Kluft usw. einbeziehen.\n\n\t\t\t\t\t\t\t\t<\/div>\n\t\t\t\t<\/div>\n\t\t\t\t\t<\/div>\n\t\t<\/div>\n\t\t\t\t\t<\/div>\n\t\t<\/section>\n\t\t\t\t<section class=\"elementor-section elementor-top-section elementor-element elementor-element-fa9543e elementor-section-boxed elementor-section-height-default elementor-section-height-default\" data-id=\"fa9543e\" data-element_type=\"section\">\n\t\t\t\t\t\t\t<div class=\"elementor-background-overlay\"><\/div>\n\t\t\t\t\t\t\t<div class=\"elementor-container elementor-column-gap-default\">\n\t\t\t\t\t<div class=\"elementor-column elementor-col-50 elementor-top-column elementor-element elementor-element-5aa88cc\" data-id=\"5aa88cc\" data-element_type=\"column\">\n\t\t\t<div class=\"elementor-widget-wrap elementor-element-populated\">\n\t\t\t\t\t\t<div class=\"elementor-element elementor-element-3eb3893 elementor-widget elementor-widget-text-editor\" data-id=\"3eb3893\" data-element_type=\"widget\" data-widget_type=\"text-editor.default\">\n\t\t\t\t<div class=\"elementor-widget-container\">\n\t\t\t\t\t\t\t\t\tHub Nicosia, eine Nichtregierungsorganisation im Bildungsbereich, hat sich zum Ziel gesetzt, der erste Inkubator f\u00fcr Sozialunternehmen im Land zu werden. Sie mobilisiert die Jugend f\u00fcr b\u00fcrgerschaftliches, politisches und wirtschaftliches Engagement und bietet Lernm\u00f6glichkeiten in den Bereichen soziale Kompetenz, Besch\u00e4ftigung und Unternehmen. Dar\u00fcber hinaus f\u00f6rdert sie den interkulturellen Dialog durch Kunst und sch\u00e4rft das Bewusstsein f\u00fcr globale Fragen.\n\n\t\t\t\t\t\t\t\t<\/div>\n\t\t\t\t<\/div>\n\t\t\t\t\t<\/div>\n\t\t<\/div>\n\t\t\t\t<div class=\"elementor-column elementor-col-50 elementor-top-column elementor-element elementor-element-33a898a\" data-id=\"33a898a\" data-element_type=\"column\">\n\t\t\t<div class=\"elementor-widget-wrap elementor-element-populated\">\n\t\t\t\t\t\t<div class=\"elementor-element elementor-element-07b78e0 elementor-widget elementor-widget-image\" data-id=\"07b78e0\" data-element_type=\"widget\" data-widget_type=\"image.default\">\n\t\t\t\t<div class=\"elementor-widget-container\">\n\t\t\t\t\t\t\t\t\t\t\t\t\t\t\t\t<a href=\"https:\/\/www.hubnicosia.org\/\">\n\t\t\t\t\t\t\t<img loading=\"lazy\" decoding=\"async\" width=\"300\" height=\"300\" src=\"https:\/\/mp4mentors.eu\/wp-content\/uploads\/2024\/01\/hub-nicosia-logo-1-300x300.png\" class=\"attachment-medium size-medium wp-image-250\" alt=\"\" srcset=\"https:\/\/mp4mentors.eu\/wp-content\/uploads\/2024\/01\/hub-nicosia-logo-1-300x300.png 300w, https:\/\/mp4mentors.eu\/wp-content\/uploads\/2024\/01\/hub-nicosia-logo-1-150x150.png 150w, https:\/\/mp4mentors.eu\/wp-content\/uploads\/2024\/01\/hub-nicosia-logo-1-768x770.png 768w, https:\/\/mp4mentors.eu\/wp-content\/uploads\/2024\/01\/hub-nicosia-logo-1.png 836w\" sizes=\"(max-width: 300px) 100vw, 300px\" \/>\t\t\t\t\t\t\t\t<\/a>\n\t\t\t\t\t\t\t\t\t\t\t\t\t\t\t<\/div>\n\t\t\t\t<\/div>\n\t\t\t\t\t<\/div>\n\t\t<\/div>\n\t\t\t\t\t<\/div>\n\t\t<\/section>\n\t\t\t\t<section class=\"elementor-section elementor-top-section elementor-element elementor-element-b68f51f elementor-section-boxed elementor-section-height-default elementor-section-height-default\" data-id=\"b68f51f\" data-element_type=\"section\">\n\t\t\t\t\t\t\t<div class=\"elementor-background-overlay\"><\/div>\n\t\t\t\t\t\t\t<div class=\"elementor-container elementor-column-gap-default\">\n\t\t\t\t\t<div class=\"elementor-column elementor-col-50 elementor-top-column elementor-element elementor-element-aa1f359\" data-id=\"aa1f359\" data-element_type=\"column\">\n\t\t\t<div class=\"elementor-widget-wrap elementor-element-populated\">\n\t\t\t\t\t\t<div class=\"elementor-element elementor-element-d77de59 elementor-widget elementor-widget-image\" data-id=\"d77de59\" data-element_type=\"widget\" data-widget_type=\"image.default\">\n\t\t\t\t<div class=\"elementor-widget-container\">\n\t\t\t\t\t\t\t\t\t\t\t\t\t\t\t\t<a href=\"https:\/\/scoutsociety.ro\/\">\n\t\t\t\t\t\t\t<img loading=\"lazy\" decoding=\"async\" width=\"300\" height=\"141\" src=\"https:\/\/mp4mentors.eu\/wp-content\/uploads\/2024\/01\/ScoutSocietyLogo-1-300x141.png\" class=\"attachment-medium size-medium wp-image-251\" alt=\"\" srcset=\"https:\/\/mp4mentors.eu\/wp-content\/uploads\/2024\/01\/ScoutSocietyLogo-1-300x141.png 300w, https:\/\/mp4mentors.eu\/wp-content\/uploads\/2024\/01\/ScoutSocietyLogo-1-768x360.png 768w, https:\/\/mp4mentors.eu\/wp-content\/uploads\/2024\/01\/ScoutSocietyLogo-1.png 810w\" sizes=\"(max-width: 300px) 100vw, 300px\" \/>\t\t\t\t\t\t\t\t<\/a>\n\t\t\t\t\t\t\t\t\t\t\t\t\t\t\t<\/div>\n\t\t\t\t<\/div>\n\t\t\t\t\t<\/div>\n\t\t<\/div>\n\t\t\t\t<div class=\"elementor-column elementor-col-50 elementor-top-column elementor-element elementor-element-73b02c1\" data-id=\"73b02c1\" data-element_type=\"column\">\n\t\t\t<div class=\"elementor-widget-wrap elementor-element-populated\">\n\t\t\t\t\t\t<div class=\"elementor-element elementor-element-15012f6 elementor-widget elementor-widget-text-editor\" data-id=\"15012f6\" data-element_type=\"widget\" data-widget_type=\"text-editor.default\">\n\t\t\t\t<div class=\"elementor-widget-container\">\n\t\t\t\t\t\t\t\t\tDie Scout Society Association wurde 2011 in Rum\u00e4nien gegr\u00fcndet und ist eine dynamische NGO, die sich auf nicht-formale Bildung spezialisiert hat. Unser Schwerpunkt liegt auf der Unterst\u00fctzung der Entwicklung junger Menschen und der F\u00f6rderung ihrer sozialen Integration. Unser Ziel ist es, die Arbeitslosigkeit zu bek\u00e4mpfen, das Unternehmertum zu f\u00f6rdern und die aktive B\u00fcrgerschaft durch eine Vielzahl von Aktivit\u00e4ten wie internationale Schulungen, Jugendaustausch, kulturelle Veranstaltungen und Workshops zu unterst\u00fctzen. Dar\u00fcber hinaus setzen wir uns f\u00fcr Freiwilligenarbeit und einen gesunden Lebensstil ein und engagieren uns in der Forschung und in Ver\u00f6ffentlichungen, um unsere Ziele zu f\u00f6rdern.\n\n\t\t\t\t\t\t\t\t<\/div>\n\t\t\t\t<\/div>\n\t\t\t\t\t<\/div>\n\t\t<\/div>\n\t\t\t\t\t<\/div>\n\t\t<\/section>\n\t\t\t\t<\/div>","protected":false},"excerpt":{"rendered":"<p>Die Projektpartner MIR Akademien ist eine Bildungs- und Beratungsorganisation, die im Bereich der sozialen Entwicklung mit Schwerpunkt auf Diversity Mainstreaming, Menschenrechten und nachhaltiger Entwicklung arbeitet. Wir n\u00e4hern uns der sozialen Innovation \u00fcber eine Reihe von Dienstleistungen wie partizipative Forschung, Entwicklung von Schulungsl\u00f6sungen, Durchf\u00fchrung von Schulungen und individuelle Beratung von Organisationen und Einzelpersonen auf der Grundlage [&hellip;]<\/p>","protected":false},"author":1,"featured_media":0,"parent":0,"menu_order":0,"comment_status":"closed","ping_status":"closed","template":"elementor_header_footer","meta":{"ngg_post_thumbnail":0,"footnotes":""},"class_list":["post-2791","page","type-page","status-publish","hentry"],"_links":{"self":[{"href":"https:\/\/mp4mentors.eu\/ro\/wp-json\/wp\/v2\/pages\/2791","targetHints":{"allow":["GET"]}}],"collection":[{"href":"https:\/\/mp4mentors.eu\/ro\/wp-json\/wp\/v2\/pages"}],"about":[{"href":"https:\/\/mp4mentors.eu\/ro\/wp-json\/wp\/v2\/types\/page"}],"author":[{"embeddable":true,"href":"https:\/\/mp4mentors.eu\/ro\/wp-json\/wp\/v2\/users\/1"}],"replies":[{"embeddable":true,"href":"https:\/\/mp4mentors.eu\/ro\/wp-json\/wp\/v2\/comments?post=2791"}],"version-history":[{"count":6,"href":"https:\/\/mp4mentors.eu\/ro\/wp-json\/wp\/v2\/pages\/2791\/revisions"}],"predecessor-version":[{"id":3729,"href":"https:\/\/mp4mentors.eu\/ro\/wp-json\/wp\/v2\/pages\/2791\/revisions\/3729"}],"wp:attachment":[{"href":"https:\/\/mp4mentors.eu\/ro\/wp-json\/wp\/v2\/media?parent=2791"}],"curies":[{"name":"wp","href":"https:\/\/api.w.org\/{rel}","templated":true}]}}