{"id":835,"date":"2024-08-07T14:25:36","date_gmt":"2024-08-07T12:25:36","guid":{"rendered":"https:\/\/mp4mentors.eu\/?page_id=835"},"modified":"2025-05-20T22:00:32","modified_gmt":"2025-05-20T20:00:32","slug":"socios-del-proyecto","status":"publish","type":"page","link":"https:\/\/mp4mentors.eu\/es\/socios-del-proyecto\/","title":{"rendered":"SOCIOS DEL PROYECTO"},"content":{"rendered":"<div data-elementor-type=\"wp-page\" data-elementor-id=\"835\" class=\"elementor elementor-835\">\n\t\t\t\t\t\t<section class=\"elementor-section elementor-top-section elementor-element elementor-element-26d39f6c elementor-section-full_width elementor-section-height-default elementor-section-height-default\" data-id=\"26d39f6c\" data-element_type=\"section\" data-settings=\"{&quot;background_background&quot;:&quot;classic&quot;}\">\n\t\t\t\t\t\t<div class=\"elementor-container elementor-column-gap-default\">\n\t\t\t\t\t<div class=\"elementor-column elementor-col-100 elementor-top-column elementor-element elementor-element-56a00d4b\" data-id=\"56a00d4b\" data-element_type=\"column\">\n\t\t\t<div class=\"elementor-widget-wrap elementor-element-populated\">\n\t\t\t\t\t\t<div class=\"elementor-element elementor-element-7cd423b elementor-widget__width-initial elementor-hidden-tablet elementor-hidden-mobile elementor-widget elementor-widget-spacer\" data-id=\"7cd423b\" data-element_type=\"widget\" data-widget_type=\"spacer.default\">\n\t\t\t\t<div class=\"elementor-widget-container\">\n\t\t\t\t\t\t\t<div class=\"elementor-spacer\">\n\t\t\t<div class=\"elementor-spacer-inner\"><\/div>\n\t\t<\/div>\n\t\t\t\t\t\t<\/div>\n\t\t\t\t<\/div>\n\t\t\t\t<div class=\"elementor-element elementor-element-22c1358 elementor-widget__width-initial elementor-hidden-tablet elementor-hidden-mobile elementor-widget elementor-widget-spacer\" data-id=\"22c1358\" data-element_type=\"widget\" data-widget_type=\"spacer.default\">\n\t\t\t\t<div class=\"elementor-widget-container\">\n\t\t\t\t\t\t\t<div class=\"elementor-spacer\">\n\t\t\t<div class=\"elementor-spacer-inner\"><\/div>\n\t\t<\/div>\n\t\t\t\t\t\t<\/div>\n\t\t\t\t<\/div>\n\t\t\t\t<div class=\"elementor-element elementor-element-4e96464 elementor-widget elementor-widget-heading\" data-id=\"4e96464\" data-element_type=\"widget\" data-widget_type=\"heading.default\">\n\t\t\t\t<div class=\"elementor-widget-container\">\n\t\t\t\t\t<h2 class=\"elementor-heading-title elementor-size-default\">SOCIOS DEL PROYECTO<\/h2>\t\t\t\t<\/div>\n\t\t\t\t<\/div>\n\t\t\t\t\t<\/div>\n\t\t<\/div>\n\t\t\t\t\t<\/div>\n\t\t<\/section>\n\t\t\t\t<section class=\"elementor-section elementor-top-section elementor-element elementor-element-98b17e5 elementor-section-boxed elementor-section-height-default elementor-section-height-default\" data-id=\"98b17e5\" data-element_type=\"section\">\n\t\t\t\t\t\t\t<div class=\"elementor-background-overlay\"><\/div>\n\t\t\t\t\t\t\t<div class=\"elementor-container elementor-column-gap-default\">\n\t\t\t\t\t<div class=\"elementor-column elementor-col-50 elementor-top-column elementor-element elementor-element-d6e2ccd\" data-id=\"d6e2ccd\" data-element_type=\"column\">\n\t\t\t<div class=\"elementor-widget-wrap elementor-element-populated\">\n\t\t\t\t\t\t<div class=\"elementor-element elementor-element-8fe3833 elementor-widget-mobile__width-initial elementor-widget elementor-widget-image\" data-id=\"8fe3833\" data-element_type=\"widget\" data-widget_type=\"image.default\">\n\t\t\t\t<div class=\"elementor-widget-container\">\n\t\t\t\t\t\t\t\t\t\t\t\t\t\t\t\t<a href=\"https:\/\/mirakademien.com\/\">\n\t\t\t\t\t\t\t<img fetchpriority=\"high\" decoding=\"async\" width=\"300\" height=\"300\" src=\"https:\/\/mp4mentors.eu\/wp-content\/uploads\/2025\/04\/Logotypes-Mir-black_D_D\u00beD\u00bdN_D\u00b0D\u00b6D\u00bdD\u00b0-D\u00beD\u00b1DD\u00b0N_N_N_-1-300x300.png\" class=\"attachment-medium size-medium wp-image-4282\" alt=\"\" srcset=\"https:\/\/mp4mentors.eu\/wp-content\/uploads\/2025\/04\/Logotypes-Mir-black_D_D\u00beD\u00bdN_D\u00b0D\u00b6D\u00bdD\u00b0-D\u00beD\u00b1DD\u00b0N_N_N_-1-300x300.png 300w, https:\/\/mp4mentors.eu\/wp-content\/uploads\/2025\/04\/Logotypes-Mir-black_D_D\u00beD\u00bdN_D\u00b0D\u00b6D\u00bdD\u00b0-D\u00beD\u00b1DD\u00b0N_N_N_-1-1024x1024.png 1024w, https:\/\/mp4mentors.eu\/wp-content\/uploads\/2025\/04\/Logotypes-Mir-black_D_D\u00beD\u00bdN_D\u00b0D\u00b6D\u00bdD\u00b0-D\u00beD\u00b1DD\u00b0N_N_N_-1-150x150.png 150w, https:\/\/mp4mentors.eu\/wp-content\/uploads\/2025\/04\/Logotypes-Mir-black_D_D\u00beD\u00bdN_D\u00b0D\u00b6D\u00bdD\u00b0-D\u00beD\u00b1DD\u00b0N_N_N_-1-768x768.png 768w, https:\/\/mp4mentors.eu\/wp-content\/uploads\/2025\/04\/Logotypes-Mir-black_D_D\u00beD\u00bdN_D\u00b0D\u00b6D\u00bdD\u00b0-D\u00beD\u00b1DD\u00b0N_N_N_-1-1536x1536.png 1536w, https:\/\/mp4mentors.eu\/wp-content\/uploads\/2025\/04\/Logotypes-Mir-black_D_D\u00beD\u00bdN_D\u00b0D\u00b6D\u00bdD\u00b0-D\u00beD\u00b1DD\u00b0N_N_N_-1-2048x2048.png 2048w, https:\/\/mp4mentors.eu\/wp-content\/uploads\/2025\/04\/Logotypes-Mir-black_D_D\u00beD\u00bdN_D\u00b0D\u00b6D\u00bdD\u00b0-D\u00beD\u00b1DD\u00b0N_N_N_-1-12x12.png 12w\" sizes=\"(max-width: 300px) 100vw, 300px\" \/>\t\t\t\t\t\t\t\t<\/a>\n\t\t\t\t\t\t\t\t\t\t\t\t\t\t\t<\/div>\n\t\t\t\t<\/div>\n\t\t\t\t\t<\/div>\n\t\t<\/div>\n\t\t\t\t<div class=\"elementor-column elementor-col-50 elementor-top-column elementor-element elementor-element-ea5c405\" data-id=\"ea5c405\" data-element_type=\"column\">\n\t\t\t<div class=\"elementor-widget-wrap elementor-element-populated\">\n\t\t\t\t\t\t<div class=\"elementor-element elementor-element-01f8eed elementor-widget elementor-widget-text-editor\" data-id=\"01f8eed\" data-element_type=\"widget\" data-widget_type=\"text-editor.default\">\n\t\t\t\t<div class=\"elementor-widget-container\">\n\t\t\t\t\t\t\t\t\t<p>MIR Akademien es una organizaci\u00f3n educativa y de consultor\u00eda que trabaja en el \u00e1mbito del desarrollo social con especial atenci\u00f3n a la integraci\u00f3n de la diversidad, los derechos humanos y el desarrollo sostenible. Abordamos la innovaci\u00f3n social a trav\u00e9s de una serie de servicios como la investigaci\u00f3n participativa, el desarrollo de soluciones formativas, la realizaci\u00f3n de cursos de formaci\u00f3n y el asesoramiento individual a organizaciones y particulares en funci\u00f3n de necesidades reales.<\/p>\t\t\t\t\t\t\t\t<\/div>\n\t\t\t\t<\/div>\n\t\t\t\t\t<\/div>\n\t\t<\/div>\n\t\t\t\t\t<\/div>\n\t\t<\/section>\n\t\t\t\t<section class=\"elementor-section elementor-top-section elementor-element elementor-element-3afdce3 elementor-section-boxed elementor-section-height-default elementor-section-height-default\" data-id=\"3afdce3\" data-element_type=\"section\">\n\t\t\t\t\t\t\t<div class=\"elementor-background-overlay\"><\/div>\n\t\t\t\t\t\t\t<div class=\"elementor-container elementor-column-gap-default\">\n\t\t\t\t\t<div class=\"elementor-column elementor-col-50 elementor-top-column elementor-element elementor-element-5465c13\" data-id=\"5465c13\" data-element_type=\"column\">\n\t\t\t<div class=\"elementor-widget-wrap elementor-element-populated\">\n\t\t\t\t\t\t<div class=\"elementor-element elementor-element-d5dcc01 elementor-widget elementor-widget-text-editor\" data-id=\"d5dcc01\" data-element_type=\"widget\" data-widget_type=\"text-editor.default\">\n\t\t\t\t<div class=\"elementor-widget-container\">\n\t\t\t\t\t\t\t\t\t<p>Con sede en Viena (Austria), VAEV Research and Development Agency GmbH es una organizaci\u00f3n con visi\u00f3n de futuro dedicada a la investigaci\u00f3n y el desarrollo pioneros. Centrada principalmente en la innovaci\u00f3n, participa en proyectos que abarcan diversos sectores y contribuyen al avance del conocimiento y la tecnolog\u00eda.<\/p>\t\t\t\t\t\t\t\t<\/div>\n\t\t\t\t<\/div>\n\t\t\t\t\t<\/div>\n\t\t<\/div>\n\t\t\t\t<div class=\"elementor-column elementor-col-50 elementor-top-column elementor-element elementor-element-4179715\" data-id=\"4179715\" data-element_type=\"column\">\n\t\t\t<div class=\"elementor-widget-wrap elementor-element-populated\">\n\t\t\t\t\t\t<div class=\"elementor-element elementor-element-8f918de elementor-widget elementor-widget-image\" data-id=\"8f918de\" data-element_type=\"widget\" data-widget_type=\"image.default\">\n\t\t\t\t<div class=\"elementor-widget-container\">\n\t\t\t\t\t\t\t\t\t\t\t\t\t\t\t\t<a href=\"https:\/\/vaev.at\">\n\t\t\t\t\t\t\t<img decoding=\"async\" width=\"266\" height=\"300\" src=\"https:\/\/mp4mentors.eu\/wp-content\/uploads\/2024\/05\/adadw-266x300.png\" class=\"attachment-medium size-medium wp-image-525\" alt=\"\" srcset=\"https:\/\/mp4mentors.eu\/wp-content\/uploads\/2024\/05\/adadw-266x300.png 266w, https:\/\/mp4mentors.eu\/wp-content\/uploads\/2024\/05\/adadw.png 474w\" sizes=\"(max-width: 266px) 100vw, 266px\" \/>\t\t\t\t\t\t\t\t<\/a>\n\t\t\t\t\t\t\t\t\t\t\t\t\t\t\t<\/div>\n\t\t\t\t<\/div>\n\t\t\t\t\t<\/div>\n\t\t<\/div>\n\t\t\t\t\t<\/div>\n\t\t<\/section>\n\t\t\t\t<section class=\"elementor-section elementor-top-section elementor-element elementor-element-133db3c elementor-section-boxed elementor-section-height-default elementor-section-height-default\" data-id=\"133db3c\" data-element_type=\"section\">\n\t\t\t\t\t\t\t<div class=\"elementor-background-overlay\"><\/div>\n\t\t\t\t\t\t\t<div class=\"elementor-container elementor-column-gap-default\">\n\t\t\t\t\t<div class=\"elementor-column elementor-col-50 elementor-top-column elementor-element elementor-element-47f6ba0\" data-id=\"47f6ba0\" data-element_type=\"column\">\n\t\t\t<div class=\"elementor-widget-wrap elementor-element-populated\">\n\t\t\t\t\t\t<div class=\"elementor-element elementor-element-91657d8 elementor-widget elementor-widget-image\" data-id=\"91657d8\" data-element_type=\"widget\" data-widget_type=\"image.default\">\n\t\t\t\t<div class=\"elementor-widget-container\">\n\t\t\t\t\t\t\t\t\t\t\t\t\t\t\t\t<a href=\"https:\/\/jovesolides.org\/\">\n\t\t\t\t\t\t\t<img decoding=\"async\" width=\"300\" height=\"300\" src=\"https:\/\/mp4mentors.eu\/wp-content\/uploads\/2024\/01\/Logo-Jovesolides-Vertical-300x300.png\" class=\"attachment-medium size-medium wp-image-249\" alt=\"\" srcset=\"https:\/\/mp4mentors.eu\/wp-content\/uploads\/2024\/01\/Logo-Jovesolides-Vertical-300x300.png 300w, https:\/\/mp4mentors.eu\/wp-content\/uploads\/2024\/01\/Logo-Jovesolides-Vertical-1024x1024.png 1024w, https:\/\/mp4mentors.eu\/wp-content\/uploads\/2024\/01\/Logo-Jovesolides-Vertical-150x150.png 150w, https:\/\/mp4mentors.eu\/wp-content\/uploads\/2024\/01\/Logo-Jovesolides-Vertical-768x768.png 768w, https:\/\/mp4mentors.eu\/wp-content\/uploads\/2024\/01\/Logo-Jovesolides-Vertical.png 1198w\" sizes=\"(max-width: 300px) 100vw, 300px\" \/>\t\t\t\t\t\t\t\t<\/a>\n\t\t\t\t\t\t\t\t\t\t\t\t\t\t\t<\/div>\n\t\t\t\t<\/div>\n\t\t\t\t\t<\/div>\n\t\t<\/div>\n\t\t\t\t<div class=\"elementor-column elementor-col-50 elementor-top-column elementor-element elementor-element-f8dd7c5\" data-id=\"f8dd7c5\" data-element_type=\"column\">\n\t\t\t<div class=\"elementor-widget-wrap elementor-element-populated\">\n\t\t\t\t\t\t<div class=\"elementor-element elementor-element-c9bc194 elementor-widget elementor-widget-text-editor\" data-id=\"c9bc194\" data-element_type=\"widget\" data-widget_type=\"text-editor.default\">\n\t\t\t\t<div class=\"elementor-widget-container\">\n\t\t\t\t\t\t\t\t\t<p>Joves\u00f3lides es una organizaci\u00f3n no gubernamental, con sede en los alrededores de la ciudad de Valencia. Sus programas se centran en la inclusi\u00f3n social y la innovaci\u00f3n social, aportando mejoras en las vidas de diversas comunidades vulnerables y de la sociedad en su conjunto. La organizaci\u00f3n promueve el compromiso social a trav\u00e9s de iniciativas innovadoras, implicando a personas y grupos para abordar diversos retos sociales como la exclusi\u00f3n social, el acceso desigual a servicios y oportunidades, la brecha digital, etc.<\/p>\t\t\t\t\t\t\t\t<\/div>\n\t\t\t\t<\/div>\n\t\t\t\t\t<\/div>\n\t\t<\/div>\n\t\t\t\t\t<\/div>\n\t\t<\/section>\n\t\t\t\t<section class=\"elementor-section elementor-top-section elementor-element elementor-element-fa9543e elementor-section-boxed elementor-section-height-default elementor-section-height-default\" data-id=\"fa9543e\" data-element_type=\"section\">\n\t\t\t\t\t\t\t<div class=\"elementor-background-overlay\"><\/div>\n\t\t\t\t\t\t\t<div class=\"elementor-container elementor-column-gap-default\">\n\t\t\t\t\t<div class=\"elementor-column elementor-col-50 elementor-top-column elementor-element elementor-element-5aa88cc\" data-id=\"5aa88cc\" data-element_type=\"column\">\n\t\t\t<div class=\"elementor-widget-wrap elementor-element-populated\">\n\t\t\t\t\t\t<div class=\"elementor-element elementor-element-3eb3893 elementor-widget elementor-widget-text-editor\" data-id=\"3eb3893\" data-element_type=\"widget\" data-widget_type=\"text-editor.default\">\n\t\t\t\t<div class=\"elementor-widget-container\">\n\t\t\t\t\t\t\t\t\t<p>Hub Nicosia, una ONG educativa, aspira a convertirse en la primera incubadora de empresas sociales del pa\u00eds. Moviliza a los j\u00f3venes para su compromiso c\u00edvico, pol\u00edtico y econ\u00f3mico, ofreci\u00e9ndoles oportunidades de aprendizaje de competencias sociales, laborales y empresariales. Adem\u00e1s, promueve el di\u00e1logo intercultural a trav\u00e9s de las artes y sensibiliza sobre cuestiones globales.<\/p>\t\t\t\t\t\t\t\t<\/div>\n\t\t\t\t<\/div>\n\t\t\t\t\t<\/div>\n\t\t<\/div>\n\t\t\t\t<div class=\"elementor-column elementor-col-50 elementor-top-column elementor-element elementor-element-33a898a\" data-id=\"33a898a\" data-element_type=\"column\">\n\t\t\t<div class=\"elementor-widget-wrap elementor-element-populated\">\n\t\t\t\t\t\t<div class=\"elementor-element elementor-element-07b78e0 elementor-widget elementor-widget-image\" data-id=\"07b78e0\" data-element_type=\"widget\" data-widget_type=\"image.default\">\n\t\t\t\t<div class=\"elementor-widget-container\">\n\t\t\t\t\t\t\t\t\t\t\t\t\t\t\t\t<a href=\"https:\/\/www.hubnicosia.org\/\">\n\t\t\t\t\t\t\t<img loading=\"lazy\" decoding=\"async\" width=\"300\" height=\"300\" src=\"https:\/\/mp4mentors.eu\/wp-content\/uploads\/2024\/01\/hub-nicosia-logo-1-300x300.png\" class=\"attachment-medium size-medium wp-image-250\" alt=\"\" srcset=\"https:\/\/mp4mentors.eu\/wp-content\/uploads\/2024\/01\/hub-nicosia-logo-1-300x300.png 300w, https:\/\/mp4mentors.eu\/wp-content\/uploads\/2024\/01\/hub-nicosia-logo-1-150x150.png 150w, https:\/\/mp4mentors.eu\/wp-content\/uploads\/2024\/01\/hub-nicosia-logo-1-768x770.png 768w, https:\/\/mp4mentors.eu\/wp-content\/uploads\/2024\/01\/hub-nicosia-logo-1.png 836w\" sizes=\"(max-width: 300px) 100vw, 300px\" \/>\t\t\t\t\t\t\t\t<\/a>\n\t\t\t\t\t\t\t\t\t\t\t\t\t\t\t<\/div>\n\t\t\t\t<\/div>\n\t\t\t\t\t<\/div>\n\t\t<\/div>\n\t\t\t\t\t<\/div>\n\t\t<\/section>\n\t\t\t\t<section class=\"elementor-section elementor-top-section elementor-element elementor-element-b68f51f elementor-section-boxed elementor-section-height-default elementor-section-height-default\" data-id=\"b68f51f\" data-element_type=\"section\">\n\t\t\t\t\t\t\t<div class=\"elementor-background-overlay\"><\/div>\n\t\t\t\t\t\t\t<div class=\"elementor-container elementor-column-gap-default\">\n\t\t\t\t\t<div class=\"elementor-column elementor-col-50 elementor-top-column elementor-element elementor-element-aa1f359\" data-id=\"aa1f359\" data-element_type=\"column\">\n\t\t\t<div class=\"elementor-widget-wrap elementor-element-populated\">\n\t\t\t\t\t\t<div class=\"elementor-element elementor-element-d77de59 elementor-widget elementor-widget-image\" data-id=\"d77de59\" data-element_type=\"widget\" data-widget_type=\"image.default\">\n\t\t\t\t<div class=\"elementor-widget-container\">\n\t\t\t\t\t\t\t\t\t\t\t\t\t\t\t\t<a href=\"https:\/\/scoutsociety.ro\/\">\n\t\t\t\t\t\t\t<img loading=\"lazy\" decoding=\"async\" width=\"300\" height=\"141\" src=\"https:\/\/mp4mentors.eu\/wp-content\/uploads\/2024\/01\/ScoutSocietyLogo-1-300x141.png\" class=\"attachment-medium size-medium wp-image-251\" alt=\"\" srcset=\"https:\/\/mp4mentors.eu\/wp-content\/uploads\/2024\/01\/ScoutSocietyLogo-1-300x141.png 300w, https:\/\/mp4mentors.eu\/wp-content\/uploads\/2024\/01\/ScoutSocietyLogo-1-768x360.png 768w, https:\/\/mp4mentors.eu\/wp-content\/uploads\/2024\/01\/ScoutSocietyLogo-1.png 810w\" sizes=\"(max-width: 300px) 100vw, 300px\" \/>\t\t\t\t\t\t\t\t<\/a>\n\t\t\t\t\t\t\t\t\t\t\t\t\t\t\t<\/div>\n\t\t\t\t<\/div>\n\t\t\t\t\t<\/div>\n\t\t<\/div>\n\t\t\t\t<div class=\"elementor-column elementor-col-50 elementor-top-column elementor-element elementor-element-73b02c1\" data-id=\"73b02c1\" data-element_type=\"column\">\n\t\t\t<div class=\"elementor-widget-wrap elementor-element-populated\">\n\t\t\t\t\t\t<div class=\"elementor-element elementor-element-15012f6 elementor-widget elementor-widget-text-editor\" data-id=\"15012f6\" data-element_type=\"widget\" data-widget_type=\"text-editor.default\">\n\t\t\t\t<div class=\"elementor-widget-container\">\n\t\t\t\t\t\t\t\t\t<p>La Asociaci\u00f3n Sociedad Scout, creada en 2011 en Ruman\u00eda, es una ONG din\u00e1mica especializada en educaci\u00f3n no formal. Nos centramos en apoyar el desarrollo de los j\u00f3venes y fomentar su integraci\u00f3n social. Nuestro objetivo es combatir el desempleo, promover el esp\u00edritu empresarial y fomentar la ciudadan\u00eda activa a trav\u00e9s de una serie de actividades que incluyen formaci\u00f3n internacional, intercambios juveniles, eventos culturales y talleres. Adem\u00e1s, abogamos por el voluntariado y los estilos de vida saludables, al tiempo que realizamos investigaciones y publicaciones para promover nuestros objetivos.<\/p>\t\t\t\t\t\t\t\t<\/div>\n\t\t\t\t<\/div>\n\t\t\t\t\t<\/div>\n\t\t<\/div>\n\t\t\t\t\t<\/div>\n\t\t<\/section>\n\t\t\t\t<\/div>","protected":false},"excerpt":{"rendered":"<p>SOCIOS DEL PROYECTO MIR Akademien es una organizaci\u00f3n educativa y de consultor\u00eda que trabaja en el \u00e1mbito del desarrollo social con especial atenci\u00f3n a la integraci\u00f3n de la diversidad, los derechos humanos y el desarrollo sostenible. Abordamos la innovaci\u00f3n social a trav\u00e9s de una serie de servicios como la investigaci\u00f3n participativa, el desarrollo de soluciones [&hellip;]<\/p>","protected":false},"author":1,"featured_media":0,"parent":0,"menu_order":0,"comment_status":"closed","ping_status":"closed","template":"elementor_header_footer","meta":{"ngg_post_thumbnail":0,"footnotes":""},"class_list":["post-835","page","type-page","status-publish","hentry"],"_links":{"self":[{"href":"https:\/\/mp4mentors.eu\/es\/wp-json\/wp\/v2\/pages\/835","targetHints":{"allow":["GET"]}}],"collection":[{"href":"https:\/\/mp4mentors.eu\/es\/wp-json\/wp\/v2\/pages"}],"about":[{"href":"https:\/\/mp4mentors.eu\/es\/wp-json\/wp\/v2\/types\/page"}],"author":[{"embeddable":true,"href":"https:\/\/mp4mentors.eu\/es\/wp-json\/wp\/v2\/users\/1"}],"replies":[{"embeddable":true,"href":"https:\/\/mp4mentors.eu\/es\/wp-json\/wp\/v2\/comments?post=835"}],"version-history":[{"count":7,"href":"https:\/\/mp4mentors.eu\/es\/wp-json\/wp\/v2\/pages\/835\/revisions"}],"predecessor-version":[{"id":4627,"href":"https:\/\/mp4mentors.eu\/es\/wp-json\/wp\/v2\/pages\/835\/revisions\/4627"}],"wp:attachment":[{"href":"https:\/\/mp4mentors.eu\/es\/wp-json\/wp\/v2\/media?parent=835"}],"curies":[{"name":"wp","href":"https:\/\/api.w.org\/{rel}","templated":true}]}}