{"id":810,"date":"2024-08-07T13:55:50","date_gmt":"2024-08-07T11:55:50","guid":{"rendered":"https:\/\/mp4mentors.eu\/?page_id=810"},"modified":"2025-07-31T00:00:57","modified_gmt":"2025-07-30T22:00:57","slug":"resultados-del-proyecto","status":"publish","type":"page","link":"https:\/\/mp4mentors.eu\/es\/resultados-del-proyecto\/","title":{"rendered":"Resultados del proyecto"},"content":{"rendered":"<div data-elementor-type=\"wp-page\" data-elementor-id=\"810\" class=\"elementor elementor-810\">\n\t\t\t\t\t\t<section class=\"elementor-section elementor-top-section elementor-element elementor-element-3dafd1a elementor-section-boxed elementor-section-height-default elementor-section-height-default\" data-id=\"3dafd1a\" data-element_type=\"section\">\n\t\t\t\t\t\t<div class=\"elementor-container elementor-column-gap-default\">\n\t\t\t\t\t<div class=\"elementor-column elementor-col-100 elementor-top-column elementor-element elementor-element-6e997cc\" data-id=\"6e997cc\" data-element_type=\"column\">\n\t\t\t<div class=\"elementor-widget-wrap elementor-element-populated\">\n\t\t\t\t\t\t<div class=\"elementor-element elementor-element-03e17d3 elementor-widget elementor-widget-heading\" data-id=\"03e17d3\" data-element_type=\"widget\" data-widget_type=\"heading.default\">\n\t\t\t\t<div class=\"elementor-widget-container\">\n\t\t\t\t\t<h1 class=\"elementor-heading-title elementor-size-default\">Resultados del proyecto<\/h1>\t\t\t\t<\/div>\n\t\t\t\t<\/div>\n\t\t\t\t<div class=\"elementor-element elementor-element-f8c1e60 elementor-widget elementor-widget-text-editor\" data-id=\"f8c1e60\" data-element_type=\"widget\" data-widget_type=\"text-editor.default\">\n\t\t\t\t<div class=\"elementor-widget-container\">\n\t\t\t\t\t\t\t\t\t<p><span class=\"OYPEnA text-decoration-none text-strikethrough-none\" style=\"color: #000b3d;\">El proyecto MP4Mentors tiene como objetivo lograr resultados tangibles e impactantes que contribuyan al desarrollo de mentores y coordinadores de voluntarios, mejorando en \u00faltima instancia la experiencia del voluntariado juvenil. Los resultados del proyecto se clasifican en funci\u00f3n de los respectivos paquetes de trabajo, mostrando un enfoque integral para abordar las necesidades identificadas.<\/span><\/p>\t\t\t\t\t\t\t\t<\/div>\n\t\t\t\t<\/div>\n\t\t\t\t\t<\/div>\n\t\t<\/div>\n\t\t\t\t\t<\/div>\n\t\t<\/section>\n\t\t\t\t<section class=\"elementor-section elementor-top-section elementor-element elementor-element-2ec6953 elementor-section-boxed elementor-section-height-default elementor-section-height-default\" data-id=\"2ec6953\" data-element_type=\"section\">\n\t\t\t\t\t\t<div class=\"elementor-container elementor-column-gap-default\">\n\t\t\t\t\t<div class=\"elementor-column elementor-col-100 elementor-top-column elementor-element elementor-element-500e724\" data-id=\"500e724\" data-element_type=\"column\">\n\t\t\t<div class=\"elementor-widget-wrap elementor-element-populated\">\n\t\t\t\t\t\t<div class=\"elementor-element elementor-element-379a62c elementor-widget elementor-widget-image\" data-id=\"379a62c\" data-element_type=\"widget\" data-widget_type=\"image.default\">\n\t\t\t\t<div class=\"elementor-widget-container\">\n\t\t\t\t\t\t\t\t\t\t\t\t\t\t\t<img fetchpriority=\"high\" decoding=\"async\" width=\"1557\" height=\"798\" src=\"https:\/\/mp4mentors.eu\/wp-content\/uploads\/2024\/05\/22.jpg\" class=\"attachment-full size-full wp-image-444\" alt=\"\" srcset=\"https:\/\/mp4mentors.eu\/wp-content\/uploads\/2024\/05\/22.jpg 1557w, https:\/\/mp4mentors.eu\/wp-content\/uploads\/2024\/05\/22-300x154.jpg 300w, https:\/\/mp4mentors.eu\/wp-content\/uploads\/2024\/05\/22-1024x525.jpg 1024w, https:\/\/mp4mentors.eu\/wp-content\/uploads\/2024\/05\/22-768x394.jpg 768w, https:\/\/mp4mentors.eu\/wp-content\/uploads\/2024\/05\/22-1536x787.jpg 1536w\" sizes=\"(max-width: 1557px) 100vw, 1557px\" \/>\t\t\t\t\t\t\t\t\t\t\t\t\t\t\t<\/div>\n\t\t\t\t<\/div>\n\t\t\t\t\t<\/div>\n\t\t<\/div>\n\t\t\t\t\t<\/div>\n\t\t<\/section>\n\t\t\t\t<section class=\"elementor-section elementor-top-section elementor-element elementor-element-0e3594e elementor-section-boxed elementor-section-height-default elementor-section-height-default\" data-id=\"0e3594e\" data-element_type=\"section\">\n\t\t\t\t\t\t<div class=\"elementor-container elementor-column-gap-default\">\n\t\t\t\t\t<div class=\"elementor-column elementor-col-50 elementor-top-column elementor-element elementor-element-d9a4c25\" data-id=\"d9a4c25\" data-element_type=\"column\" data-settings=\"{&quot;background_background&quot;:&quot;classic&quot;}\">\n\t\t\t<div class=\"elementor-widget-wrap elementor-element-populated\">\n\t\t\t\t\t\t<div class=\"elementor-element elementor-element-16be6e9 elementor-widget__width-initial elementor-widget elementor-widget-heading\" data-id=\"16be6e9\" data-element_type=\"widget\" data-widget_type=\"heading.default\">\n\t\t\t\t<div class=\"elementor-widget-container\">\n\t\t\t\t\t<h3 class=\"elementor-heading-title elementor-size-default\">Paquete de trabajo 2 (WP2): Principios rectores y buenas pr\u00e1cticas,<\/h3>\t\t\t\t<\/div>\n\t\t\t\t<\/div>\n\t\t\t\t<div class=\"elementor-element elementor-element-3406429 elementor-widget__width-initial elementor-widget elementor-widget-text-editor\" data-id=\"3406429\" data-element_type=\"widget\" data-widget_type=\"text-editor.default\">\n\t\t\t\t<div class=\"elementor-widget-container\">\n\t\t\t\t\t\t\t\t\t<p><a href=\"https:\/\/mp4mentors.eu\/wp-content\/uploads\/2025\/06\/MP4Mentors_Guiding-Principles_Spanish.pdf\">&#8220;Gu\u00eda: Instrucciones paso a paso para una gesti\u00f3n eficaz del programa&#8221;.<\/a><\/p><p>Folleto electr\u00f3nico adicional: Hace hincapi\u00e9 en las directrices para una mayor accesibilidad&#8221;.<\/p>\t\t\t\t\t\t\t\t<\/div>\n\t\t\t\t<\/div>\n\t\t\t\t<div class=\"elementor-element elementor-element-e09e921 elementor-widget elementor-widget-jkit_button\" data-id=\"e09e921\" data-element_type=\"widget\" data-widget_type=\"jkit_button.default\">\n\t\t\t\t<div class=\"elementor-widget-container\">\n\t\t\t\t\t<div  class=\"jeg-elementor-kit jkit-button  icon-position-before jeg_module___69e36d546b398\" ><a href=\"https:\/\/mp4mentors.eu\/wp-content\/uploads\/2025\/06\/MP4Mentors_Guiding-Principles_Spanish.pdf\" class=\"jkit-button-wrapper\" target=\"_blank\"><i aria-hidden=\"true\" class=\"jki jki-diploma-light\"><\/i><\/a><\/div>\t\t\t\t<\/div>\n\t\t\t\t<\/div>\n\t\t\t\t<div class=\"elementor-element elementor-element-5c8a868 elementor-widget elementor-widget-jkit_button\" data-id=\"5c8a868\" data-element_type=\"widget\" data-widget_type=\"jkit_button.default\">\n\t\t\t\t<div class=\"elementor-widget-container\">\n\t\t\t\t\t<div  class=\"jeg-elementor-kit jkit-button  icon-position-before jeg_module__1_69e36d546b97f\" ><a href=\"https:\/\/mp4mentors.eu\/wp-content\/uploads\/2025\/07\/MP4Mentors-Needs-Analysis-Report.docx-1.pdf\" class=\"jkit-button-wrapper\" target=\"_blank\"><i aria-hidden=\"true\" class=\"jki jki-diploma-light\"><\/i>Needs Analysis Report<\/a><\/div>\t\t\t\t<\/div>\n\t\t\t\t<\/div>\n\t\t\t\t<div class=\"elementor-element elementor-element-3e6f2ed elementor-widget elementor-widget-jkit_button\" data-id=\"3e6f2ed\" data-element_type=\"widget\" data-widget_type=\"jkit_button.default\">\n\t\t\t\t<div class=\"elementor-widget-container\">\n\t\t\t\t\t<div  class=\"jeg-elementor-kit jkit-button  icon-position-before jeg_module__2_69e36d546be5a\" ><a href=\"https:\/\/mp4mentors.eu\/wp-content\/uploads\/2025\/07\/MP4Mentors-Report-with-Best-Practices-Fin.pdf\" class=\"jkit-button-wrapper\" target=\"_blank\"><i aria-hidden=\"true\" class=\"jki jki-diploma-light\"><\/i>Report on best practices in volunteering programs<\/a><\/div>\t\t\t\t<\/div>\n\t\t\t\t<\/div>\n\t\t\t\t\t<\/div>\n\t\t<\/div>\n\t\t\t\t<div class=\"elementor-column elementor-col-50 elementor-top-column elementor-element elementor-element-c022d4f\" data-id=\"c022d4f\" data-element_type=\"column\">\n\t\t\t<div class=\"elementor-widget-wrap elementor-element-populated\">\n\t\t\t\t\t\t<div class=\"elementor-element elementor-element-89bdc39 elementor-hidden-tablet elementor-hidden-mobile elementor-widget elementor-widget-image\" data-id=\"89bdc39\" data-element_type=\"widget\" data-widget_type=\"image.default\">\n\t\t\t\t<div class=\"elementor-widget-container\">\n\t\t\t\t\t\t\t\t\t\t\t\t\t\t\t<img decoding=\"async\" width=\"444\" height=\"400\" src=\"https:\/\/mp4mentors.eu\/wp-content\/uploads\/2024\/05\/12.png\" class=\"attachment-large size-large wp-image-450\" alt=\"\" srcset=\"https:\/\/mp4mentors.eu\/wp-content\/uploads\/2024\/05\/12.png 444w, https:\/\/mp4mentors.eu\/wp-content\/uploads\/2024\/05\/12-300x270.png 300w\" sizes=\"(max-width: 444px) 100vw, 444px\" \/>\t\t\t\t\t\t\t\t\t\t\t\t\t\t\t<\/div>\n\t\t\t\t<\/div>\n\t\t\t\t\t<\/div>\n\t\t<\/div>\n\t\t\t\t\t<\/div>\n\t\t<\/section>\n\t\t\t\t<section class=\"elementor-section elementor-top-section elementor-element elementor-element-34709d7 elementor-section-boxed elementor-section-height-default elementor-section-height-default\" data-id=\"34709d7\" data-element_type=\"section\">\n\t\t\t\t\t\t<div class=\"elementor-container elementor-column-gap-default\">\n\t\t\t\t\t<div class=\"elementor-column elementor-col-50 elementor-top-column elementor-element elementor-element-4f617c4\" data-id=\"4f617c4\" data-element_type=\"column\">\n\t\t\t<div class=\"elementor-widget-wrap elementor-element-populated\">\n\t\t\t\t\t\t<div class=\"elementor-element elementor-element-c14b734 elementor-hidden-tablet elementor-hidden-mobile elementor-widget elementor-widget-image\" data-id=\"c14b734\" data-element_type=\"widget\" data-widget_type=\"image.default\">\n\t\t\t\t<div class=\"elementor-widget-container\">\n\t\t\t\t\t\t\t\t\t\t\t\t\t\t\t<img decoding=\"async\" width=\"469\" height=\"501\" src=\"https:\/\/mp4mentors.eu\/wp-content\/uploads\/2024\/05\/3.png\" class=\"attachment-large size-large wp-image-449\" alt=\"\" srcset=\"https:\/\/mp4mentors.eu\/wp-content\/uploads\/2024\/05\/3.png 469w, https:\/\/mp4mentors.eu\/wp-content\/uploads\/2024\/05\/3-281x300.png 281w\" sizes=\"(max-width: 469px) 100vw, 469px\" \/>\t\t\t\t\t\t\t\t\t\t\t\t\t\t\t<\/div>\n\t\t\t\t<\/div>\n\t\t\t\t\t<\/div>\n\t\t<\/div>\n\t\t\t\t<div class=\"elementor-column elementor-col-50 elementor-top-column elementor-element elementor-element-eb9583f\" data-id=\"eb9583f\" data-element_type=\"column\" data-settings=\"{&quot;background_background&quot;:&quot;classic&quot;}\">\n\t\t\t<div class=\"elementor-widget-wrap elementor-element-populated\">\n\t\t\t\t\t\t<div class=\"elementor-element elementor-element-4537213 elementor-widget__width-initial elementor-widget elementor-widget-heading\" data-id=\"4537213\" data-element_type=\"widget\" data-widget_type=\"heading.default\">\n\t\t\t\t<div class=\"elementor-widget-container\">\n\t\t\t\t\t<h3 class=\"elementor-heading-title elementor-size-default\">Paquete de trabajo 3 (WP3): Directrices y material de divulgaci\u00f3n<\/h3>\t\t\t\t<\/div>\n\t\t\t\t<\/div>\n\t\t\t\t<div class=\"elementor-element elementor-element-2817350 elementor-widget__width-initial elementor-widget elementor-widget-text-editor\" data-id=\"2817350\" data-element_type=\"widget\" data-widget_type=\"text-editor.default\">\n\t\t\t\t<div class=\"elementor-widget-container\">\n\t\t\t\t\t\t\t\t\t<p>&#8220;Principios rectores: Marco para una tutor\u00eda y coordinaci\u00f3n eficaces&#8221;. Informe de an\u00e1lisis de necesidades: Detalla los retos, orientando soluciones a medida. Mejores Pr\u00e1cticas: Recopilaci\u00f3n de estrategias probadas en la gesti\u00f3n del voluntariado. Folleto electr\u00f3nico: Resume las principales conclusiones, principios y mejores pr\u00e1cticas&#8221;.<\/p>\t\t\t\t\t\t\t\t<\/div>\n\t\t\t\t<\/div>\n\t\t\t\t\t<\/div>\n\t\t<\/div>\n\t\t\t\t\t<\/div>\n\t\t<\/section>\n\t\t\t\t<section class=\"elementor-section elementor-top-section elementor-element elementor-element-491ea06 elementor-section-boxed elementor-section-height-default elementor-section-height-default\" data-id=\"491ea06\" data-element_type=\"section\">\n\t\t\t\t\t\t<div class=\"elementor-container elementor-column-gap-default\">\n\t\t\t\t\t<div class=\"elementor-column elementor-col-50 elementor-top-column elementor-element elementor-element-399ddfd\" data-id=\"399ddfd\" data-element_type=\"column\">\n\t\t\t<div class=\"elementor-widget-wrap elementor-element-populated\">\n\t\t\t\t\t\t<div class=\"elementor-element elementor-element-62c38c2 elementor-hidden-tablet elementor-hidden-mobile elementor-widget elementor-widget-image\" data-id=\"62c38c2\" data-element_type=\"widget\" data-widget_type=\"image.default\">\n\t\t\t\t<div class=\"elementor-widget-container\">\n\t\t\t\t\t\t\t\t\t\t\t\t\t\t\t<img loading=\"lazy\" decoding=\"async\" width=\"1239\" height=\"1754\" src=\"https:\/\/mp4mentors.eu\/wp-content\/uploads\/2024\/12\/Spain-MP4-Mentors-Guide-001.jpg\" class=\"attachment-full size-full wp-image-1042\" alt=\"\" srcset=\"https:\/\/mp4mentors.eu\/wp-content\/uploads\/2024\/12\/Spain-MP4-Mentors-Guide-001.jpg 1239w, https:\/\/mp4mentors.eu\/wp-content\/uploads\/2024\/12\/Spain-MP4-Mentors-Guide-001-212x300.jpg 212w, https:\/\/mp4mentors.eu\/wp-content\/uploads\/2024\/12\/Spain-MP4-Mentors-Guide-001-723x1024.jpg 723w, https:\/\/mp4mentors.eu\/wp-content\/uploads\/2024\/12\/Spain-MP4-Mentors-Guide-001-768x1087.jpg 768w, https:\/\/mp4mentors.eu\/wp-content\/uploads\/2024\/12\/Spain-MP4-Mentors-Guide-001-1085x1536.jpg 1085w, https:\/\/mp4mentors.eu\/wp-content\/uploads\/2024\/12\/Spain-MP4-Mentors-Guide-001-8x12.jpg 8w\" sizes=\"(max-width: 1239px) 100vw, 1239px\" \/>\t\t\t\t\t\t\t\t\t\t\t\t\t\t\t<\/div>\n\t\t\t\t<\/div>\n\t\t\t\t\t<\/div>\n\t\t<\/div>\n\t\t\t\t<div class=\"elementor-column elementor-col-50 elementor-top-column elementor-element elementor-element-b559f1d\" data-id=\"b559f1d\" data-element_type=\"column\" data-settings=\"{&quot;background_background&quot;:&quot;classic&quot;}\">\n\t\t\t<div class=\"elementor-widget-wrap elementor-element-populated\">\n\t\t\t\t\t\t<div class=\"elementor-element elementor-element-975f1a5 elementor-widget elementor-widget-heading\" data-id=\"975f1a5\" data-element_type=\"widget\" data-widget_type=\"heading.default\">\n\t\t\t\t<div class=\"elementor-widget-container\">\n\t\t\t\t\t<h2 class=\"elementor-heading-title elementor-size-default\">GU\u00cdA<\/h2>\t\t\t\t<\/div>\n\t\t\t\t<\/div>\n\t\t\t\t<div class=\"elementor-element elementor-element-bdfcc71 elementor-widget elementor-widget-heading\" data-id=\"bdfcc71\" data-element_type=\"widget\" data-widget_type=\"heading.default\">\n\t\t\t\t<div class=\"elementor-widget-container\">\n\t\t\t\t\t<h5 class=\"elementor-heading-title elementor-size-default\">PARA MENTOR\u00cdA Y\nCOORDINACI\u00d3N\nDE VOLUNTARIADO<\/h5>\t\t\t\t<\/div>\n\t\t\t\t<\/div>\n\t\t\t\t<div class=\"elementor-element elementor-element-b170acc elementor-widget elementor-widget-jkit_button\" data-id=\"b170acc\" data-element_type=\"widget\" data-widget_type=\"jkit_button.default\">\n\t\t\t\t<div class=\"elementor-widget-container\">\n\t\t\t\t\t<div  class=\"jeg-elementor-kit jkit-button  icon-position-before jeg_module__3_69e36d546ecdc\" ><a href=\"https:\/\/mp4mentors.eu\/wp-content\/uploads\/2024\/12\/Spain-MP4-Mentors-Guide.pdf\" class=\"jkit-button-wrapper\" target=\"_blank\"><i aria-hidden=\"true\" class=\"jki jki-Download-light\"><\/i>SPANISH<\/a><\/div>\t\t\t\t<\/div>\n\t\t\t\t<\/div>\n\t\t\t\t\t<\/div>\n\t\t<\/div>\n\t\t\t\t\t<\/div>\n\t\t<\/section>\n\t\t\t\t<section class=\"elementor-section elementor-top-section elementor-element elementor-element-548e7b6 elementor-section-boxed elementor-section-height-default elementor-section-height-default\" data-id=\"548e7b6\" data-element_type=\"section\">\n\t\t\t\t\t\t<div class=\"elementor-container elementor-column-gap-default\">\n\t\t\t\t\t<div class=\"elementor-column elementor-col-50 elementor-top-column elementor-element elementor-element-2bc882b\" data-id=\"2bc882b\" data-element_type=\"column\" data-settings=\"{&quot;background_background&quot;:&quot;classic&quot;}\">\n\t\t\t<div class=\"elementor-widget-wrap elementor-element-populated\">\n\t\t\t\t\t\t<div class=\"elementor-element elementor-element-4caf7e6 elementor-widget__width-initial elementor-widget elementor-widget-heading\" data-id=\"4caf7e6\" data-element_type=\"widget\" data-widget_type=\"heading.default\">\n\t\t\t\t<div class=\"elementor-widget-container\">\n\t\t\t\t\t<h3 class=\"elementor-heading-title elementor-size-default\">Paquete de trabajo 4 (WP4): Plataforma de aprendizaje electr\u00f3nico y herramientas de evaluaci\u00f3n<\/h3>\t\t\t\t<\/div>\n\t\t\t\t<\/div>\n\t\t\t\t<div class=\"elementor-element elementor-element-08c7b6d elementor-widget__width-initial elementor-widget elementor-widget-text-editor\" data-id=\"08c7b6d\" data-element_type=\"widget\" data-widget_type=\"text-editor.default\">\n\t\t\t\t<div class=\"elementor-widget-container\">\n\t\t\t\t\t\t\t\t\t<p>&#8220;Plataforma de aprendizaje electr\u00f3nico: M\u00f3dulos interactivos para mejorar las competencias. Autoevaluaci\u00f3n en l\u00ednea: Herramienta para la mejora continua. Folleto electr\u00f3nico: Destaca la plataforma y las herramientas para una adopci\u00f3n m\u00e1s amplia&#8221;<\/p>\t\t\t\t\t\t\t\t<\/div>\n\t\t\t\t<\/div>\n\t\t\t\t<div class=\"elementor-element elementor-element-5ff76c9 elementor-widget elementor-widget-jkit_button\" data-id=\"5ff76c9\" data-element_type=\"widget\" data-widget_type=\"jkit_button.default\">\n\t\t\t\t<div class=\"elementor-widget-container\">\n\t\t\t\t\t<div  class=\"jeg-elementor-kit jkit-button  icon-position-before jeg_module__4_69e36d546fbcd\" ><a href=\"https:\/\/mp4mentors.eu\/es\/courses\/course\/\" class=\"jkit-button-wrapper\" target=\"_blank\"><i aria-hidden=\"true\" class=\"jki jki-diploma-light\"><\/i><\/a><\/div>\t\t\t\t<\/div>\n\t\t\t\t<\/div>\n\t\t\t\t\t<\/div>\n\t\t<\/div>\n\t\t\t\t<div class=\"elementor-column elementor-col-50 elementor-top-column elementor-element elementor-element-6ae43e5\" data-id=\"6ae43e5\" data-element_type=\"column\">\n\t\t\t<div class=\"elementor-widget-wrap elementor-element-populated\">\n\t\t\t\t\t\t<div class=\"elementor-element elementor-element-de5eb17 elementor-hidden-tablet elementor-hidden-mobile elementor-widget elementor-widget-image\" data-id=\"de5eb17\" data-element_type=\"widget\" data-widget_type=\"image.default\">\n\t\t\t\t<div class=\"elementor-widget-container\">\n\t\t\t\t\t\t\t\t\t\t\t\t\t\t\t<img loading=\"lazy\" decoding=\"async\" width=\"454\" height=\"501\" src=\"https:\/\/mp4mentors.eu\/wp-content\/uploads\/2024\/05\/32.png\" class=\"attachment-large size-large wp-image-454\" alt=\"\" srcset=\"https:\/\/mp4mentors.eu\/wp-content\/uploads\/2024\/05\/32.png 454w, https:\/\/mp4mentors.eu\/wp-content\/uploads\/2024\/05\/32-272x300.png 272w\" sizes=\"(max-width: 454px) 100vw, 454px\" \/>\t\t\t\t\t\t\t\t\t\t\t\t\t\t\t<\/div>\n\t\t\t\t<\/div>\n\t\t\t\t\t<\/div>\n\t\t<\/div>\n\t\t\t\t\t<\/div>\n\t\t<\/section>\n\t\t\t\t<section class=\"elementor-section elementor-top-section elementor-element elementor-element-2fae545 elementor-section-boxed elementor-section-height-default elementor-section-height-default\" data-id=\"2fae545\" data-element_type=\"section\">\n\t\t\t\t\t\t<div class=\"elementor-container elementor-column-gap-default\">\n\t\t\t\t\t<div class=\"elementor-column elementor-col-100 elementor-top-column elementor-element elementor-element-73279bf\" data-id=\"73279bf\" data-element_type=\"column\" data-settings=\"{&quot;background_background&quot;:&quot;classic&quot;}\">\n\t\t\t<div class=\"elementor-widget-wrap elementor-element-populated\">\n\t\t\t\t\t\t<div class=\"elementor-element elementor-element-dc4fd50 elementor-widget elementor-widget-heading\" data-id=\"dc4fd50\" data-element_type=\"widget\" data-widget_type=\"heading.default\">\n\t\t\t\t<div class=\"elementor-widget-container\">\n\t\t\t\t\t<h2 class=\"elementor-heading-title elementor-size-default\">E-Brochures<\/h2>\t\t\t\t<\/div>\n\t\t\t\t<\/div>\n\t\t<div class=\"elementor-element elementor-element-3982c12 e-grid e-con-boxed e-con e-parent\" data-id=\"3982c12\" data-element_type=\"container\">\n\t\t\t\t\t<div class=\"e-con-inner\">\n\t\t\t\t<div class=\"elementor-element elementor-element-5182236 elementor-widget elementor-widget-jkit_button\" data-id=\"5182236\" data-element_type=\"widget\" data-widget_type=\"jkit_button.default\">\n\t\t\t\t<div class=\"elementor-widget-container\">\n\t\t\t\t\t<div  class=\"jeg-elementor-kit jkit-button  icon-position-before jeg_module__5_69e36d54710d3\" ><a href=\"https:\/\/mp4mentors.eu\/wp-content\/uploads\/2025\/07\/MP4Mentors-e-brochure_01.pdf\" class=\"jkit-button-wrapper\" target=\"_blank\"><i aria-hidden=\"true\" class=\"jki jki-Download-light\"><\/i>WP1<\/a><\/div>\t\t\t\t<\/div>\n\t\t\t\t<\/div>\n\t\t\t\t<div class=\"elementor-element elementor-element-a5449b9 elementor-widget elementor-widget-jkit_button\" data-id=\"a5449b9\" data-element_type=\"widget\" data-widget_type=\"jkit_button.default\">\n\t\t\t\t<div class=\"elementor-widget-container\">\n\t\t\t\t\t<div  class=\"jeg-elementor-kit jkit-button  icon-position-before jeg_module__6_69e36d5471685\" ><a href=\"https:\/\/mp4mentors.eu\/wp-content\/uploads\/2025\/07\/MP4Mentors-E-brochure-WP2-for-social-media.pdf\" class=\"jkit-button-wrapper\" target=\"_blank\"><i aria-hidden=\"true\" class=\"jki jki-Download-light\"><\/i>WP2<\/a><\/div>\t\t\t\t<\/div>\n\t\t\t\t<\/div>\n\t\t\t\t<div class=\"elementor-element elementor-element-265e77a elementor-widget elementor-widget-jkit_button\" data-id=\"265e77a\" data-element_type=\"widget\" data-widget_type=\"jkit_button.default\">\n\t\t\t\t<div class=\"elementor-widget-container\">\n\t\t\t\t\t<div  class=\"jeg-elementor-kit jkit-button  icon-position-before jeg_module__7_69e36d5471b6f\" ><a href=\"https:\/\/mp4mentors.eu\/wp-content\/uploads\/2025\/07\/MP4Mentors_WP3_Guidelines_E-brochure-1.pdf\" class=\"jkit-button-wrapper\" target=\"_blank\"><i aria-hidden=\"true\" class=\"jki jki-Download-light\"><\/i>WP3<\/a><\/div>\t\t\t\t<\/div>\n\t\t\t\t<\/div>\n\t\t\t\t<div class=\"elementor-element elementor-element-208c754 elementor-widget elementor-widget-jkit_button\" data-id=\"208c754\" data-element_type=\"widget\" data-widget_type=\"jkit_button.default\">\n\t\t\t\t<div class=\"elementor-widget-container\">\n\t\t\t\t\t<div  class=\"jeg-elementor-kit jkit-button  icon-position-before jeg_module__8_69e36d5472073\" ><a href=\"https:\/\/mp4mentors.eu\/wp-content\/uploads\/2025\/07\/MP4Mentors_WP4_e-brochure-1.pdf\" class=\"jkit-button-wrapper\" target=\"_blank\"><i aria-hidden=\"true\" class=\"jki jki-Download-light\"><\/i>WP4<\/a><\/div>\t\t\t\t<\/div>\n\t\t\t\t<\/div>\n\t\t\t\t\t<\/div>\n\t\t\t\t<\/div>\n\t\t\t\t\t<\/div>\n\t\t<\/div>\n\t\t\t\t\t<\/div>\n\t\t<\/section>\n\t\t\t\t<section class=\"elementor-section elementor-top-section elementor-element elementor-element-5b076af elementor-section-boxed elementor-section-height-default elementor-section-height-default\" data-id=\"5b076af\" data-element_type=\"section\">\n\t\t\t\t\t\t<div class=\"elementor-container elementor-column-gap-default\">\n\t\t\t\t\t<div class=\"elementor-column elementor-col-100 elementor-top-column elementor-element elementor-element-c06659c\" data-id=\"c06659c\" data-element_type=\"column\">\n\t\t\t<div class=\"elementor-widget-wrap elementor-element-populated\">\n\t\t\t\t\t\t<div class=\"elementor-element elementor-element-d02d11e elementor-widget elementor-widget-text-editor\" data-id=\"d02d11e\" data-element_type=\"widget\" data-widget_type=\"text-editor.default\">\n\t\t\t\t<div class=\"elementor-widget-container\">\n\t\t\t\t\t\t\t\t\t<p>Le invitamos a explorar la riqueza de recursos y herramientas que ofrecen nuestros paquetes de trabajo. Juntos, sigamos mejorando las competencias, los sistemas de apoyo y los esfuerzos de divulgaci\u00f3n de los mentores y coordinadores voluntarios en toda Europa. \u00danase a nosotros en nuestra misi\u00f3n de empoderar a las comunidades, fomentar el cambio positivo y construir un futuro mejor a trav\u00e9s del poder del voluntariado.<\/p>\t\t\t\t\t\t\t\t<\/div>\n\t\t\t\t<\/div>\n\t\t\t\t\t<\/div>\n\t\t<\/div>\n\t\t\t\t\t<\/div>\n\t\t<\/section>\n\t\t\t\t<\/div>","protected":false},"excerpt":{"rendered":"<p>Resultados del proyecto El proyecto MP4Mentors tiene como objetivo lograr resultados tangibles e impactantes que contribuyan al desarrollo de mentores y coordinadores de voluntarios, mejorando en \u00faltima instancia la experiencia del voluntariado juvenil. Los resultados del proyecto se clasifican en funci\u00f3n de los respectivos paquetes de trabajo, mostrando un enfoque integral para abordar las necesidades [&hellip;]<\/p>","protected":false},"author":1,"featured_media":0,"parent":0,"menu_order":0,"comment_status":"closed","ping_status":"closed","template":"elementor_header_footer","meta":{"ngg_post_thumbnail":0,"footnotes":""},"class_list":["post-810","page","type-page","status-publish","hentry"],"_links":{"self":[{"href":"https:\/\/mp4mentors.eu\/es\/wp-json\/wp\/v2\/pages\/810","targetHints":{"allow":["GET"]}}],"collection":[{"href":"https:\/\/mp4mentors.eu\/es\/wp-json\/wp\/v2\/pages"}],"about":[{"href":"https:\/\/mp4mentors.eu\/es\/wp-json\/wp\/v2\/types\/page"}],"author":[{"embeddable":true,"href":"https:\/\/mp4mentors.eu\/es\/wp-json\/wp\/v2\/users\/1"}],"replies":[{"embeddable":true,"href":"https:\/\/mp4mentors.eu\/es\/wp-json\/wp\/v2\/comments?post=810"}],"version-history":[{"count":31,"href":"https:\/\/mp4mentors.eu\/es\/wp-json\/wp\/v2\/pages\/810\/revisions"}],"predecessor-version":[{"id":5892,"href":"https:\/\/mp4mentors.eu\/es\/wp-json\/wp\/v2\/pages\/810\/revisions\/5892"}],"wp:attachment":[{"href":"https:\/\/mp4mentors.eu\/es\/wp-json\/wp\/v2\/media?parent=810"}],"curies":[{"name":"wp","href":"https:\/\/api.w.org\/{rel}","templated":true}]}}