{"id":780,"date":"2024-08-07T13:10:31","date_gmt":"2024-08-07T11:10:31","guid":{"rendered":"https:\/\/mp4mentors.eu\/?page_id=780"},"modified":"2024-08-07T13:13:57","modified_gmt":"2024-08-07T11:13:57","slug":"acerca-de","status":"publish","type":"page","link":"https:\/\/mp4mentors.eu\/es\/acerca-de\/","title":{"rendered":"Acerca de"},"content":{"rendered":"<div data-elementor-type=\"wp-page\" data-elementor-id=\"780\" class=\"elementor elementor-780\">\n\t\t\t\t\t\t<section class=\"elementor-section elementor-top-section elementor-element elementor-element-207b462 elementor-section-boxed elementor-section-height-default elementor-section-height-default\" data-id=\"207b462\" data-element_type=\"section\">\n\t\t\t\t\t\t<div class=\"elementor-container elementor-column-gap-default\">\n\t\t\t\t\t<div class=\"elementor-column elementor-col-100 elementor-top-column elementor-element elementor-element-f7f55f4\" data-id=\"f7f55f4\" data-element_type=\"column\">\n\t\t\t<div class=\"elementor-widget-wrap elementor-element-populated\">\n\t\t\t\t\t\t<div class=\"elementor-element elementor-element-19645ed elementor-widget elementor-widget-spacer\" data-id=\"19645ed\" data-element_type=\"widget\" data-widget_type=\"spacer.default\">\n\t\t\t\t<div class=\"elementor-widget-container\">\n\t\t\t\t\t\t\t<div class=\"elementor-spacer\">\n\t\t\t<div class=\"elementor-spacer-inner\"><\/div>\n\t\t<\/div>\n\t\t\t\t\t\t<\/div>\n\t\t\t\t<\/div>\n\t\t\t\t\t<\/div>\n\t\t<\/div>\n\t\t\t\t\t<\/div>\n\t\t<\/section>\n\t\t\t\t<section class=\"elementor-section elementor-top-section elementor-element elementor-element-547a49f elementor-section-boxed elementor-section-height-default elementor-section-height-default\" data-id=\"547a49f\" data-element_type=\"section\">\n\t\t\t\t\t\t<div class=\"elementor-container elementor-column-gap-default\">\n\t\t\t\t\t<div class=\"elementor-column elementor-col-100 elementor-top-column elementor-element elementor-element-acf3b84\" data-id=\"acf3b84\" data-element_type=\"column\">\n\t\t\t<div class=\"elementor-widget-wrap elementor-element-populated\">\n\t\t\t\t\t\t<div class=\"elementor-element elementor-element-3aea326 elementor-widget elementor-widget-heading\" data-id=\"3aea326\" data-element_type=\"widget\" data-widget_type=\"heading.default\">\n\t\t\t\t<div class=\"elementor-widget-container\">\n\t\t\t\t\t<h1 class=\"elementor-heading-title elementor-size-default\">SOBRE EL PROYECTO<\/h1>\t\t\t\t<\/div>\n\t\t\t\t<\/div>\n\t\t\t\t\t<\/div>\n\t\t<\/div>\n\t\t\t\t\t<\/div>\n\t\t<\/section>\n\t\t\t\t<section class=\"elementor-section elementor-top-section elementor-element elementor-element-253fcee elementor-section-boxed elementor-section-height-default elementor-section-height-default\" data-id=\"253fcee\" data-element_type=\"section\">\n\t\t\t\t\t\t<div class=\"elementor-container elementor-column-gap-default\">\n\t\t\t\t\t<div class=\"elementor-column elementor-col-100 elementor-top-column elementor-element elementor-element-6ef8e40\" data-id=\"6ef8e40\" data-element_type=\"column\">\n\t\t\t<div class=\"elementor-widget-wrap elementor-element-populated\">\n\t\t\t\t\t\t<div class=\"elementor-element elementor-element-8e7d319 elementor-widget elementor-widget-text-editor\" data-id=\"8e7d319\" data-element_type=\"widget\" data-widget_type=\"text-editor.default\">\n\t\t\t\t<div class=\"elementor-widget-container\">\n\t\t\t\t\t\t\t\t\t<p>MP4Mentors: Building Stronger Volunteer Leaders in Europe (Suecia, Austria, Espa\u00f1a, Chipre, Ruman\u00eda)<\/p>\t\t\t\t\t\t\t\t<\/div>\n\t\t\t\t<\/div>\n\t\t\t\t\t<\/div>\n\t\t<\/div>\n\t\t\t\t\t<\/div>\n\t\t<\/section>\n\t\t\t\t<section class=\"elementor-section elementor-top-section elementor-element elementor-element-d388f02 elementor-section-boxed elementor-section-height-default elementor-section-height-default\" data-id=\"d388f02\" data-element_type=\"section\">\n\t\t\t\t\t\t<div class=\"elementor-container elementor-column-gap-default\">\n\t\t\t\t\t<div class=\"elementor-column elementor-col-100 elementor-top-column elementor-element elementor-element-ad7ed68\" data-id=\"ad7ed68\" data-element_type=\"column\">\n\t\t\t<div class=\"elementor-widget-wrap elementor-element-populated\">\n\t\t\t\t\t\t<div class=\"elementor-element elementor-element-f602591 elementor-widget elementor-widget-elementskit-heading\" data-id=\"f602591\" data-element_type=\"widget\" data-widget_type=\"elementskit-heading.default\">\n\t\t\t\t<div class=\"elementor-widget-container\">\n\t\t\t\t\t<div class=\"ekit-wid-con\" ><div class=\"ekit-heading elementskit-section-title-wraper text_left   ekit_heading_tablet-   ekit_heading_mobile-\"><h3 class=\"ekit-heading--title elementskit-section-title\">El proyecto:<\/h3>\t\t\t\t<div class='ekit-heading__description'>\n\t\t\t\t\t<p>MP4Mentors es un esfuerzo de colaboraci\u00f3n centrado en la capacitaci\u00f3n de l\u00edderes voluntarios en cinco pa\u00edses europeos. Reconocemos el incre\u00edble potencial del voluntariado juvenil, pero tambi\u00e9n la necesidad de mentores y coordinadores bien equipados para guiar y apoyar a los j\u00f3venes participantes.<\/p>\n\t\t\t\t<\/div>\n\t\t\t<\/div><\/div>\t\t\t\t<\/div>\n\t\t\t\t<\/div>\n\t\t\t\t<div class=\"elementor-element elementor-element-ff31176 elementor-widget elementor-widget-elementskit-heading\" data-id=\"ff31176\" data-element_type=\"widget\" data-widget_type=\"elementskit-heading.default\">\n\t\t\t\t<div class=\"elementor-widget-container\">\n\t\t\t\t\t<div class=\"ekit-wid-con\" ><div class=\"ekit-heading elementskit-section-title-wraper text_left   ekit_heading_tablet-   ekit_heading_mobile-\"><h3 class=\"ekit-heading--title elementskit-section-title\">Nuestro objetivo:<\/h3>\t\t\t\t<div class='ekit-heading__description'>\n\t\t\t\t\t<p class=\"cvGsUA direction-ltr align-start para-style-body\">El proyecto se centra en \u00e1reas clave que repercuten directamente en el \u00e9xito de los programas de voluntariado: Gesti\u00f3n de programas de voluntariado: Proporcionamos formaci\u00f3n sobre las mejores pr\u00e1cticas para el desarrollo de programas, la evaluaci\u00f3n y el compromiso de los participantes. Desarrollo de recursos: Aprender estrategias eficaces para la recaudaci\u00f3n de fondos, la obtenci\u00f3n de asociaciones y la gesti\u00f3n de las finanzas.<\/p>\n\t\t\t\t<\/div>\n\t\t\t<\/div><\/div>\t\t\t\t<\/div>\n\t\t\t\t<\/div>\n\t\t\t\t\t<\/div>\n\t\t<\/div>\n\t\t\t\t\t<\/div>\n\t\t<\/section>\n\t\t\t\t<section class=\"elementor-section elementor-top-section elementor-element elementor-element-467704f elementor-section-boxed elementor-section-height-default elementor-section-height-default\" data-id=\"467704f\" data-element_type=\"section\">\n\t\t\t\t\t\t<div class=\"elementor-container elementor-column-gap-default\">\n\t\t\t\t\t<div class=\"elementor-column elementor-col-100 elementor-top-column elementor-element elementor-element-5c1e34f\" data-id=\"5c1e34f\" data-element_type=\"column\">\n\t\t\t<div class=\"elementor-widget-wrap elementor-element-populated\">\n\t\t\t\t\t\t<div class=\"elementor-element elementor-element-e832d78 elementor-widget__width-inherit elementor-widget elementor-widget-image\" data-id=\"e832d78\" data-element_type=\"widget\" data-widget_type=\"image.default\">\n\t\t\t\t<div class=\"elementor-widget-container\">\n\t\t\t\t\t\t\t\t\t\t\t\t\t\t\t<img fetchpriority=\"high\" decoding=\"async\" width=\"1788\" height=\"915\" src=\"https:\/\/mp4mentors.eu\/wp-content\/uploads\/2024\/05\/6.jpg\" class=\"attachment-2048x2048 size-2048x2048 wp-image-366\" alt=\"\" srcset=\"https:\/\/mp4mentors.eu\/wp-content\/uploads\/2024\/05\/6.jpg 1788w, https:\/\/mp4mentors.eu\/wp-content\/uploads\/2024\/05\/6-300x154.jpg 300w, https:\/\/mp4mentors.eu\/wp-content\/uploads\/2024\/05\/6-1024x524.jpg 1024w, https:\/\/mp4mentors.eu\/wp-content\/uploads\/2024\/05\/6-768x393.jpg 768w, https:\/\/mp4mentors.eu\/wp-content\/uploads\/2024\/05\/6-1536x786.jpg 1536w\" sizes=\"(max-width: 1788px) 100vw, 1788px\" \/>\t\t\t\t\t\t\t\t\t\t\t\t\t\t\t<\/div>\n\t\t\t\t<\/div>\n\t\t\t\t\t<\/div>\n\t\t<\/div>\n\t\t\t\t\t<\/div>\n\t\t<\/section>\n\t\t\t\t<section class=\"elementor-section elementor-top-section elementor-element elementor-element-10d9b74 elementor-section-boxed elementor-section-height-default elementor-section-height-default\" data-id=\"10d9b74\" data-element_type=\"section\">\n\t\t\t\t\t\t<div class=\"elementor-container elementor-column-gap-default\">\n\t\t\t\t\t<div class=\"elementor-column elementor-col-100 elementor-top-column elementor-element elementor-element-0dc3a0d\" data-id=\"0dc3a0d\" data-element_type=\"column\">\n\t\t\t<div class=\"elementor-widget-wrap elementor-element-populated\">\n\t\t\t\t\t\t<div class=\"elementor-element elementor-element-f8a015d elementor-widget elementor-widget-elementskit-heading\" data-id=\"f8a015d\" data-element_type=\"widget\" data-widget_type=\"elementskit-heading.default\">\n\t\t\t\t<div class=\"elementor-widget-container\">\n\t\t\t\t\t<div class=\"ekit-wid-con\" ><div class=\"ekit-heading elementskit-section-title-wraper text_left   ekit_heading_tablet-   ekit_heading_mobile-\"><h3 class=\"ekit-heading--title elementskit-section-title\">Resultados:<\/h3>\t\t\t\t<div class='ekit-heading__description'>\n\t\t\t\t\t<p class=\"cvGsUA direction-ltr align-start para-style-body\">Al dotar a los l\u00edderes voluntarios de las habilidades y conocimientos necesarios, MP4Mentors pretende crear un impacto duradero: Recursos pr\u00e1cticos: Desarrollaremos directrices claras y una completa gu\u00eda de formaci\u00f3n para mentores y coordinadores. Plataforma digital de aprendizaje: Una plataforma de aprendizaje electr\u00f3nico accesible ofrecer\u00e1 formaci\u00f3n continua y materiales de apoyo. Pr\u00e1cticas innovadoras: Mostraremos las mejores pr\u00e1cticas en la gesti\u00f3n de voluntarios a trav\u00e9s de una colecci\u00f3n de ejemplos de programas de \u00e9xito.<\/p>\n\t\t\t\t<\/div>\n\t\t\t<\/div><\/div>\t\t\t\t<\/div>\n\t\t\t\t<\/div>\n\t\t\t\t<div class=\"elementor-element elementor-element-8800e8c elementor-widget elementor-widget-elementskit-heading\" data-id=\"8800e8c\" data-element_type=\"widget\" data-widget_type=\"elementskit-heading.default\">\n\t\t\t\t<div class=\"elementor-widget-container\">\n\t\t\t\t\t<div class=\"ekit-wid-con\" ><div class=\"ekit-heading elementskit-section-title-wraper text_left   ekit_heading_tablet-   ekit_heading_mobile-\"><h3 class=\"ekit-heading--title elementskit-section-title\">Los beneficios:<\/h3>\t\t\t\t<div class='ekit-heading__description'>\n\t\t\t\t\t<p class=\"cvGsUA direction-ltr align-start para-style-body\">MP4Mentors no s\u00f3lo capacita a los l\u00edderes, sino tambi\u00e9n a los j\u00f3venes: Mayor impacto: Los mentores adquirir\u00e1n los conocimientos necesarios para dise\u00f1ar experiencias de voluntariado que maximicen el desarrollo de habilidades de los j\u00f3venes participantes. Gesti\u00f3n experta en tecnolog\u00eda: Los l\u00edderes aprender\u00e1n a aprovechar las herramientas digitales para mejorar la comunicaci\u00f3n y agilizar la gesti\u00f3n del programa. Sistemas de reconocimiento: Desarrollaremos m\u00e9todos para reconocer las valiosas contribuciones tanto de los mentores como de los j\u00f3venes voluntarios.<\/p>\n\t\t\t\t<\/div>\n\t\t\t<\/div><\/div>\t\t\t\t<\/div>\n\t\t\t\t<\/div>\n\t\t\t\t\t<\/div>\n\t\t<\/div>\n\t\t\t\t\t<\/div>\n\t\t<\/section>\n\t\t\t\t<section class=\"elementor-section elementor-top-section elementor-element elementor-element-7361188 elementor-section-boxed elementor-section-height-default elementor-section-height-default\" data-id=\"7361188\" data-element_type=\"section\">\n\t\t\t\t\t\t<div class=\"elementor-container elementor-column-gap-default\">\n\t\t\t\t\t<div class=\"elementor-column elementor-col-100 elementor-top-column elementor-element elementor-element-e7db6f9\" data-id=\"e7db6f9\" data-element_type=\"column\">\n\t\t\t<div class=\"elementor-widget-wrap elementor-element-populated\">\n\t\t\t\t\t\t<div class=\"elementor-element elementor-element-afffe58 elementor-widget elementor-widget-video\" data-id=\"afffe58\" data-element_type=\"widget\" data-settings=\"{&quot;video_type&quot;:&quot;hosted&quot;,&quot;start&quot;:1,&quot;controls&quot;:&quot;yes&quot;}\" data-widget_type=\"video.default\">\n\t\t\t\t<div class=\"elementor-widget-container\">\n\t\t\t\t\t\t\t<div class=\"e-hosted-video elementor-wrapper elementor-open-inline\">\n\t\t\t\t\t<video class=\"elementor-video\" src=\"https:\/\/mp4mentors.eu\/wp-content\/uploads\/2024\/05\/mp4-website-video.mp4#t=1\" controls=\"\" preload=\"metadata\" controlslist=\"nodownload\"><\/video>\n\t\t\t\t<\/div>\n\t\t\t\t\t\t<\/div>\n\t\t\t\t<\/div>\n\t\t\t\t\t<\/div>\n\t\t<\/div>\n\t\t\t\t\t<\/div>\n\t\t<\/section>\n\t\t\t\t<section class=\"elementor-section elementor-top-section elementor-element elementor-element-a7ec8fe elementor-section-boxed elementor-section-height-default elementor-section-height-default\" data-id=\"a7ec8fe\" data-element_type=\"section\">\n\t\t\t\t\t\t<div class=\"elementor-container elementor-column-gap-default\">\n\t\t\t\t\t<div class=\"elementor-column elementor-col-100 elementor-top-column elementor-element elementor-element-54cdfdb\" data-id=\"54cdfdb\" data-element_type=\"column\">\n\t\t\t<div class=\"elementor-widget-wrap elementor-element-populated\">\n\t\t\t\t\t\t<div class=\"elementor-element elementor-element-4db9831 elementor-widget elementor-widget-elementskit-heading\" data-id=\"4db9831\" data-element_type=\"widget\" data-widget_type=\"elementskit-heading.default\">\n\t\t\t\t<div class=\"elementor-widget-container\">\n\t\t\t\t\t<div class=\"ekit-wid-con\" ><div class=\"ekit-heading elementskit-section-title-wraper text_left   ekit_heading_tablet-   ekit_heading_mobile-\"><h1 class=\"ekit-heading--title elementskit-section-title\">\u00danete al Movimiento:<\/h1>\t\t\t\t<div class='ekit-heading__description'>\n\t\t\t\t\t<p>El proyecto MP4Mentors se compromete a crear un futuro en el que l\u00edderes voluntarios capacitados liberen todo el potencial de los j\u00f3venes. Con su apoyo, podemos fomentar una generaci\u00f3n de j\u00f3venes dotados de habilidades para el mundo real, un fuerte sentido de comunidad y una pasi\u00f3n por el cambio positivo.<\/p>\n\t\t\t\t<\/div>\n\t\t\t<\/div><\/div>\t\t\t\t<\/div>\n\t\t\t\t<\/div>\n\t\t\t\t\t<\/div>\n\t\t<\/div>\n\t\t\t\t\t<\/div>\n\t\t<\/section>\n\t\t\t\t<\/div>","protected":false},"excerpt":{"rendered":"<p>SOBRE EL PROYECTO MP4Mentors: Building Stronger Volunteer Leaders in Europe (Suecia, Austria, Espa\u00f1a, Chipre, Ruman\u00eda) El proyecto: MP4Mentors es un esfuerzo de colaboraci\u00f3n centrado en la capacitaci\u00f3n de l\u00edderes voluntarios en cinco pa\u00edses europeos. Reconocemos el incre\u00edble potencial del voluntariado juvenil, pero tambi\u00e9n la necesidad de mentores y coordinadores bien equipados para guiar y apoyar [&hellip;]<\/p>","protected":false},"author":1,"featured_media":0,"parent":0,"menu_order":0,"comment_status":"closed","ping_status":"closed","template":"elementor_header_footer","meta":{"ngg_post_thumbnail":0,"footnotes":""},"class_list":["post-780","page","type-page","status-publish","hentry"],"_links":{"self":[{"href":"https:\/\/mp4mentors.eu\/es\/wp-json\/wp\/v2\/pages\/780","targetHints":{"allow":["GET"]}}],"collection":[{"href":"https:\/\/mp4mentors.eu\/es\/wp-json\/wp\/v2\/pages"}],"about":[{"href":"https:\/\/mp4mentors.eu\/es\/wp-json\/wp\/v2\/types\/page"}],"author":[{"embeddable":true,"href":"https:\/\/mp4mentors.eu\/es\/wp-json\/wp\/v2\/users\/1"}],"replies":[{"embeddable":true,"href":"https:\/\/mp4mentors.eu\/es\/wp-json\/wp\/v2\/comments?post=780"}],"version-history":[{"count":7,"href":"https:\/\/mp4mentors.eu\/es\/wp-json\/wp\/v2\/pages\/780\/revisions"}],"predecessor-version":[{"id":787,"href":"https:\/\/mp4mentors.eu\/es\/wp-json\/wp\/v2\/pages\/780\/revisions\/787"}],"wp:attachment":[{"href":"https:\/\/mp4mentors.eu\/es\/wp-json\/wp\/v2\/media?parent=780"}],"curies":[{"name":"wp","href":"https:\/\/api.w.org\/{rel}","templated":true}]}}