{"id":2781,"date":"2023-11-26T15:20:08","date_gmt":"2023-11-26T13:20:08","guid":{"rendered":"https:\/\/mp4mentors.eu\/project-results\/"},"modified":"2025-05-19T22:27:11","modified_gmt":"2025-05-19T20:27:11","slug":"project-results","status":"publish","type":"page","link":"https:\/\/mp4mentors.eu\/project-results\/","title":{"rendered":"Project Results"},"content":{"rendered":"<div data-elementor-type=\"wp-page\" data-elementor-id=\"2781\" class=\"elementor elementor-2781\">\n\t\t\t\t\t\t<section class=\"elementor-section elementor-top-section elementor-element elementor-element-3dafd1a elementor-section-boxed elementor-section-height-default elementor-section-height-default\" data-id=\"3dafd1a\" data-element_type=\"section\" data-e-type=\"section\">\n\t\t\t\t\t\t<div class=\"elementor-container elementor-column-gap-default\">\n\t\t\t\t\t<div class=\"elementor-column elementor-col-100 elementor-top-column elementor-element elementor-element-6e997cc\" data-id=\"6e997cc\" data-element_type=\"column\" data-e-type=\"column\">\n\t\t\t<div class=\"elementor-widget-wrap elementor-element-populated\">\n\t\t\t\t\t\t<div class=\"elementor-element elementor-element-03e17d3 elementor-widget elementor-widget-heading\" data-id=\"03e17d3\" data-element_type=\"widget\" data-e-type=\"widget\" data-widget_type=\"heading.default\">\n\t\t\t\t<div class=\"elementor-widget-container\">\n\t\t\t\t\t<h1 class=\"elementor-heading-title elementor-size-default\">Projekt-Ergebnisse\n<\/h1>\t\t\t\t<\/div>\n\t\t\t\t<\/div>\n\t\t\t\t<div class=\"elementor-element elementor-element-f8c1e60 elementor-widget elementor-widget-text-editor\" data-id=\"f8c1e60\" data-element_type=\"widget\" data-e-type=\"widget\" data-widget_type=\"text-editor.default\">\n\t\t\t\t<div class=\"elementor-widget-container\">\n\t\t\t\t\t\t\t\t\tDas Projekt MP4Mentors zielt darauf ab, greifbare und wirksame Ergebnisse zu erzielen, die zur Entwicklung von Mentoren und Koordinatoren f\u00fcr Freiwillige beitragen und letztlich die Erfahrungen junger Freiwilliger verbessern. Die Projektergebnisse werden auf der Grundlage der jeweiligen Arbeitspakete kategorisiert, um einen umfassenden Ansatz zur Deckung des ermittelten Bedarfs zu zeigen.\n\n\t\t\t\t\t\t\t\t<\/div>\n\t\t\t\t<\/div>\n\t\t\t\t\t<\/div>\n\t\t<\/div>\n\t\t\t\t\t<\/div>\n\t\t<\/section>\n\t\t\t\t<section class=\"elementor-section elementor-top-section elementor-element elementor-element-2ec6953 elementor-section-boxed elementor-section-height-default elementor-section-height-default\" data-id=\"2ec6953\" data-element_type=\"section\" data-e-type=\"section\">\n\t\t\t\t\t\t<div class=\"elementor-container elementor-column-gap-default\">\n\t\t\t\t\t<div class=\"elementor-column elementor-col-100 elementor-top-column elementor-element elementor-element-500e724\" data-id=\"500e724\" data-element_type=\"column\" data-e-type=\"column\">\n\t\t\t<div class=\"elementor-widget-wrap elementor-element-populated\">\n\t\t\t\t\t\t<div class=\"elementor-element elementor-element-379a62c elementor-widget elementor-widget-image\" data-id=\"379a62c\" data-element_type=\"widget\" data-e-type=\"widget\" data-widget_type=\"image.default\">\n\t\t\t\t<div class=\"elementor-widget-container\">\n\t\t\t\t\t\t\t\t\t\t\t\t\t\t\t<img fetchpriority=\"high\" decoding=\"async\" width=\"1557\" height=\"798\" src=\"https:\/\/mp4mentors.eu\/wp-content\/uploads\/2024\/05\/22.jpg\" class=\"attachment-full size-full wp-image-444\" alt=\"\" srcset=\"https:\/\/mp4mentors.eu\/wp-content\/uploads\/2024\/05\/22.jpg 1557w, https:\/\/mp4mentors.eu\/wp-content\/uploads\/2024\/05\/22-300x154.jpg 300w, https:\/\/mp4mentors.eu\/wp-content\/uploads\/2024\/05\/22-1024x525.jpg 1024w, https:\/\/mp4mentors.eu\/wp-content\/uploads\/2024\/05\/22-768x394.jpg 768w, https:\/\/mp4mentors.eu\/wp-content\/uploads\/2024\/05\/22-1536x787.jpg 1536w\" sizes=\"(max-width: 1557px) 100vw, 1557px\" \/>\t\t\t\t\t\t\t\t\t\t\t\t\t\t\t<\/div>\n\t\t\t\t<\/div>\n\t\t\t\t\t<\/div>\n\t\t<\/div>\n\t\t\t\t\t<\/div>\n\t\t<\/section>\n\t\t\t\t<section class=\"elementor-section elementor-top-section elementor-element elementor-element-0e3594e elementor-section-boxed elementor-section-height-default elementor-section-height-default\" data-id=\"0e3594e\" data-element_type=\"section\" data-e-type=\"section\">\n\t\t\t\t\t\t<div class=\"elementor-container elementor-column-gap-default\">\n\t\t\t\t\t<div class=\"elementor-column elementor-col-50 elementor-top-column elementor-element elementor-element-d9a4c25\" data-id=\"d9a4c25\" data-element_type=\"column\" data-e-type=\"column\" data-settings=\"{&quot;background_background&quot;:&quot;classic&quot;}\">\n\t\t\t<div class=\"elementor-widget-wrap elementor-element-populated\">\n\t\t\t\t\t\t<div class=\"elementor-element elementor-element-16be6e9 elementor-widget__width-initial elementor-widget elementor-widget-heading\" data-id=\"16be6e9\" data-element_type=\"widget\" data-e-type=\"widget\" data-widget_type=\"heading.default\">\n\t\t\t\t<div class=\"elementor-widget-container\">\n\t\t\t\t\t<h3 class=\"elementor-heading-title elementor-size-default\">Arbeitspaket 2 (WP2): Leitprinzipien und bew\u00e4hrte Praktiken,\n<\/h3>\t\t\t\t<\/div>\n\t\t\t\t<\/div>\n\t\t\t\t<div class=\"elementor-element elementor-element-3406429 elementor-widget__width-initial elementor-widget elementor-widget-text-editor\" data-id=\"3406429\" data-element_type=\"widget\" data-e-type=\"widget\" data-widget_type=\"text-editor.default\">\n\t\t\t\t<div class=\"elementor-widget-container\">\n\t\t\t\t\t\t\t\t\t\u201cLeitprinzipien: Rahmen f\u00fcr eine wirksame Betreuung und Koordinierung\u201d. Bericht zur Bedarfsanalyse: Detaillierte Herausforderungen, die zu ma\u00dfgeschneiderten L\u00f6sungen f\u00fchren. Bew\u00e4hrte Praktiken: Zusammenstellung bew\u00e4hrter Strategien im Freiwilligenmanagement. E-Brosch\u00fcre: Fasst die wichtigsten Erkenntnisse, Grunds\u00e4tze und bew\u00e4hrten Praktiken zusammen.\u201d\n\n\t\t\t\t\t\t\t\t<\/div>\n\t\t\t\t<\/div>\n\t\t\t\t\t<\/div>\n\t\t<\/div>\n\t\t\t\t<div class=\"elementor-column elementor-col-50 elementor-top-column elementor-element elementor-element-c022d4f\" data-id=\"c022d4f\" data-element_type=\"column\" data-e-type=\"column\">\n\t\t\t<div class=\"elementor-widget-wrap elementor-element-populated\">\n\t\t\t\t\t\t<div class=\"elementor-element elementor-element-89bdc39 elementor-hidden-tablet elementor-hidden-mobile elementor-widget elementor-widget-image\" data-id=\"89bdc39\" data-element_type=\"widget\" data-e-type=\"widget\" data-widget_type=\"image.default\">\n\t\t\t\t<div class=\"elementor-widget-container\">\n\t\t\t\t\t\t\t\t\t\t\t\t\t\t\t<img decoding=\"async\" width=\"444\" height=\"400\" src=\"https:\/\/mp4mentors.eu\/wp-content\/uploads\/2024\/05\/12.png\" class=\"attachment-large size-large wp-image-450\" alt=\"\" srcset=\"https:\/\/mp4mentors.eu\/wp-content\/uploads\/2024\/05\/12.png 444w, https:\/\/mp4mentors.eu\/wp-content\/uploads\/2024\/05\/12-300x270.png 300w\" sizes=\"(max-width: 444px) 100vw, 444px\" \/>\t\t\t\t\t\t\t\t\t\t\t\t\t\t\t<\/div>\n\t\t\t\t<\/div>\n\t\t\t\t\t<\/div>\n\t\t<\/div>\n\t\t\t\t\t<\/div>\n\t\t<\/section>\n\t\t\t\t<section class=\"elementor-section elementor-top-section elementor-element elementor-element-34709d7 elementor-section-boxed elementor-section-height-default elementor-section-height-default\" data-id=\"34709d7\" data-element_type=\"section\" data-e-type=\"section\">\n\t\t\t\t\t\t<div class=\"elementor-container elementor-column-gap-default\">\n\t\t\t\t\t<div class=\"elementor-column elementor-col-50 elementor-top-column elementor-element elementor-element-4f617c4\" data-id=\"4f617c4\" data-element_type=\"column\" data-e-type=\"column\">\n\t\t\t<div class=\"elementor-widget-wrap elementor-element-populated\">\n\t\t\t\t\t\t<div class=\"elementor-element elementor-element-c14b734 elementor-hidden-tablet elementor-hidden-mobile elementor-widget elementor-widget-image\" data-id=\"c14b734\" data-element_type=\"widget\" data-e-type=\"widget\" data-widget_type=\"image.default\">\n\t\t\t\t<div class=\"elementor-widget-container\">\n\t\t\t\t\t\t\t\t\t\t\t\t\t\t\t<img decoding=\"async\" width=\"469\" height=\"501\" src=\"https:\/\/mp4mentors.eu\/wp-content\/uploads\/2024\/05\/3.png\" class=\"attachment-large size-large wp-image-449\" alt=\"\" srcset=\"https:\/\/mp4mentors.eu\/wp-content\/uploads\/2024\/05\/3.png 469w, https:\/\/mp4mentors.eu\/wp-content\/uploads\/2024\/05\/3-281x300.png 281w\" sizes=\"(max-width: 469px) 100vw, 469px\" \/>\t\t\t\t\t\t\t\t\t\t\t\t\t\t\t<\/div>\n\t\t\t\t<\/div>\n\t\t\t\t\t<\/div>\n\t\t<\/div>\n\t\t\t\t<div class=\"elementor-column elementor-col-50 elementor-top-column elementor-element elementor-element-eb9583f\" data-id=\"eb9583f\" data-element_type=\"column\" data-e-type=\"column\" data-settings=\"{&quot;background_background&quot;:&quot;classic&quot;}\">\n\t\t\t<div class=\"elementor-widget-wrap elementor-element-populated\">\n\t\t\t\t\t\t<div class=\"elementor-element elementor-element-4537213 elementor-widget__width-initial elementor-widget elementor-widget-heading\" data-id=\"4537213\" data-element_type=\"widget\" data-e-type=\"widget\" data-widget_type=\"heading.default\">\n\t\t\t\t<div class=\"elementor-widget-container\">\n\t\t\t\t\t<h3 class=\"elementor-heading-title elementor-size-default\">Arbeitspaket 3 (WP3): Leitfaden und Materialien f\u00fcr die \u00d6ffentlichkeitsarbeit\n<\/h3>\t\t\t\t<\/div>\n\t\t\t\t<\/div>\n\t\t\t\t<div class=\"elementor-element elementor-element-2817350 elementor-widget__width-initial elementor-widget elementor-widget-text-editor\" data-id=\"2817350\" data-element_type=\"widget\" data-e-type=\"widget\" data-widget_type=\"text-editor.default\">\n\t\t\t\t<div class=\"elementor-widget-container\">\n\t\t\t\t\t\t\t\t\t\u201cLeitfaden: Schritt-f\u00fcr-Schritt-Anleitung f\u00fcr effektives Programm-Management\u201d. Zus\u00e4tzliche E-Brosch\u00fcre: Betont die Richtlinien f\u00fcr eine breitere Zug\u00e4nglichkeit\u201d.\n\n\t\t\t\t\t\t\t\t<\/div>\n\t\t\t\t<\/div>\n\t\t\t\t\t<\/div>\n\t\t<\/div>\n\t\t\t\t\t<\/div>\n\t\t<\/section>\n\t\t\t\t<section class=\"elementor-section elementor-top-section elementor-element elementor-element-491ea06 elementor-section-boxed elementor-section-height-default elementor-section-height-default\" data-id=\"491ea06\" data-element_type=\"section\" data-e-type=\"section\">\n\t\t\t\t\t\t<div class=\"elementor-container elementor-column-gap-default\">\n\t\t\t\t\t<div class=\"elementor-column elementor-col-50 elementor-top-column elementor-element elementor-element-399ddfd\" data-id=\"399ddfd\" data-element_type=\"column\" data-e-type=\"column\">\n\t\t\t<div class=\"elementor-widget-wrap elementor-element-populated\">\n\t\t\t\t\t\t<div class=\"elementor-element elementor-element-62c38c2 elementor-hidden-tablet elementor-hidden-mobile elementor-widget elementor-widget-image\" data-id=\"62c38c2\" data-element_type=\"widget\" data-e-type=\"widget\" data-widget_type=\"image.default\">\n\t\t\t\t<div class=\"elementor-widget-container\">\n\t\t\t\t\t\t\t\t\t\t\t\t\t\t\t<img loading=\"lazy\" decoding=\"async\" width=\"580\" height=\"817\" src=\"https:\/\/mp4mentors.eu\/wp-content\/uploads\/2024\/08\/Ekran-goruntusu_1-8-2024_14363_.jpeg\" class=\"attachment-full size-full wp-image-703\" alt=\"\" srcset=\"https:\/\/mp4mentors.eu\/wp-content\/uploads\/2024\/08\/Ekran-goruntusu_1-8-2024_14363_.jpeg 580w, https:\/\/mp4mentors.eu\/wp-content\/uploads\/2024\/08\/Ekran-goruntusu_1-8-2024_14363_-213x300.jpeg 213w\" sizes=\"(max-width: 580px) 100vw, 580px\" \/>\t\t\t\t\t\t\t\t\t\t\t\t\t\t\t<\/div>\n\t\t\t\t<\/div>\n\t\t\t\t\t<\/div>\n\t\t<\/div>\n\t\t\t\t<div class=\"elementor-column elementor-col-50 elementor-top-column elementor-element elementor-element-b559f1d\" data-id=\"b559f1d\" data-element_type=\"column\" data-e-type=\"column\" data-settings=\"{&quot;background_background&quot;:&quot;classic&quot;}\">\n\t\t\t<div class=\"elementor-widget-wrap elementor-element-populated\">\n\t\t\t\t\t\t<div class=\"elementor-element elementor-element-975f1a5 elementor-widget elementor-widget-heading\" data-id=\"975f1a5\" data-element_type=\"widget\" data-e-type=\"widget\" data-widget_type=\"heading.default\">\n\t\t\t\t<div class=\"elementor-widget-container\">\n\t\t\t\t\t<h2 class=\"elementor-heading-title elementor-size-default\">RICHTLINIE<\/h2>\t\t\t\t<\/div>\n\t\t\t\t<\/div>\n\t\t\t\t<div class=\"elementor-element elementor-element-bdfcc71 elementor-widget elementor-widget-heading\" data-id=\"bdfcc71\" data-element_type=\"widget\" data-e-type=\"widget\" data-widget_type=\"heading.default\">\n\t\t\t\t<div class=\"elementor-widget-container\">\n\t\t\t\t\t<h5 class=\"elementor-heading-title elementor-size-default\">F\u00dcR MENTOREN UND KOORDINATOREN VON FREIWILLIGEN\n<\/h5>\t\t\t\t<\/div>\n\t\t\t\t<\/div>\n\t\t\t\t<div class=\"elementor-element elementor-element-b170acc elementor-widget elementor-widget-jkit_button\" data-id=\"b170acc\" data-element_type=\"widget\" data-e-type=\"widget\" data-widget_type=\"jkit_button.default\">\n\t\t\t\t<div class=\"elementor-widget-container\">\n\t\t\t\t\t<div  class=\"jeg-elementor-kit jkit-button  icon-position-before jeg_module___69f255283c8d9\" ><a href=\"https:\/\/mp4mentors.eu\/wp-content\/uploads\/2024\/12\/MP4-Mentors-Guide-GERMAN.pdf\" class=\"jkit-button-wrapper\" target=\"_blank\"><i aria-hidden=\"true\" class=\"jki jki-Download-light\"><\/i>GERMAN<\/a><\/div>\t\t\t\t<\/div>\n\t\t\t\t<\/div>\n\t\t\t\t\t<\/div>\n\t\t<\/div>\n\t\t\t\t\t<\/div>\n\t\t<\/section>\n\t\t\t\t<section class=\"elementor-section elementor-top-section elementor-element elementor-element-548e7b6 elementor-section-boxed elementor-section-height-default elementor-section-height-default\" data-id=\"548e7b6\" data-element_type=\"section\" data-e-type=\"section\">\n\t\t\t\t\t\t<div class=\"elementor-container elementor-column-gap-default\">\n\t\t\t\t\t<div class=\"elementor-column elementor-col-50 elementor-top-column elementor-element elementor-element-2bc882b\" data-id=\"2bc882b\" data-element_type=\"column\" data-e-type=\"column\" data-settings=\"{&quot;background_background&quot;:&quot;classic&quot;}\">\n\t\t\t<div class=\"elementor-widget-wrap elementor-element-populated\">\n\t\t\t\t\t\t<div class=\"elementor-element elementor-element-4caf7e6 elementor-widget__width-initial elementor-widget elementor-widget-heading\" data-id=\"4caf7e6\" data-element_type=\"widget\" data-e-type=\"widget\" data-widget_type=\"heading.default\">\n\t\t\t\t<div class=\"elementor-widget-container\">\n\t\t\t\t\t<h3 class=\"elementor-heading-title elementor-size-default\">Arbeitspaket 4 (WP4): E-Learning-Plattform und Bewertungsinstrumente\n<\/h3>\t\t\t\t<\/div>\n\t\t\t\t<\/div>\n\t\t\t\t<div class=\"elementor-element elementor-element-08c7b6d elementor-widget__width-initial elementor-widget elementor-widget-text-editor\" data-id=\"08c7b6d\" data-element_type=\"widget\" data-e-type=\"widget\" data-widget_type=\"text-editor.default\">\n\t\t\t\t<div class=\"elementor-widget-container\">\n\t\t\t\t\t\t\t\t\t<p>\u201cE-Learning-Plattform: Interaktive Module zur Verbesserung der F\u00e4higkeiten. Online-Selbstbeurteilung: Werkzeug zur kontinuierlichen Verbesserung. E-Brosch\u00fcre: Hebt Plattform und Werkzeuge f\u00fcr eine breitere Anwendung hervor\u201d<\/p>\t\t\t\t\t\t\t\t<\/div>\n\t\t\t\t<\/div>\n\t\t\t\t<div class=\"elementor-element elementor-element-6714d28 elementor-widget elementor-widget-jkit_button\" data-id=\"6714d28\" data-element_type=\"widget\" data-e-type=\"widget\" data-widget_type=\"jkit_button.default\">\n\t\t\t\t<div class=\"elementor-widget-container\">\n\t\t\t\t\t<div  class=\"jeg-elementor-kit jkit-button  icon-position-before jeg_module__1_69f255283d8bb\" ><a href=\"https:\/\/mp4mentors.eu\/de\/courses\/course\/\" class=\"jkit-button-wrapper\" target=\"_blank\"><i aria-hidden=\"true\" class=\"jki jki-diploma-light\"><\/i>Platfom<\/a><\/div>\t\t\t\t<\/div>\n\t\t\t\t<\/div>\n\t\t\t\t\t<\/div>\n\t\t<\/div>\n\t\t\t\t<div class=\"elementor-column elementor-col-50 elementor-top-column elementor-element elementor-element-6ae43e5\" data-id=\"6ae43e5\" data-element_type=\"column\" data-e-type=\"column\">\n\t\t\t<div class=\"elementor-widget-wrap elementor-element-populated\">\n\t\t\t\t\t\t<div class=\"elementor-element elementor-element-de5eb17 elementor-hidden-tablet elementor-hidden-mobile elementor-widget elementor-widget-image\" data-id=\"de5eb17\" data-element_type=\"widget\" data-e-type=\"widget\" data-widget_type=\"image.default\">\n\t\t\t\t<div class=\"elementor-widget-container\">\n\t\t\t\t\t\t\t\t\t\t\t\t\t\t\t<img loading=\"lazy\" decoding=\"async\" width=\"454\" height=\"501\" src=\"https:\/\/mp4mentors.eu\/wp-content\/uploads\/2024\/05\/32.png\" class=\"attachment-large size-large wp-image-454\" alt=\"\" srcset=\"https:\/\/mp4mentors.eu\/wp-content\/uploads\/2024\/05\/32.png 454w, https:\/\/mp4mentors.eu\/wp-content\/uploads\/2024\/05\/32-272x300.png 272w\" sizes=\"(max-width: 454px) 100vw, 454px\" \/>\t\t\t\t\t\t\t\t\t\t\t\t\t\t\t<\/div>\n\t\t\t\t<\/div>\n\t\t\t\t\t<\/div>\n\t\t<\/div>\n\t\t\t\t\t<\/div>\n\t\t<\/section>\n\t\t\t\t<section class=\"elementor-section elementor-top-section elementor-element elementor-element-5b076af elementor-section-boxed elementor-section-height-default elementor-section-height-default\" data-id=\"5b076af\" data-element_type=\"section\" data-e-type=\"section\">\n\t\t\t\t\t\t<div class=\"elementor-container elementor-column-gap-default\">\n\t\t\t\t\t<div class=\"elementor-column elementor-col-100 elementor-top-column elementor-element elementor-element-c06659c\" data-id=\"c06659c\" data-element_type=\"column\" data-e-type=\"column\">\n\t\t\t<div class=\"elementor-widget-wrap elementor-element-populated\">\n\t\t\t\t\t\t<div class=\"elementor-element elementor-element-d02d11e elementor-widget elementor-widget-text-editor\" data-id=\"d02d11e\" data-element_type=\"widget\" data-e-type=\"widget\" data-widget_type=\"text-editor.default\">\n\t\t\t\t<div class=\"elementor-widget-container\">\n\t\t\t\t\t\t\t\t\tWir laden Sie ein, die Vielzahl der in unseren Arbeitspaketen bereitgestellten Ressourcen und Instrumente zu erkunden. Lassen Sie uns gemeinsam die F\u00e4higkeiten, die Unterst\u00fctzungssysteme und die \u00d6ffentlichkeitsarbeit f\u00fcr ehrenamtliche Mentoren und Koordinatoren in ganz Europa weiter verbessern. Unterst\u00fctzen Sie uns bei unserer Mission, Gemeinschaften zu st\u00e4rken, einen positiven Wandel zu f\u00f6rdern und eine bessere Zukunft durch die Kraft der Freiwilligenarbeit zu schaffen.\n\n\t\t\t\t\t\t\t\t<\/div>\n\t\t\t\t<\/div>\n\t\t\t\t\t<\/div>\n\t\t<\/div>\n\t\t\t\t\t<\/div>\n\t\t<\/section>\n\t\t\t\t<\/div>","protected":false},"excerpt":{"rendered":"<p>Projekt-Ergebnisse Das Projekt MP4Mentors zielt darauf ab, greifbare und wirksame Ergebnisse zu erzielen, die zur Entwicklung von Mentoren und Koordinatoren f\u00fcr Freiwillige beitragen und letztlich die Erfahrungen junger Freiwilliger verbessern. Die Projektergebnisse werden auf der Grundlage der jeweiligen Arbeitspakete kategorisiert, um einen umfassenden Ansatz zur Deckung des ermittelten Bedarfs zu zeigen. Arbeitspaket 2 (WP2): Leitprinzipien [&hellip;]<\/p>\n","protected":false},"author":1,"featured_media":0,"parent":0,"menu_order":0,"comment_status":"closed","ping_status":"closed","template":"elementor_header_footer","meta":{"ngg_post_thumbnail":0,"footnotes":""},"class_list":["post-2781","page","type-page","status-publish","hentry"],"_links":{"self":[{"href":"https:\/\/mp4mentors.eu\/es\/wp-json\/wp\/v2\/pages\/2781","targetHints":{"allow":["GET"]}}],"collection":[{"href":"https:\/\/mp4mentors.eu\/es\/wp-json\/wp\/v2\/pages"}],"about":[{"href":"https:\/\/mp4mentors.eu\/es\/wp-json\/wp\/v2\/types\/page"}],"author":[{"embeddable":true,"href":"https:\/\/mp4mentors.eu\/es\/wp-json\/wp\/v2\/users\/1"}],"replies":[{"embeddable":true,"href":"https:\/\/mp4mentors.eu\/es\/wp-json\/wp\/v2\/comments?post=2781"}],"version-history":[{"count":0,"href":"https:\/\/mp4mentors.eu\/es\/wp-json\/wp\/v2\/pages\/2781\/revisions"}],"wp:attachment":[{"href":"https:\/\/mp4mentors.eu\/es\/wp-json\/wp\/v2\/media?parent=2781"}],"curies":[{"name":"wp","href":"https:\/\/api.w.org\/{rel}","templated":true}]}}