{"id":805,"date":"2024-08-07T13:49:11","date_gmt":"2024-08-07T11:49:11","guid":{"rendered":"https:\/\/mp4mentors.eu\/?page_id=805"},"modified":"2025-07-31T00:00:54","modified_gmt":"2025-07-30T22:00:54","slug":"projekt-ergebnisse","status":"publish","type":"page","link":"https:\/\/mp4mentors.eu\/de\/projekt-ergebnisse\/","title":{"rendered":"Projekt-Ergebnisse"},"content":{"rendered":"<div data-elementor-type=\"wp-page\" data-elementor-id=\"805\" class=\"elementor elementor-805\">\n\t\t\t\t\t\t<section class=\"elementor-section elementor-top-section elementor-element elementor-element-3dafd1a elementor-section-boxed elementor-section-height-default elementor-section-height-default\" data-id=\"3dafd1a\" data-element_type=\"section\">\n\t\t\t\t\t\t<div class=\"elementor-container elementor-column-gap-default\">\n\t\t\t\t\t<div class=\"elementor-column elementor-col-100 elementor-top-column elementor-element elementor-element-6e997cc\" data-id=\"6e997cc\" data-element_type=\"column\">\n\t\t\t<div class=\"elementor-widget-wrap elementor-element-populated\">\n\t\t\t\t\t\t<div class=\"elementor-element elementor-element-03e17d3 elementor-widget elementor-widget-heading\" data-id=\"03e17d3\" data-element_type=\"widget\" data-widget_type=\"heading.default\">\n\t\t\t\t<div class=\"elementor-widget-container\">\n\t\t\t\t\t<h1 class=\"elementor-heading-title elementor-size-default\">Projekt-Ergebnisse<\/h1>\t\t\t\t<\/div>\n\t\t\t\t<\/div>\n\t\t\t\t<div class=\"elementor-element elementor-element-f8c1e60 elementor-widget elementor-widget-text-editor\" data-id=\"f8c1e60\" data-element_type=\"widget\" data-widget_type=\"text-editor.default\">\n\t\t\t\t<div class=\"elementor-widget-container\">\n\t\t\t\t\t\t\t\t\t<p>Das Projekt MP4Mentors zielt darauf ab, greifbare und wirksame Ergebnisse zu erzielen, die zur Entwicklung von Mentoren und Koordinatoren f\u00fcr Freiwillige beitragen und letztlich die Erfahrungen junger Freiwilliger verbessern. Die Projektergebnisse werden auf der Grundlage der jeweiligen Arbeitspakete kategorisiert, um einen umfassenden Ansatz zur Deckung des ermittelten Bedarfs zu zeigen.<\/p>\t\t\t\t\t\t\t\t<\/div>\n\t\t\t\t<\/div>\n\t\t\t\t\t<\/div>\n\t\t<\/div>\n\t\t\t\t\t<\/div>\n\t\t<\/section>\n\t\t\t\t<section class=\"elementor-section elementor-top-section elementor-element elementor-element-2ec6953 elementor-section-boxed elementor-section-height-default elementor-section-height-default\" data-id=\"2ec6953\" data-element_type=\"section\">\n\t\t\t\t\t\t<div class=\"elementor-container elementor-column-gap-default\">\n\t\t\t\t\t<div class=\"elementor-column elementor-col-100 elementor-top-column elementor-element elementor-element-500e724\" data-id=\"500e724\" data-element_type=\"column\">\n\t\t\t<div class=\"elementor-widget-wrap elementor-element-populated\">\n\t\t\t\t\t\t<div class=\"elementor-element elementor-element-379a62c elementor-widget elementor-widget-image\" data-id=\"379a62c\" data-element_type=\"widget\" data-widget_type=\"image.default\">\n\t\t\t\t<div class=\"elementor-widget-container\">\n\t\t\t\t\t\t\t\t\t\t\t\t\t\t\t<img fetchpriority=\"high\" decoding=\"async\" width=\"1557\" height=\"798\" src=\"https:\/\/mp4mentors.eu\/wp-content\/uploads\/2024\/05\/22.jpg\" class=\"attachment-full size-full wp-image-444\" alt=\"\" srcset=\"https:\/\/mp4mentors.eu\/wp-content\/uploads\/2024\/05\/22.jpg 1557w, https:\/\/mp4mentors.eu\/wp-content\/uploads\/2024\/05\/22-300x154.jpg 300w, https:\/\/mp4mentors.eu\/wp-content\/uploads\/2024\/05\/22-1024x525.jpg 1024w, https:\/\/mp4mentors.eu\/wp-content\/uploads\/2024\/05\/22-768x394.jpg 768w, https:\/\/mp4mentors.eu\/wp-content\/uploads\/2024\/05\/22-1536x787.jpg 1536w\" sizes=\"(max-width: 1557px) 100vw, 1557px\" \/>\t\t\t\t\t\t\t\t\t\t\t\t\t\t\t<\/div>\n\t\t\t\t<\/div>\n\t\t\t\t\t<\/div>\n\t\t<\/div>\n\t\t\t\t\t<\/div>\n\t\t<\/section>\n\t\t\t\t<section class=\"elementor-section elementor-top-section elementor-element elementor-element-0e3594e elementor-section-boxed elementor-section-height-default elementor-section-height-default\" data-id=\"0e3594e\" data-element_type=\"section\">\n\t\t\t\t\t\t<div class=\"elementor-container elementor-column-gap-default\">\n\t\t\t\t\t<div class=\"elementor-column elementor-col-50 elementor-top-column elementor-element elementor-element-d9a4c25\" data-id=\"d9a4c25\" data-element_type=\"column\" data-settings=\"{&quot;background_background&quot;:&quot;classic&quot;}\">\n\t\t\t<div class=\"elementor-widget-wrap elementor-element-populated\">\n\t\t\t\t\t\t<div class=\"elementor-element elementor-element-16be6e9 elementor-widget__width-initial elementor-widget elementor-widget-heading\" data-id=\"16be6e9\" data-element_type=\"widget\" data-widget_type=\"heading.default\">\n\t\t\t\t<div class=\"elementor-widget-container\">\n\t\t\t\t\t<h3 class=\"elementor-heading-title elementor-size-default\">Arbeitspaket 2 (WP2): Leitprinzipien und bew\u00e4hrte Praktiken,<\/h3>\t\t\t\t<\/div>\n\t\t\t\t<\/div>\n\t\t\t\t<div class=\"elementor-element elementor-element-3406429 elementor-widget__width-initial elementor-widget elementor-widget-text-editor\" data-id=\"3406429\" data-element_type=\"widget\" data-widget_type=\"text-editor.default\">\n\t\t\t\t<div class=\"elementor-widget-container\">\n\t\t\t\t\t\t\t\t\t<p><a href=\"https:\/\/mp4mentors.eu\/wp-content\/uploads\/2025\/06\/MP4Mentors_Guiding-Principles_German.pdf\">&#8220;Leitprinzipien: Rahmen f\u00fcr eine wirksame Betreuung und Koordinierung&#8221;.<\/a><\/p><p>Bericht zur Bedarfsanalyse: Detaillierte Herausforderungen, die zu ma\u00dfgeschneiderten L\u00f6sungen f\u00fchren.<\/p><p>Bew\u00e4hrte Praktiken: Zusammenstellung bew\u00e4hrter Strategien im Freiwilligenmanagement.<\/p><p>E-Brosch\u00fcre: Fasst die wichtigsten Erkenntnisse, Grunds\u00e4tze und bew\u00e4hrten Praktiken zusammen.&#8221;<\/p>\t\t\t\t\t\t\t\t<\/div>\n\t\t\t\t<\/div>\n\t\t\t\t<div class=\"elementor-element elementor-element-629031d elementor-widget elementor-widget-jkit_button\" data-id=\"629031d\" data-element_type=\"widget\" data-widget_type=\"jkit_button.default\">\n\t\t\t\t<div class=\"elementor-widget-container\">\n\t\t\t\t\t<div  class=\"jeg-elementor-kit jkit-button  icon-position-before jeg_module___69e4a7c97ef36\" ><a href=\"https:\/\/mp4mentors.eu\/wp-content\/uploads\/2025\/06\/MP4Mentors_Guiding-Principles_German.pdf\" class=\"jkit-button-wrapper\" target=\"_blank\"><i aria-hidden=\"true\" class=\"jki jki-diploma-light\"><\/i><\/a><\/div>\t\t\t\t<\/div>\n\t\t\t\t<\/div>\n\t\t\t\t<div class=\"elementor-element elementor-element-3f6655f elementor-widget elementor-widget-jkit_button\" data-id=\"3f6655f\" data-element_type=\"widget\" data-widget_type=\"jkit_button.default\">\n\t\t\t\t<div class=\"elementor-widget-container\">\n\t\t\t\t\t<div  class=\"jeg-elementor-kit jkit-button  icon-position-before jeg_module__1_69e4a7c97f4a7\" ><a href=\"https:\/\/mp4mentors.eu\/wp-content\/uploads\/2025\/07\/MP4Mentors-Needs-Analysis-Report.docx-1.pdf\" class=\"jkit-button-wrapper\" target=\"_blank\"><i aria-hidden=\"true\" class=\"jki jki-diploma-light\"><\/i>Needs Analysis Report<\/a><\/div>\t\t\t\t<\/div>\n\t\t\t\t<\/div>\n\t\t\t\t<div class=\"elementor-element elementor-element-39afbff elementor-widget elementor-widget-jkit_button\" data-id=\"39afbff\" data-element_type=\"widget\" data-widget_type=\"jkit_button.default\">\n\t\t\t\t<div class=\"elementor-widget-container\">\n\t\t\t\t\t<div  class=\"jeg-elementor-kit jkit-button  icon-position-before jeg_module__2_69e4a7c97f93c\" ><a href=\"https:\/\/mp4mentors.eu\/wp-content\/uploads\/2025\/07\/MP4Mentors-Report-with-Best-Practices-Fin.pdf\" class=\"jkit-button-wrapper\" target=\"_blank\"><i aria-hidden=\"true\" class=\"jki jki-diploma-light\"><\/i>Report on best practices in volunteering programs<\/a><\/div>\t\t\t\t<\/div>\n\t\t\t\t<\/div>\n\t\t\t\t\t<\/div>\n\t\t<\/div>\n\t\t\t\t<div class=\"elementor-column elementor-col-50 elementor-top-column elementor-element elementor-element-c022d4f\" data-id=\"c022d4f\" data-element_type=\"column\">\n\t\t\t<div class=\"elementor-widget-wrap elementor-element-populated\">\n\t\t\t\t\t\t<div class=\"elementor-element elementor-element-89bdc39 elementor-hidden-tablet elementor-hidden-mobile elementor-widget elementor-widget-image\" data-id=\"89bdc39\" data-element_type=\"widget\" data-widget_type=\"image.default\">\n\t\t\t\t<div class=\"elementor-widget-container\">\n\t\t\t\t\t\t\t\t\t\t\t\t\t\t\t<img decoding=\"async\" width=\"444\" height=\"400\" src=\"https:\/\/mp4mentors.eu\/wp-content\/uploads\/2024\/05\/12.png\" class=\"attachment-large size-large wp-image-450\" alt=\"\" srcset=\"https:\/\/mp4mentors.eu\/wp-content\/uploads\/2024\/05\/12.png 444w, https:\/\/mp4mentors.eu\/wp-content\/uploads\/2024\/05\/12-300x270.png 300w\" sizes=\"(max-width: 444px) 100vw, 444px\" \/>\t\t\t\t\t\t\t\t\t\t\t\t\t\t\t<\/div>\n\t\t\t\t<\/div>\n\t\t\t\t\t<\/div>\n\t\t<\/div>\n\t\t\t\t\t<\/div>\n\t\t<\/section>\n\t\t\t\t<section class=\"elementor-section elementor-top-section elementor-element elementor-element-34709d7 elementor-section-boxed elementor-section-height-default elementor-section-height-default\" data-id=\"34709d7\" data-element_type=\"section\">\n\t\t\t\t\t\t<div class=\"elementor-container elementor-column-gap-default\">\n\t\t\t\t\t<div class=\"elementor-column elementor-col-50 elementor-top-column elementor-element elementor-element-4f617c4\" data-id=\"4f617c4\" data-element_type=\"column\">\n\t\t\t<div class=\"elementor-widget-wrap elementor-element-populated\">\n\t\t\t\t\t\t<div class=\"elementor-element elementor-element-c14b734 elementor-hidden-tablet elementor-hidden-mobile elementor-widget elementor-widget-image\" data-id=\"c14b734\" data-element_type=\"widget\" data-widget_type=\"image.default\">\n\t\t\t\t<div class=\"elementor-widget-container\">\n\t\t\t\t\t\t\t\t\t\t\t\t\t\t\t<img decoding=\"async\" width=\"469\" height=\"501\" src=\"https:\/\/mp4mentors.eu\/wp-content\/uploads\/2024\/05\/3.png\" class=\"attachment-large size-large wp-image-449\" alt=\"\" srcset=\"https:\/\/mp4mentors.eu\/wp-content\/uploads\/2024\/05\/3.png 469w, https:\/\/mp4mentors.eu\/wp-content\/uploads\/2024\/05\/3-281x300.png 281w\" sizes=\"(max-width: 469px) 100vw, 469px\" \/>\t\t\t\t\t\t\t\t\t\t\t\t\t\t\t<\/div>\n\t\t\t\t<\/div>\n\t\t\t\t\t<\/div>\n\t\t<\/div>\n\t\t\t\t<div class=\"elementor-column elementor-col-50 elementor-top-column elementor-element elementor-element-eb9583f\" data-id=\"eb9583f\" data-element_type=\"column\" data-settings=\"{&quot;background_background&quot;:&quot;classic&quot;}\">\n\t\t\t<div class=\"elementor-widget-wrap elementor-element-populated\">\n\t\t\t\t\t\t<div class=\"elementor-element elementor-element-4537213 elementor-widget__width-initial elementor-widget elementor-widget-heading\" data-id=\"4537213\" data-element_type=\"widget\" data-widget_type=\"heading.default\">\n\t\t\t\t<div class=\"elementor-widget-container\">\n\t\t\t\t\t<h3 class=\"elementor-heading-title elementor-size-default\">Arbeitspaket 3 (WP3): Leitfaden und Materialien f\u00fcr die \u00d6ffentlichkeitsarbeit<\/h3>\t\t\t\t<\/div>\n\t\t\t\t<\/div>\n\t\t\t\t<div class=\"elementor-element elementor-element-2817350 elementor-widget__width-initial elementor-widget elementor-widget-text-editor\" data-id=\"2817350\" data-element_type=\"widget\" data-widget_type=\"text-editor.default\">\n\t\t\t\t<div class=\"elementor-widget-container\">\n\t\t\t\t\t\t\t\t\t<p>&#8220;Leitfaden: Schritt-f\u00fcr-Schritt-Anleitung f\u00fcr effektives Programm-Management&#8221;. Zus\u00e4tzliche E-Brosch\u00fcre: Betont die Richtlinien f\u00fcr eine breitere Zug\u00e4nglichkeit&#8221;.<\/p>\t\t\t\t\t\t\t\t<\/div>\n\t\t\t\t<\/div>\n\t\t\t\t\t<\/div>\n\t\t<\/div>\n\t\t\t\t\t<\/div>\n\t\t<\/section>\n\t\t\t\t<section class=\"elementor-section elementor-top-section elementor-element elementor-element-491ea06 elementor-section-boxed elementor-section-height-default elementor-section-height-default\" data-id=\"491ea06\" data-element_type=\"section\">\n\t\t\t\t\t\t<div class=\"elementor-container elementor-column-gap-default\">\n\t\t\t\t\t<div class=\"elementor-column elementor-col-50 elementor-top-column elementor-element elementor-element-399ddfd\" data-id=\"399ddfd\" data-element_type=\"column\">\n\t\t\t<div class=\"elementor-widget-wrap elementor-element-populated\">\n\t\t\t\t\t\t<div class=\"elementor-element elementor-element-62c38c2 elementor-hidden-tablet elementor-hidden-mobile elementor-widget elementor-widget-image\" data-id=\"62c38c2\" data-element_type=\"widget\" data-widget_type=\"image.default\">\n\t\t\t\t<div class=\"elementor-widget-container\">\n\t\t\t\t\t\t\t\t\t\t\t\t\t\t\t<img loading=\"lazy\" decoding=\"async\" width=\"1239\" height=\"1754\" src=\"https:\/\/mp4mentors.eu\/wp-content\/uploads\/2024\/12\/MP4-Mentors-Guide-GERMAN-001.jpg\" class=\"attachment-full size-full wp-image-1034\" alt=\"\" srcset=\"https:\/\/mp4mentors.eu\/wp-content\/uploads\/2024\/12\/MP4-Mentors-Guide-GERMAN-001.jpg 1239w, https:\/\/mp4mentors.eu\/wp-content\/uploads\/2024\/12\/MP4-Mentors-Guide-GERMAN-001-212x300.jpg 212w, https:\/\/mp4mentors.eu\/wp-content\/uploads\/2024\/12\/MP4-Mentors-Guide-GERMAN-001-723x1024.jpg 723w, https:\/\/mp4mentors.eu\/wp-content\/uploads\/2024\/12\/MP4-Mentors-Guide-GERMAN-001-768x1087.jpg 768w, https:\/\/mp4mentors.eu\/wp-content\/uploads\/2024\/12\/MP4-Mentors-Guide-GERMAN-001-1085x1536.jpg 1085w, https:\/\/mp4mentors.eu\/wp-content\/uploads\/2024\/12\/MP4-Mentors-Guide-GERMAN-001-8x12.jpg 8w\" sizes=\"(max-width: 1239px) 100vw, 1239px\" \/>\t\t\t\t\t\t\t\t\t\t\t\t\t\t\t<\/div>\n\t\t\t\t<\/div>\n\t\t\t\t\t<\/div>\n\t\t<\/div>\n\t\t\t\t<div class=\"elementor-column elementor-col-50 elementor-top-column elementor-element elementor-element-b559f1d\" data-id=\"b559f1d\" data-element_type=\"column\" data-settings=\"{&quot;background_background&quot;:&quot;classic&quot;}\">\n\t\t\t<div class=\"elementor-widget-wrap elementor-element-populated\">\n\t\t\t\t\t\t<div class=\"elementor-element elementor-element-975f1a5 elementor-widget elementor-widget-heading\" data-id=\"975f1a5\" data-element_type=\"widget\" data-widget_type=\"heading.default\">\n\t\t\t\t<div class=\"elementor-widget-container\">\n\t\t\t\t\t<h2 class=\"elementor-heading-title elementor-size-default\">RICHTLINIE<\/h2>\t\t\t\t<\/div>\n\t\t\t\t<\/div>\n\t\t\t\t<div class=\"elementor-element elementor-element-bdfcc71 elementor-widget elementor-widget-heading\" data-id=\"bdfcc71\" data-element_type=\"widget\" data-widget_type=\"heading.default\">\n\t\t\t\t<div class=\"elementor-widget-container\">\n\t\t\t\t\t<h5 class=\"elementor-heading-title elementor-size-default\">F\u00dcR MENTOREN UND\nKOORDINATOREN\nVON FREIWILLIGEN<\/h5>\t\t\t\t<\/div>\n\t\t\t\t<\/div>\n\t\t\t\t<div class=\"elementor-element elementor-element-b170acc elementor-widget elementor-widget-jkit_button\" data-id=\"b170acc\" data-element_type=\"widget\" data-widget_type=\"jkit_button.default\">\n\t\t\t\t<div class=\"elementor-widget-container\">\n\t\t\t\t\t<div  class=\"jeg-elementor-kit jkit-button  icon-position-before jeg_module__3_69e4a7c98219e\" ><a href=\"https:\/\/mp4mentors.eu\/wp-content\/uploads\/2024\/12\/MP4-Mentors-Guide-GERMAN.pdf\" class=\"jkit-button-wrapper\" target=\"_blank\"><i aria-hidden=\"true\" class=\"jki jki-Download-light\"><\/i>GERMAN<\/a><\/div>\t\t\t\t<\/div>\n\t\t\t\t<\/div>\n\t\t\t\t\t<\/div>\n\t\t<\/div>\n\t\t\t\t\t<\/div>\n\t\t<\/section>\n\t\t\t\t<section class=\"elementor-section elementor-top-section elementor-element elementor-element-548e7b6 elementor-section-boxed elementor-section-height-default elementor-section-height-default\" data-id=\"548e7b6\" data-element_type=\"section\">\n\t\t\t\t\t\t<div class=\"elementor-container elementor-column-gap-default\">\n\t\t\t\t\t<div class=\"elementor-column elementor-col-50 elementor-top-column elementor-element elementor-element-2bc882b\" data-id=\"2bc882b\" data-element_type=\"column\" data-settings=\"{&quot;background_background&quot;:&quot;classic&quot;}\">\n\t\t\t<div class=\"elementor-widget-wrap elementor-element-populated\">\n\t\t\t\t\t\t<div class=\"elementor-element elementor-element-4caf7e6 elementor-widget__width-initial elementor-widget elementor-widget-heading\" data-id=\"4caf7e6\" data-element_type=\"widget\" data-widget_type=\"heading.default\">\n\t\t\t\t<div class=\"elementor-widget-container\">\n\t\t\t\t\t<h3 class=\"elementor-heading-title elementor-size-default\">Arbeitspaket 4 (WP4): E-Learning-Plattform und Bewertungsinstrumente<\/h3>\t\t\t\t<\/div>\n\t\t\t\t<\/div>\n\t\t\t\t<div class=\"elementor-element elementor-element-08c7b6d elementor-widget__width-initial elementor-widget elementor-widget-text-editor\" data-id=\"08c7b6d\" data-element_type=\"widget\" data-widget_type=\"text-editor.default\">\n\t\t\t\t<div class=\"elementor-widget-container\">\n\t\t\t\t\t\t\t\t\t<p>&#8220;E-Learning-Plattform: Interaktive Module zur Verbesserung der F\u00e4higkeiten. Online-Selbstbeurteilung: Werkzeug zur kontinuierlichen Verbesserung. E-Brosch\u00fcre: Hebt Plattform und Werkzeuge f\u00fcr eine breitere Anwendung hervor&#8221;<\/p>\t\t\t\t\t\t\t\t<\/div>\n\t\t\t\t<\/div>\n\t\t\t\t<div class=\"elementor-element elementor-element-0ba4173 elementor-widget elementor-widget-jkit_button\" data-id=\"0ba4173\" data-element_type=\"widget\" data-widget_type=\"jkit_button.default\">\n\t\t\t\t<div class=\"elementor-widget-container\">\n\t\t\t\t\t<div  class=\"jeg-elementor-kit jkit-button  icon-position-before jeg_module__4_69e4a7c982ecf\" ><a href=\"https:\/\/mp4mentors.eu\/de\/courses\/course\/\" class=\"jkit-button-wrapper\" target=\"_blank\"><i aria-hidden=\"true\" class=\"jki jki-diploma-light\"><\/i><\/a><\/div>\t\t\t\t<\/div>\n\t\t\t\t<\/div>\n\t\t\t\t\t<\/div>\n\t\t<\/div>\n\t\t\t\t<div class=\"elementor-column elementor-col-50 elementor-top-column elementor-element elementor-element-6ae43e5\" data-id=\"6ae43e5\" data-element_type=\"column\">\n\t\t\t<div class=\"elementor-widget-wrap elementor-element-populated\">\n\t\t\t\t\t\t<div class=\"elementor-element elementor-element-de5eb17 elementor-hidden-tablet elementor-hidden-mobile elementor-widget elementor-widget-image\" data-id=\"de5eb17\" data-element_type=\"widget\" data-widget_type=\"image.default\">\n\t\t\t\t<div class=\"elementor-widget-container\">\n\t\t\t\t\t\t\t\t\t\t\t\t\t\t\t<img loading=\"lazy\" decoding=\"async\" width=\"454\" height=\"501\" src=\"https:\/\/mp4mentors.eu\/wp-content\/uploads\/2024\/05\/32.png\" class=\"attachment-large size-large wp-image-454\" alt=\"\" srcset=\"https:\/\/mp4mentors.eu\/wp-content\/uploads\/2024\/05\/32.png 454w, https:\/\/mp4mentors.eu\/wp-content\/uploads\/2024\/05\/32-272x300.png 272w\" sizes=\"(max-width: 454px) 100vw, 454px\" \/>\t\t\t\t\t\t\t\t\t\t\t\t\t\t\t<\/div>\n\t\t\t\t<\/div>\n\t\t\t\t\t<\/div>\n\t\t<\/div>\n\t\t\t\t\t<\/div>\n\t\t<\/section>\n\t\t\t\t<section class=\"elementor-section elementor-top-section elementor-element elementor-element-1ae0c67 elementor-section-boxed elementor-section-height-default elementor-section-height-default\" data-id=\"1ae0c67\" data-element_type=\"section\">\n\t\t\t\t\t\t<div class=\"elementor-container elementor-column-gap-default\">\n\t\t\t\t\t<div class=\"elementor-column elementor-col-100 elementor-top-column elementor-element elementor-element-5f7cb81\" data-id=\"5f7cb81\" data-element_type=\"column\" data-settings=\"{&quot;background_background&quot;:&quot;classic&quot;}\">\n\t\t\t<div class=\"elementor-widget-wrap elementor-element-populated\">\n\t\t\t\t\t\t<div class=\"elementor-element elementor-element-cbeb011 elementor-widget elementor-widget-heading\" data-id=\"cbeb011\" data-element_type=\"widget\" data-widget_type=\"heading.default\">\n\t\t\t\t<div class=\"elementor-widget-container\">\n\t\t\t\t\t<h2 class=\"elementor-heading-title elementor-size-default\">E-Brochures<\/h2>\t\t\t\t<\/div>\n\t\t\t\t<\/div>\n\t\t<div class=\"elementor-element elementor-element-1732a70 e-grid e-con-boxed e-con e-parent\" data-id=\"1732a70\" data-element_type=\"container\">\n\t\t\t\t\t<div class=\"e-con-inner\">\n\t\t\t\t<div class=\"elementor-element elementor-element-2c6609e elementor-widget elementor-widget-jkit_button\" data-id=\"2c6609e\" data-element_type=\"widget\" data-widget_type=\"jkit_button.default\">\n\t\t\t\t<div class=\"elementor-widget-container\">\n\t\t\t\t\t<div  class=\"jeg-elementor-kit jkit-button  icon-position-before jeg_module__5_69e4a7c983f96\" ><a href=\"https:\/\/mp4mentors.eu\/wp-content\/uploads\/2025\/07\/MP4Mentors-e-brochure_01.pdf\" class=\"jkit-button-wrapper\" target=\"_blank\"><i aria-hidden=\"true\" class=\"jki jki-Download-light\"><\/i>WP1<\/a><\/div>\t\t\t\t<\/div>\n\t\t\t\t<\/div>\n\t\t\t\t<div class=\"elementor-element elementor-element-195f364 elementor-widget elementor-widget-jkit_button\" data-id=\"195f364\" data-element_type=\"widget\" data-widget_type=\"jkit_button.default\">\n\t\t\t\t<div class=\"elementor-widget-container\">\n\t\t\t\t\t<div  class=\"jeg-elementor-kit jkit-button  icon-position-before jeg_module__6_69e4a7c984437\" ><a href=\"https:\/\/mp4mentors.eu\/wp-content\/uploads\/2025\/07\/MP4Mentors-E-brochure-WP2-for-social-media.pdf\" class=\"jkit-button-wrapper\" target=\"_blank\"><i aria-hidden=\"true\" class=\"jki jki-Download-light\"><\/i>WP2<\/a><\/div>\t\t\t\t<\/div>\n\t\t\t\t<\/div>\n\t\t\t\t<div class=\"elementor-element elementor-element-735d488 elementor-widget elementor-widget-jkit_button\" data-id=\"735d488\" data-element_type=\"widget\" data-widget_type=\"jkit_button.default\">\n\t\t\t\t<div class=\"elementor-widget-container\">\n\t\t\t\t\t<div  class=\"jeg-elementor-kit jkit-button  icon-position-before jeg_module__7_69e4a7c9848b6\" ><a href=\"https:\/\/mp4mentors.eu\/wp-content\/uploads\/2025\/07\/MP4Mentors_WP3_Guidelines_E-brochure-1.pdf\" class=\"jkit-button-wrapper\" target=\"_blank\"><i aria-hidden=\"true\" class=\"jki jki-Download-light\"><\/i>WP3<\/a><\/div>\t\t\t\t<\/div>\n\t\t\t\t<\/div>\n\t\t\t\t<div class=\"elementor-element elementor-element-f5f6ff3 elementor-widget elementor-widget-jkit_button\" data-id=\"f5f6ff3\" data-element_type=\"widget\" data-widget_type=\"jkit_button.default\">\n\t\t\t\t<div class=\"elementor-widget-container\">\n\t\t\t\t\t<div  class=\"jeg-elementor-kit jkit-button  icon-position-before jeg_module__8_69e4a7c984d3e\" ><a href=\"https:\/\/mp4mentors.eu\/wp-content\/uploads\/2025\/07\/MP4Mentors_WP4_e-brochure-1.pdf\" class=\"jkit-button-wrapper\" target=\"_blank\"><i aria-hidden=\"true\" class=\"jki jki-Download-light\"><\/i>WP4<\/a><\/div>\t\t\t\t<\/div>\n\t\t\t\t<\/div>\n\t\t\t\t\t<\/div>\n\t\t\t\t<\/div>\n\t\t\t\t\t<\/div>\n\t\t<\/div>\n\t\t\t\t\t<\/div>\n\t\t<\/section>\n\t\t\t\t<section class=\"elementor-section elementor-top-section elementor-element elementor-element-5b076af elementor-section-boxed elementor-section-height-default elementor-section-height-default\" data-id=\"5b076af\" data-element_type=\"section\">\n\t\t\t\t\t\t<div class=\"elementor-container elementor-column-gap-default\">\n\t\t\t\t\t<div class=\"elementor-column elementor-col-100 elementor-top-column elementor-element elementor-element-c06659c\" data-id=\"c06659c\" data-element_type=\"column\">\n\t\t\t<div class=\"elementor-widget-wrap elementor-element-populated\">\n\t\t\t\t\t\t<div class=\"elementor-element elementor-element-d02d11e elementor-widget elementor-widget-text-editor\" data-id=\"d02d11e\" data-element_type=\"widget\" data-widget_type=\"text-editor.default\">\n\t\t\t\t<div class=\"elementor-widget-container\">\n\t\t\t\t\t\t\t\t\t<p>Wir laden Sie ein, die Vielzahl der in unseren Arbeitspaketen bereitgestellten Ressourcen und Instrumente zu erkunden. Lassen Sie uns gemeinsam die F\u00e4higkeiten, die Unterst\u00fctzungssysteme und die \u00d6ffentlichkeitsarbeit f\u00fcr ehrenamtliche Mentoren und Koordinatoren in ganz Europa weiter verbessern. Unterst\u00fctzen Sie uns bei unserer Mission, Gemeinschaften zu st\u00e4rken, einen positiven Wandel zu f\u00f6rdern und eine bessere Zukunft durch die Kraft der Freiwilligenarbeit zu schaffen.<\/p>\t\t\t\t\t\t\t\t<\/div>\n\t\t\t\t<\/div>\n\t\t\t\t\t<\/div>\n\t\t<\/div>\n\t\t\t\t\t<\/div>\n\t\t<\/section>\n\t\t\t\t<\/div>","protected":false},"excerpt":{"rendered":"<p>Projekt-Ergebnisse Das Projekt MP4Mentors zielt darauf ab, greifbare und wirksame Ergebnisse zu erzielen, die zur Entwicklung von Mentoren und Koordinatoren f\u00fcr Freiwillige beitragen und letztlich die Erfahrungen junger Freiwilliger verbessern. Die Projektergebnisse werden auf der Grundlage der jeweiligen Arbeitspakete kategorisiert, um einen umfassenden Ansatz zur Deckung des ermittelten Bedarfs zu zeigen. Arbeitspaket 2 (WP2): Leitprinzipien [&hellip;]<\/p>","protected":false},"author":1,"featured_media":0,"parent":0,"menu_order":0,"comment_status":"closed","ping_status":"closed","template":"elementor_header_footer","meta":{"ngg_post_thumbnail":0,"footnotes":""},"class_list":["post-805","page","type-page","status-publish","hentry"],"_links":{"self":[{"href":"https:\/\/mp4mentors.eu\/de\/wp-json\/wp\/v2\/pages\/805","targetHints":{"allow":["GET"]}}],"collection":[{"href":"https:\/\/mp4mentors.eu\/de\/wp-json\/wp\/v2\/pages"}],"about":[{"href":"https:\/\/mp4mentors.eu\/de\/wp-json\/wp\/v2\/types\/page"}],"author":[{"embeddable":true,"href":"https:\/\/mp4mentors.eu\/de\/wp-json\/wp\/v2\/users\/1"}],"replies":[{"embeddable":true,"href":"https:\/\/mp4mentors.eu\/de\/wp-json\/wp\/v2\/comments?post=805"}],"version-history":[{"count":31,"href":"https:\/\/mp4mentors.eu\/de\/wp-json\/wp\/v2\/pages\/805\/revisions"}],"predecessor-version":[{"id":5889,"href":"https:\/\/mp4mentors.eu\/de\/wp-json\/wp\/v2\/pages\/805\/revisions\/5889"}],"wp:attachment":[{"href":"https:\/\/mp4mentors.eu\/de\/wp-json\/wp\/v2\/media?parent=805"}],"curies":[{"name":"wp","href":"https:\/\/api.w.org\/{rel}","templated":true}]}}